{"id":6732,"date":"2025-09-06T01:12:47","date_gmt":"2025-09-06T01:12:47","guid":{"rendered":"https:\/\/comitegenero.tecdmx.org.mx\/?page_id=6732"},"modified":"2025-09-06T01:12:47","modified_gmt":"2025-09-06T01:12:47","slug":"campana-unetecdmx","status":"publish","type":"page","link":"https:\/\/comitegenero.tecdmx.org.mx\/index.php\/campana-unetecdmx\/","title":{"rendered":"Campa\u00f1a #\u00daNETECDMX"},"content":{"rendered":"\n<div class=\"wp-block-columns is-layout-flex wp-container-core-columns-is-layout-4 wp-block-columns-is-layout-flex\">\n<div class=\"wp-block-column is-layout-flow wp-block-column-is-layout-flow\">\n<div class=\"wp-block-columns is-layout-flex wp-container-core-columns-is-layout-1 wp-block-columns-is-layout-flex\">\n<div class=\"wp-block-column is-layout-flow wp-block-column-is-layout-flow\">\n<figure class=\"wp-block-image size-full is-resized\"><img loading=\"lazy\" decoding=\"async\" width=\"231\" height=\"293\" src=\"https:\/\/comitegenero.tecdmx.org.mx\/wp-content\/uploads\/2025\/09\/Sin-titulo2-231-x-293-px.png\" alt=\"\" class=\"wp-image-6807\" style=\"width:133px;height:auto\" srcset=\"https:\/\/comitegenero.tecdmx.org.mx\/wp-content\/uploads\/2025\/09\/Sin-titulo2-231-x-293-px-138x175.png 138w, https:\/\/comitegenero.tecdmx.org.mx\/wp-content\/uploads\/2025\/09\/Sin-titulo2-231-x-293-px.png 231w\" sizes=\"(max-width: 231px) 100vw, 231px\" \/><figcaption class=\"wp-element-caption\">Gu\u00eda de Orientaci\u00f3n del TECDMX para la Protecci\u00f3n de los Derechos Pol\u00edtico-Electorales de las Mujeres<\/figcaption><\/figure>\n<\/div>\n\n\n\n<div class=\"wp-block-column is-layout-flow wp-block-column-is-layout-flow\"><\/div>\n<\/div>\n<\/div>\n\n\n\n<div class=\"wp-block-column is-layout-flow wp-block-column-is-layout-flow\">\n<div class=\"wp-block-columns is-layout-flex wp-container-core-columns-is-layout-2 wp-block-columns-is-layout-flex\">\n<div class=\"wp-block-column is-layout-flow wp-block-column-is-layout-flow\"><div class=\"wp-block-image\">\n<figure class=\"alignleft size-large is-resized\"><a href=\"https:\/\/comitegenero.tecdmx.org.mx\/wp-content\/uploads\/2020\/04\/Guia_02.pdf\" target=\"_blank\" rel=\"noreferrer noopener\"><img loading=\"lazy\" decoding=\"async\" width=\"445\" height=\"350\" src=\"https:\/\/comitegenero.tecdmx.org.mx\/wp-content\/uploads\/2025\/07\/Guia_2-2-445x350.png\" alt=\"\" class=\"wp-image-6733\" style=\"width:253px;height:auto\" srcset=\"https:\/\/comitegenero.tecdmx.org.mx\/wp-content\/uploads\/2025\/07\/Guia_2-2-222x175.png 222w, https:\/\/comitegenero.tecdmx.org.mx\/wp-content\/uploads\/2025\/07\/Guia_2-2-445x350.png 445w, https:\/\/comitegenero.tecdmx.org.mx\/wp-content\/uploads\/2025\/07\/Guia_2-2.png 489w\" sizes=\"(max-width: 445px) 100vw, 445px\" \/><\/a><figcaption class=\"wp-element-caption\">Gu\u00eda de Orientaci\u00f3n del TECDMX para la Protecci\u00f3n de los Derechos Pol\u00edtico-Electorales de las Mujeres<\/figcaption><\/figure><\/div><\/div>\n\n\n\n<div class=\"wp-block-column is-layout-flow wp-block-column-is-layout-flow\"><\/div>\n<\/div>\n<\/div>\n\n\n\n<div class=\"wp-block-column is-layout-flow wp-block-column-is-layout-flow\">\n<div class=\"wp-block-columns is-layout-flex wp-container-core-columns-is-layout-3 wp-block-columns-is-layout-flex\">\n<div class=\"wp-block-column is-layout-flow wp-block-column-is-layout-flow\"><div class=\"wp-block-image\">\n<figure class=\"alignleft size-full is-resized\"><a href=\"https:\/\/comitegenero.tecdmx.org.mx\/wp-content\/uploads\/2020\/04\/Guia_03.pdf\" target=\"_blank\" rel=\"noreferrer noopener\"><img loading=\"lazy\" decoding=\"async\" width=\"471\" height=\"314\" src=\"https:\/\/comitegenero.tecdmx.org.mx\/wp-content\/uploads\/2025\/07\/Guia_3-edited.png\" alt=\"\" class=\"wp-image-6737\" style=\"width:303px;height:auto\" srcset=\"https:\/\/comitegenero.tecdmx.org.mx\/wp-content\/uploads\/2025\/07\/Guia_3-edited-263x175.png 263w, https:\/\/comitegenero.tecdmx.org.mx\/wp-content\/uploads\/2025\/07\/Guia_3-edited.png 471w\" sizes=\"(max-width: 471px) 100vw, 471px\" \/><\/a><figcaption class=\"wp-element-caption\">Gu\u00eda de Orientaci\u00f3n del TECDMX para la Protecci\u00f3n de los Derechos Pol\u00edtico-Electorales de las Mujeres<\/figcaption><\/figure><\/div><\/div>\n\n\n\n<div class=\"wp-block-column is-layout-flow wp-block-column-is-layout-flow\"><\/div>\n<\/div>\n<\/div>\n<\/div>\n","protected":false},"excerpt":{"rendered":"","protected":false},"author":3,"featured_media":0,"parent":0,"menu_order":0,"comment_status":"closed","ping_status":"closed","template":"","meta":{"_exactmetrics_skip_tracking":false,"_exactmetrics_sitenote_active":false,"_exactmetrics_sitenote_note":"","_exactmetrics_sitenote_category":0,"footnotes":""},"_links":{"self":[{"href":"https:\/\/comitegenero.tecdmx.org.mx\/index.php\/wp-json\/wp\/v2\/pages\/6732"}],"collection":[{"href":"https:\/\/comitegenero.tecdmx.org.mx\/index.php\/wp-json\/wp\/v2\/pages"}],"about":[{"href":"https:\/\/comitegenero.tecdmx.org.mx\/index.php\/wp-json\/wp\/v2\/types\/page"}],"author":[{"embeddable":true,"href":"https:\/\/comitegenero.tecdmx.org.mx\/index.php\/wp-json\/wp\/v2\/users\/3"}],"replies":[{"embeddable":true,"href":"https:\/\/comitegenero.tecdmx.org.mx\/index.php\/wp-json\/wp\/v2\/comments?post=6732"}],"version-history":[{"count":7,"href":"https:\/\/comitegenero.tecdmx.org.mx\/index.php\/wp-json\/wp\/v2\/pages\/6732\/revisions"}],"predecessor-version":[{"id":6813,"href":"https:\/\/comitegenero.tecdmx.org.mx\/index.php\/wp-json\/wp\/v2\/pages\/6732\/revisions\/6813"}],"wp:attachment":[{"href":"https:\/\/comitegenero.tecdmx.org.mx\/index.php\/wp-json\/wp\/v2\/media?parent=6732"}],"curies":[{"name":"wp","href":"https:\/\/api.w.org\/{rel}","templated":true}]}}