{"id":6685,"date":"2025-07-15T23:45:50","date_gmt":"2025-07-15T23:45:50","guid":{"rendered":"https:\/\/comitegenero.tecdmx.org.mx\/?page_id=6685"},"modified":"2025-07-15T23:45:50","modified_gmt":"2025-07-15T23:45:50","slug":"6685-2","status":"publish","type":"page","link":"https:\/\/comitegenero.tecdmx.org.mx\/index.php\/6685-2\/","title":{"rendered":""},"content":{"rendered":"\n<div class=\"wp-block-columns is-layout-flex wp-container-core-columns-is-layout-1 wp-block-columns-is-layout-flex\">\n<div class=\"wp-block-column is-layout-flow wp-block-column-is-layout-flow\" style=\"flex-basis:25%\">\n<div class=\"wp-block-buttons is-layout-flex wp-block-buttons-is-layout-flex\">\n<div class=\"wp-block-button\"><a class=\"wp-block-button__link wp-element-button\">Mecanismos de cultura democr\u00e1tica del TECDMX<\/a><\/div>\n\n\n\n<div class=\"wp-block-button\"><a class=\"wp-block-button__link wp-element-button\">Publicaciones en materia de derechos humanos y g\u00e9nero<\/a><\/div>\n<\/div>\n<\/div>\n\n\n\n<div class=\"wp-block-column is-layout-flow wp-block-column-is-layout-flow\" style=\"flex-basis:50%\">\n<div class=\"wp-block-buttons is-layout-flex wp-block-buttons-is-layout-flex\">\n<div class=\"wp-block-button\"><a class=\"wp-block-button__link wp-element-button\">Campa\u00f1a #\u00daNETECDMX<\/a><\/div>\n\n\n\n<div class=\"wp-block-button\"><a class=\"wp-block-button__link wp-element-button\">Gu\u00edas formativas<\/a><\/div>\n<\/div>\n<\/div>\n\n\n\n<div class=\"wp-block-column is-layout-flow wp-block-column-is-layout-flow\" style=\"flex-basis:25%\">\n<div class=\"wp-block-buttons is-layout-flex wp-block-buttons-is-layout-flex\">\n<div class=\"wp-block-button\"><a class=\"wp-block-button__link wp-element-button\">Campa\u00f1a de transversalizaci\u00f3n Re-acci\u00f3n por la igualdad y los derechos<\/a><\/div>\n<\/div>\n<\/div>\n<\/div>\n\n\n\n<hr class=\"wp-block-separator has-alpha-channel-opacity\"\/>\n\n\n\n\n<!DOCTYPE html>\n<html lang=\"es\">\n<head>\n    <meta charset=\"UTF-8\">\n    <meta name=\"viewport\" content=\"width=device-width, initial-scale=1.0\">\n    <title>Listado de Acorde\u00f3n<\/title>\n    <style>\n        .panel1 {\n            display: none;\n            padding: 10px;\n            background-color: #f1f1f1;\n        }\n        button {\n            width: 100%;\n            padding: 10px;\n            background-color: #0a2241;\n            border: none;\n            text-align: left;\n            font-size: 18px;\n            cursor: pointer;\n        }\n        button:hover {\n            background-color: #ddd;\n        }\n    <\/style>\n<\/head>\n<body>\n\n    <button onclick=\"togglePanel('panel1')\">Campa\u00f1a #UNETECDMX<\/button>\n    <div id=\"panel1\" class=\"panel1\">\n        <a href=\"https:\/\/comitegenero.tecdmx.org.mx\/wp-content\/uploads\/2025\/07\/Postal6-_29012025.jpg\" target=\"_blank\" rel=\"noopener\">Presidencia<\/a><br>\n        \n    <\/div>\n\n   <\/body>\n<\/html>\n\n","protected":false},"excerpt":{"rendered":"<p>Listado de Acorde\u00f3n Campa\u00f1a #UNETECDMX Presidencia<\/p>\n","protected":false},"author":3,"featured_media":0,"parent":0,"menu_order":0,"comment_status":"closed","ping_status":"closed","template":"","meta":{"_exactmetrics_skip_tracking":false,"_exactmetrics_sitenote_active":false,"_exactmetrics_sitenote_note":"","_exactmetrics_sitenote_category":0,"footnotes":""},"_links":{"self":[{"href":"https:\/\/comitegenero.tecdmx.org.mx\/index.php\/wp-json\/wp\/v2\/pages\/6685"}],"collection":[{"href":"https:\/\/comitegenero.tecdmx.org.mx\/index.php\/wp-json\/wp\/v2\/pages"}],"about":[{"href":"https:\/\/comitegenero.tecdmx.org.mx\/index.php\/wp-json\/wp\/v2\/types\/page"}],"author":[{"embeddable":true,"href":"https:\/\/comitegenero.tecdmx.org.mx\/index.php\/wp-json\/wp\/v2\/users\/3"}],"replies":[{"embeddable":true,"href":"https:\/\/comitegenero.tecdmx.org.mx\/index.php\/wp-json\/wp\/v2\/comments?post=6685"}],"version-history":[{"count":5,"href":"https:\/\/comitegenero.tecdmx.org.mx\/index.php\/wp-json\/wp\/v2\/pages\/6685\/revisions"}],"predecessor-version":[{"id":6692,"href":"https:\/\/comitegenero.tecdmx.org.mx\/index.php\/wp-json\/wp\/v2\/pages\/6685\/revisions\/6692"}],"wp:attachment":[{"href":"https:\/\/comitegenero.tecdmx.org.mx\/index.php\/wp-json\/wp\/v2\/media?parent=6685"}],"curies":[{"name":"wp","href":"https:\/\/api.w.org\/{rel}","templated":true}]}}