{"id":6534,"date":"2025-03-18T18:24:26","date_gmt":"2025-03-18T18:24:26","guid":{"rendered":"https:\/\/comitegenero.tecdmx.org.mx\/?page_id=6534"},"modified":"2025-03-18T18:24:26","modified_gmt":"2025-03-18T18:24:26","slug":"cedulas-informativas-de-atencion-a-personas-pertenecientes-a-la-poblacion-de-atencion-prioritaria-2024","status":"publish","type":"page","link":"https:\/\/comitegenero.tecdmx.org.mx\/index.php\/cedulas-informativas-de-atencion-a-personas-pertenecientes-a-la-poblacion-de-atencion-prioritaria-2024\/","title":{"rendered":"C\u00e9dulas Informativas de Atenci\u00f3n a Personas pertenecientes a la Poblaci\u00f3n de Atenci\u00f3n Prioritaria 2024"},"content":{"rendered":"\n<ul>\n<li><a href=\"https:\/\/comitegenero.tecdmx.org.mx\/wp-content\/uploads\/2024\/11\/Enero.pdf\" target=\"_blank\" rel=\"noreferrer noopener\">Enero<\/a><\/li>\n\n\n\n<li><a href=\"https:\/\/comitegenero.tecdmx.org.mx\/wp-content\/uploads\/2024\/11\/Cedulas_febrero_2024.pdf\" target=\"_blank\" rel=\"noreferrer noopener\">Febrero<\/a><\/li>\n\n\n\n<li><a href=\"https:\/\/comitegenero.tecdmx.org.mx\/wp-content\/uploads\/2024\/11\/Cedulas_marzo_2024.pdf\" target=\"_blank\" rel=\"noreferrer noopener\">Marzo<\/a><\/li>\n\n\n\n<li><a href=\"https:\/\/comitegenero.tecdmx.org.mx\/wp-content\/uploads\/2024\/11\/Cedulas_abril_2024.pdf\" target=\"_blank\" rel=\"noreferrer noopener\">Abril<\/a><\/li>\n\n\n\n<li><a href=\"https:\/\/comitegenero.tecdmx.org.mx\/wp-content\/uploads\/2024\/11\/Cedulas_mayo_2024.pdf\" target=\"_blank\" rel=\"noreferrer noopener\">Mayo<\/a><\/li>\n\n\n\n<li><a href=\"https:\/\/comitegenero.tecdmx.org.mx\/wp-content\/uploads\/2024\/11\/Cedulas_junio_2024.pdf\" target=\"_blank\" rel=\"noreferrer noopener\">Junio<\/a><\/li>\n\n\n\n<li><a href=\"https:\/\/comitegenero.tecdmx.org.mx\/wp-content\/uploads\/2024\/11\/Cedulas_julio_2024.pdf\" target=\"_blank\" rel=\"noreferrer noopener\">Julio<\/a><\/li>\n\n\n\n<li><a href=\"https:\/\/comitegenero.tecdmx.org.mx\/wp-content\/uploads\/2024\/11\/Cedulas_agosto_2024.pdf\" target=\"_blank\" rel=\"noreferrer noopener\">Agosto<\/a><\/li>\n\n\n\n<li><a href=\"https:\/\/comitegenero.tecdmx.org.mx\/wp-content\/uploads\/2024\/11\/Cedulas_septiembre_2024.pdf\" target=\"_blank\" rel=\"noreferrer noopener\">Septiembre<\/a><\/li>\n\n\n\n<li><a href=\"https:\/\/comitegenero.tecdmx.org.mx\/wp-content\/uploads\/2024\/11\/Cedulas_octubre_2024.pdf\" target=\"_blank\" rel=\"noreferrer noopener\">Octubre<\/a><\/li>\n\n\n\n<li><a href=\"https:\/\/comitegenero.tecdmx.org.mx\/wp-content\/uploads\/2024\/12\/formato-noviembre-2024-002.pdf\">Noviembre<\/a><\/li>\n\n\n\n<li><a href=\"https:\/\/comitegenero.tecdmx.org.mx\/wp-content\/uploads\/2025\/02\/formato-diciembre-2024-002.pdf\" target=\"_blank\" rel=\"noreferrer noopener\">Diciembre<\/a><\/li>\n<\/ul>\n","protected":false},"excerpt":{"rendered":"","protected":false},"author":6,"featured_media":0,"parent":0,"menu_order":0,"comment_status":"closed","ping_status":"closed","template":"","meta":{"_exactmetrics_skip_tracking":false,"_exactmetrics_sitenote_active":false,"_exactmetrics_sitenote_note":"","_exactmetrics_sitenote_category":0,"footnotes":""},"_links":{"self":[{"href":"https:\/\/comitegenero.tecdmx.org.mx\/index.php\/wp-json\/wp\/v2\/pages\/6534"}],"collection":[{"href":"https:\/\/comitegenero.tecdmx.org.mx\/index.php\/wp-json\/wp\/v2\/pages"}],"about":[{"href":"https:\/\/comitegenero.tecdmx.org.mx\/index.php\/wp-json\/wp\/v2\/types\/page"}],"author":[{"embeddable":true,"href":"https:\/\/comitegenero.tecdmx.org.mx\/index.php\/wp-json\/wp\/v2\/users\/6"}],"replies":[{"embeddable":true,"href":"https:\/\/comitegenero.tecdmx.org.mx\/index.php\/wp-json\/wp\/v2\/comments?post=6534"}],"version-history":[{"count":1,"href":"https:\/\/comitegenero.tecdmx.org.mx\/index.php\/wp-json\/wp\/v2\/pages\/6534\/revisions"}],"predecessor-version":[{"id":6535,"href":"https:\/\/comitegenero.tecdmx.org.mx\/index.php\/wp-json\/wp\/v2\/pages\/6534\/revisions\/6535"}],"wp:attachment":[{"href":"https:\/\/comitegenero.tecdmx.org.mx\/index.php\/wp-json\/wp\/v2\/media?parent=6534"}],"curies":[{"name":"wp","href":"https:\/\/api.w.org\/{rel}","templated":true}]}}