{"id":6517,"date":"2025-03-18T17:52:08","date_gmt":"2025-03-18T17:52:08","guid":{"rendered":"https:\/\/comitegenero.tecdmx.org.mx\/?page_id=6517"},"modified":"2025-03-18T17:52:09","modified_gmt":"2025-03-18T17:52:09","slug":"estadistica-por-genero-del-personal-que-integra-el-tribunal-electoral-de-la-ciudad-de-mexico-2024","status":"publish","type":"page","link":"https:\/\/comitegenero.tecdmx.org.mx\/index.php\/estadistica-por-genero-del-personal-que-integra-el-tribunal-electoral-de-la-ciudad-de-mexico-2024\/","title":{"rendered":"Estad\u00edstica por G\u00e9nero del Personal que Integra el Tribunal Electoral de la Ciudad de M\u00e9xico 2024"},"content":{"rendered":"\n<p><\/p>\n\n\n\n<ul>\n<li><a href=\"https:\/\/comitegenero.tecdmx.org.mx\/wp-content\/uploads\/2024\/02\/Estadistica-por-genero-Enero-2024-.pdf\">Enero<\/a><\/li>\n\n\n\n<li><a href=\"https:\/\/comitegenero.tecdmx.org.mx\/wp-content\/uploads\/2024\/03\/Estadistica-por-genero-Febrero-2024.pdf\">Feb<\/a><a href=\"https:\/\/comitegenero.tecdmx.org.mx\/wp-content\/uploads\/2024\/03\/Estadistica-por-genero-Febrero-2024.pdf\" target=\"_blank\" rel=\"noreferrer noopener\">rero<\/a><\/li>\n\n\n\n<li><a href=\"https:\/\/comitegenero.tecdmx.org.mx\/wp-content\/uploads\/2024\/12\/Estadistica-por-genero-Marzo-2024.pdf\">Marzo<\/a><\/li>\n\n\n\n<li><a href=\"https:\/\/comitegenero.tecdmx.org.mx\/wp-content\/uploads\/2024\/12\/Estadistica-por-genero-Abril-2024.pdf\">Abril<\/a><\/li>\n\n\n\n<li><a href=\"https:\/\/comitegenero.tecdmx.org.mx\/wp-content\/uploads\/2024\/12\/Estadistica-del-Personal-Mayo-2024.pdf\">Mayo<\/a><\/li>\n\n\n\n<li><a href=\"https:\/\/comitegenero.tecdmx.org.mx\/wp-content\/uploads\/2024\/12\/Estadistica-por-genero-Junio-2024.pdf\">Junio<\/a><\/li>\n\n\n\n<li><a href=\"https:\/\/comitegenero.tecdmx.org.mx\/wp-content\/uploads\/2024\/12\/Estadistica-por-genero-Julio-2024.pdf\">Julio<\/a><\/li>\n\n\n\n<li><a href=\"https:\/\/comitegenero.tecdmx.org.mx\/wp-content\/uploads\/2024\/10\/Estadistica-por-genero-Agosto-2024.pdf\" target=\"_blank\" rel=\"noreferrer noopener\">Agosto<\/a><\/li>\n\n\n\n<li><a href=\"https:\/\/comitegenero.tecdmx.org.mx\/wp-content\/uploads\/2024\/10\/Estadistica-por-genero-Septiembre-2024.pdf\" target=\"_blank\" rel=\"noreferrer noopener\">Septiembre<\/a><\/li>\n\n\n\n<li><a href=\"https:\/\/comitegenero.tecdmx.org.mx\/wp-content\/uploads\/2024\/12\/Estadistica-por-genero-Octubre-2024.pdf\">Octubre<\/a><\/li>\n\n\n\n<li><a href=\"https:\/\/comitegenero.tecdmx.org.mx\/wp-content\/uploads\/2024\/12\/Estadistica-por-genero-Noviembre-2024.pdf\" target=\"_blank\" rel=\"noreferrer noopener\">Noviembre<\/a><\/li>\n\n\n\n<li><a href=\"https:\/\/comitegenero.tecdmx.org.mx\/wp-content\/uploads\/2025\/02\/Estadistica-por-genero-Diciembre-2024.pdf\">Diciembre<\/a><\/li>\n<\/ul>\n","protected":false},"excerpt":{"rendered":"","protected":false},"author":6,"featured_media":0,"parent":0,"menu_order":0,"comment_status":"closed","ping_status":"closed","template":"","meta":{"_exactmetrics_skip_tracking":false,"_exactmetrics_sitenote_active":false,"_exactmetrics_sitenote_note":"","_exactmetrics_sitenote_category":0,"footnotes":""},"_links":{"self":[{"href":"https:\/\/comitegenero.tecdmx.org.mx\/index.php\/wp-json\/wp\/v2\/pages\/6517"}],"collection":[{"href":"https:\/\/comitegenero.tecdmx.org.mx\/index.php\/wp-json\/wp\/v2\/pages"}],"about":[{"href":"https:\/\/comitegenero.tecdmx.org.mx\/index.php\/wp-json\/wp\/v2\/types\/page"}],"author":[{"embeddable":true,"href":"https:\/\/comitegenero.tecdmx.org.mx\/index.php\/wp-json\/wp\/v2\/users\/6"}],"replies":[{"embeddable":true,"href":"https:\/\/comitegenero.tecdmx.org.mx\/index.php\/wp-json\/wp\/v2\/comments?post=6517"}],"version-history":[{"count":1,"href":"https:\/\/comitegenero.tecdmx.org.mx\/index.php\/wp-json\/wp\/v2\/pages\/6517\/revisions"}],"predecessor-version":[{"id":6518,"href":"https:\/\/comitegenero.tecdmx.org.mx\/index.php\/wp-json\/wp\/v2\/pages\/6517\/revisions\/6518"}],"wp:attachment":[{"href":"https:\/\/comitegenero.tecdmx.org.mx\/index.php\/wp-json\/wp\/v2\/media?parent=6517"}],"curies":[{"name":"wp","href":"https:\/\/api.w.org\/{rel}","templated":true}]}}