{"id":6206,"date":"2024-02-09T16:51:30","date_gmt":"2024-02-09T16:51:30","guid":{"rendered":"https:\/\/comitegenero.tecdmx.org.mx\/?page_id=6206"},"modified":"2024-02-09T16:51:31","modified_gmt":"2024-02-09T16:51:31","slug":"poblacion-que-se-tutela-sistemas-normativos-internos-2021","status":"publish","type":"page","link":"https:\/\/comitegenero.tecdmx.org.mx\/index.php\/poblacion-que-se-tutela-sistemas-normativos-internos-2021\/","title":{"rendered":"POBLACI\u00d3N QUE SE TUTELA: SISTEMAS NORMATIVOS INTERNOS 2021"},"content":{"rendered":"\n<p><a href=\"https:\/\/comitegenero.tecdmx.org.mx\/index.php\/sentencias\/\">Regresar a Sentencias&nbsp;&nbsp;<\/a><\/p>\n\n\n\n<p><strong>EXPEDIENTE:<\/strong>\u00a0<strong>TECDMX-JLDC-122\/2021<\/strong><\/p>\n\n\n\n<p><strong>POBLACI\u00d3N QUE SE TUTELA:<\/strong>\u00a0PBOCIR. COPACO. Candidaturas. Perspectiva intercultural.<\/p>\n\n\n\n<p><strong>RESUMEN DE CRITERIOS RELEVANTES<\/strong>: La Direcci\u00f3n Distrital emiti\u00f3 la constancia de asignaci\u00f3n a las personas integrantes de la COPACO, entre otras, la parte actora. Posteriormente, el Consejo General del Instituto local emiti\u00f3 el acuerdo por el que se aprob\u00f3 supletoriamente el registro de la f\u00f3rmula integrada por el actor y la ciudadana Alejandra Almaraz Flores a una candidatura sin partido para integrar el  Congreso de la Ciudad de M\u00e9xico por el principio de mayor\u00eda relativa en el Distrito Electoral Uninominal 28, en el marco del proceso local ordinario 2020-2021.<\/p>\n\n\n\n<p>Derivado de lo anterior, la Direcci\u00f3n Distrital decret\u00f3 el inicio oficioso del procedimiento para la determinaci\u00f3n de responsabilidades de las personas integrantes de las COPACO, incoado en contra del actor por la actualizaci\u00f3n de la infracci\u00f3n contenida en el art\u00edculo 131, fracci\u00f3n IV del Reglamento, a quien se emplaz\u00f3 a efecto de que manifestara lo que a su inter\u00e9s conviniera. Previos tr\u00e1mites de ley, la Direcci\u00f3n Distrital resolvi\u00f3 el procedimiento incoado en contra del actor, en el sentido de tener por acreditada la conducta que se le atribuy\u00f3 (postularse a un cargo de elecci\u00f3n popular siendo integrante de la COPACO) e imponerle a manera de sanci\u00f3n una amonestaci\u00f3n p\u00fablica.<\/p>\n\n\n\n<p>Inconforme con lo anterior, el actor promovi\u00f3 elpresente medio de impugnaci\u00f3n local, en el cual, se resolvi\u00f3 revocar la resoluci\u00f3n primigeniamente impugnada, para el efecto de que la Direcci\u00f3n Distrital emitiera una nueva, en donde se tomaran en cuenta las consideraciones formuladas por el Tribunal local en dicha sentencia, entre ellas, que el art\u00edculo 131, fracci\u00f3n IV del Reglamento deb\u00eda ser interpretado en el entendido de que la prohibici\u00f3n en ella contenida estaba dirigida a casos en donde la postulaci\u00f3n a la candidatura de que se tratara, hubiera sido realizada por un partido pol\u00edtico y no en los casos de candidaturas sin partido.<\/p>\n\n\n\n<p>Cadena impugnativa: SCM-JDC-1976\/2021.<\/p>\n\n\n\n<p><\/p>\n","protected":false},"excerpt":{"rendered":"<p>Regresar a Sentencias&nbsp;&nbsp; EXPEDIENTE:\u00a0TECDMX-JLDC-122\/2021 POBLACI\u00d3N QUE SE TUTELA:\u00a0PBOCIR. COPACO. Candidaturas. Perspectiva intercultural. RESUMEN DE CRITERIOS RELEVANTES: La Direcci\u00f3n Distrital emiti\u00f3 la constancia de asignaci\u00f3n a las personas integrantes de la COPACO, entre otras, la parte actora. Posteriormente, el Consejo General del Instituto local emiti\u00f3 el acuerdo por el que se aprob\u00f3 supletoriamente el registro de [&hellip;]<\/p>\n","protected":false},"author":6,"featured_media":0,"parent":0,"menu_order":0,"comment_status":"closed","ping_status":"closed","template":"","meta":{"_exactmetrics_skip_tracking":false,"_exactmetrics_sitenote_active":false,"_exactmetrics_sitenote_note":"","_exactmetrics_sitenote_category":0,"footnotes":""},"_links":{"self":[{"href":"https:\/\/comitegenero.tecdmx.org.mx\/index.php\/wp-json\/wp\/v2\/pages\/6206"}],"collection":[{"href":"https:\/\/comitegenero.tecdmx.org.mx\/index.php\/wp-json\/wp\/v2\/pages"}],"about":[{"href":"https:\/\/comitegenero.tecdmx.org.mx\/index.php\/wp-json\/wp\/v2\/types\/page"}],"author":[{"embeddable":true,"href":"https:\/\/comitegenero.tecdmx.org.mx\/index.php\/wp-json\/wp\/v2\/users\/6"}],"replies":[{"embeddable":true,"href":"https:\/\/comitegenero.tecdmx.org.mx\/index.php\/wp-json\/wp\/v2\/comments?post=6206"}],"version-history":[{"count":1,"href":"https:\/\/comitegenero.tecdmx.org.mx\/index.php\/wp-json\/wp\/v2\/pages\/6206\/revisions"}],"predecessor-version":[{"id":6208,"href":"https:\/\/comitegenero.tecdmx.org.mx\/index.php\/wp-json\/wp\/v2\/pages\/6206\/revisions\/6208"}],"wp:attachment":[{"href":"https:\/\/comitegenero.tecdmx.org.mx\/index.php\/wp-json\/wp\/v2\/media?parent=6206"}],"curies":[{"name":"wp","href":"https:\/\/api.w.org\/{rel}","templated":true}]}}