{"id":6160,"date":"2024-02-08T18:31:34","date_gmt":"2024-02-08T18:31:34","guid":{"rendered":"https:\/\/comitegenero.tecdmx.org.mx\/?page_id=6160"},"modified":"2024-09-18T19:46:56","modified_gmt":"2024-09-18T19:46:56","slug":"poblacion-que-se-tutela-mujeres-2023","status":"publish","type":"page","link":"https:\/\/comitegenero.tecdmx.org.mx\/index.php\/poblacion-que-se-tutela-mujeres-2023\/","title":{"rendered":"POBLACI\u00d3N QUE SE TUTELA: MUJERES 2023"},"content":{"rendered":"\n<p><a href=\"https:\/\/comitegenero.tecdmx.org.mx\/index.php\/sentencias\/\">Regresar a Sentencias&nbsp;<\/a><\/p>\n\n\n\n<p id=\"block-846d3af2-28a0-4bce-88b8-659f0daf7d51\"><strong>EXPEDIEN<\/strong><mark style=\"background-color:#ffffff\" class=\"has-inline-color has-black-color\"><strong>T<\/strong><\/mark><mark style=\"background-color:#ffffff\" class=\"has-inline-color\"><strong>E<\/strong>:<a href=\"https:\/\/comitegenero.tecdmx.org.mx\/wp-content\/uploads\/2024\/03\/TECDMX-PES-016-2023.pdf\"> <\/a><\/mark><strong><a href=\"https:\/\/comitegenero.tecdmx.org.mx\/wp-content\/uploads\/2024\/03\/TECDMX-PES-016-2023.pdf\">TECDMX-PES-016\/2023<\/a><\/strong><\/p>\n\n\n\n<p id=\"block-77fb7d96-f13d-4782-819a-fc0f06c42f43\"><strong>POBLACI\u00d3N QUE SE TUTELA:&nbsp;<\/strong>Mujeres, VPMRG en el ejercicio del cargo, Derecho parlamentario, Derecho electoral, Juzgar con perspectiva de g\u00e9nero, medidas de reparaci\u00f3n y no repetici\u00f3n, registro nacional de personas sancionadas por VPMRG.<\/p>\n\n\n\n<p><strong>RESUMEN DE CRITERIOS RELEVANTES:<\/strong>&nbsp;En este asunto una diputada denunci\u00f3 a un diputado, ambas personas del Congreso de la Ciudad de M\u00e9xico, por conductas inapropiadas en su contra, actos consistentes en violencia pol\u00edtica en contra de las mujeres por raz\u00f3n de g\u00e9nero y\/o violencia pol\u00edtica en raz\u00f3n de g\u00e9nero.<\/p>\n\n\n\n<p>Al respecto, de la valoraci\u00f3n conjunta de las pruebas y de los razonamientos expuestos, el TECDMX tuvo por acreditada la existencia de la infracci\u00f3n consistente en interacciones f\u00edsicas inapropiadas y\/o inc\u00f3modas realizados por el denunciado en perjuicio de la actora, durante el desarrollo de dos sesiones plenarias del Congreso Local, los cuales generaron en la v\u00edctima alteraciones psicol\u00f3gicas. Derivado de lo anterior, se dio vista al Congreso para que aplique la sanci\u00f3n correspondiente a partir de la calificaci\u00f3n de la misma que determin\u00f3 el TECDMX.<\/p>\n\n\n\n<p>Asimismo, una justicia social restaurativa significa tomar las medidas de reparaci\u00f3n y las garant\u00edas de no repetici\u00f3n, cuyo principal objetivo es que no se reiteren los hechos que ocasionaron la afectaci\u00f3n al derecho humano, por lo cual, se determin\u00f3 la implementaci\u00f3n de una disculpa p\u00fablica mediante un video a trav\u00e9s de su cuenta en la red social Facebook, que tenga por objeto reintegrar la dignidad de la parte quejosa; realizar y acreditar un curso o taller en materia de violencia pol\u00edtica contra las mujeres en raz\u00f3n de g\u00e9nero y; se orden\u00f3 al Instituto Electoral Local la inscripci\u00f3n de la persona denunciada en el Registro Nacional de Personas Sancionadas en Materia de Violencia Pol\u00edtica contra las Mujeres en Raz\u00f3n de G\u00e9nero del INE, por un per\u00edodo de 1 a\u00f1o identificando la conducta por la que se le infracciona. No se emiti\u00f3 pronunciamiento alguno respecto de la p\u00e9rdida del modo honesto de vivir del responsable en atenci\u00f3n a la reciente l\u00ednea jurisprudencial de la SCJN.<\/p>\n\n\n\n<p>Sentencia emitida en cumplimiento a lo ordenado en la resoluci\u00f3n: SCM-JDC-149\/2023.<\/p>\n\n\n\n<p>Cadena impugnativa: SCM-JDC-105\/2024 (revoca la sentencia del TECDMX).<\/p>\n\n\n\n<hr class=\"wp-block-separator has-alpha-channel-opacity\" id=\"block-4a5f81c5-3ec5-4dc9-baa6-f434825e2ab2\" \/>\n\n\n\n<p id=\"block-846d3af2-28a0-4bce-88b8-659f0daf7d51\"><\/p>\n","protected":false},"excerpt":{"rendered":"<p>Regresar a Sentencias&nbsp; EXPEDIENTE: TECDMX-PES-016\/2023 POBLACI\u00d3N QUE SE TUTELA:&nbsp;Mujeres, VPMRG en el ejercicio del cargo, Derecho parlamentario, Derecho electoral, Juzgar con perspectiva de g\u00e9nero, medidas de reparaci\u00f3n y no repetici\u00f3n, registro nacional de personas sancionadas por VPMRG. RESUMEN DE CRITERIOS RELEVANTES:&nbsp;En este asunto una diputada denunci\u00f3 a un diputado, ambas personas del Congreso de la [&hellip;]<\/p>\n","protected":false},"author":6,"featured_media":0,"parent":0,"menu_order":0,"comment_status":"closed","ping_status":"closed","template":"","meta":{"_exactmetrics_skip_tracking":false,"_exactmetrics_sitenote_active":false,"_exactmetrics_sitenote_note":"","_exactmetrics_sitenote_category":0,"footnotes":""},"_links":{"self":[{"href":"https:\/\/comitegenero.tecdmx.org.mx\/index.php\/wp-json\/wp\/v2\/pages\/6160"}],"collection":[{"href":"https:\/\/comitegenero.tecdmx.org.mx\/index.php\/wp-json\/wp\/v2\/pages"}],"about":[{"href":"https:\/\/comitegenero.tecdmx.org.mx\/index.php\/wp-json\/wp\/v2\/types\/page"}],"author":[{"embeddable":true,"href":"https:\/\/comitegenero.tecdmx.org.mx\/index.php\/wp-json\/wp\/v2\/users\/6"}],"replies":[{"embeddable":true,"href":"https:\/\/comitegenero.tecdmx.org.mx\/index.php\/wp-json\/wp\/v2\/comments?post=6160"}],"version-history":[{"count":7,"href":"https:\/\/comitegenero.tecdmx.org.mx\/index.php\/wp-json\/wp\/v2\/pages\/6160\/revisions"}],"predecessor-version":[{"id":6376,"href":"https:\/\/comitegenero.tecdmx.org.mx\/index.php\/wp-json\/wp\/v2\/pages\/6160\/revisions\/6376"}],"wp:attachment":[{"href":"https:\/\/comitegenero.tecdmx.org.mx\/index.php\/wp-json\/wp\/v2\/media?parent=6160"}],"curies":[{"name":"wp","href":"https:\/\/api.w.org\/{rel}","templated":true}]}}