{"id":6154,"date":"2024-02-08T18:28:06","date_gmt":"2024-02-08T18:28:06","guid":{"rendered":"https:\/\/comitegenero.tecdmx.org.mx\/?page_id=6154"},"modified":"2025-03-14T16:38:17","modified_gmt":"2025-03-14T16:38:17","slug":"poblacion-que-se-tutela-sistemas-normativos-internos-2023","status":"publish","type":"page","link":"https:\/\/comitegenero.tecdmx.org.mx\/index.php\/poblacion-que-se-tutela-sistemas-normativos-internos-2023\/","title":{"rendered":"POBLACI\u00d3N QUE SE TUTELA: SISTEMAS NORMATIVOS INTERNOS 2023"},"content":{"rendered":"\n<p><a href=\"https:\/\/comitegenero.tecdmx.org.mx\/index.php\/sentencias\/\">Regresar a Sentencias&nbsp;&nbsp;<\/a><\/p>\n\n\n\n<p><strong>EXPEDIENTE:<\/strong> <strong><a href=\"https:\/\/comitegenero.tecdmx.org.mx\/wp-content\/uploads\/2024\/09\/TECDMX_JLDC_086_2023.pdf\">TECDMX-JLDC-086\/2023<\/a><\/strong><\/p>\n\n\n\n<p><strong>POBLACI\u00d3N QUE SE TUTELA:<\/strong>&nbsp;PBOCIR.<\/p>\n\n\n\n<p><strong>RESUMEN DE CRITERIOS RELEVANTES<\/strong>: En este caso, varias personas petenencientes a los PBOCIR impugnaron el Acuerdo IECM\/ACU-CG-038\/2023,&nbsp;por el cual, el Consejo General del IECM aprob\u00f3 el&nbsp;\u201cProtocolo&nbsp;de actuaci\u00f3n para brindar apoyo en procesos electivos de pueblos y barrios originarios en la Ciudad de M\u00e9xico\u00bb.<\/p>\n\n\n\n<p>En este sentido, el TECDMX resolvi\u00f3 modificar el acuerdo impugnado (y por ende el protocolo), al considerar, esencialmente,&nbsp;de manera previa debi\u00f3 consultarse a los pueblos ind\u00edgenas y barrios originarios&nbsp;de&nbsp;las previsiones&nbsp;que&nbsp;conten\u00edan directrices de actuaci\u00f3n para tales colectivos,&nbsp;atendiendo a la posible incidencia&nbsp;en sus&nbsp;actuaciones y&nbsp;derechos; no obstante, consider\u00f3 que deb\u00edan quedar subsistentes las disposiciones en que se regul\u00f3 la actuaci\u00f3n y actividades del&nbsp;instituto local&nbsp;en la materia.<\/p>\n\n\n\n<p>Adem\u00e1s, el \u00f3rgano&nbsp;jurisdiccional local desestim\u00f3 los planteamientos por los que se solicit\u00f3 la inaplicaci\u00f3n del&nbsp;art\u00edculo 15 de la Ley de Derechos de los Pueblos,&nbsp;toda vez que&nbsp;aun y cuando se cit\u00f3 en el apartado 1.2 para sustentar el principio de&nbsp;universalidad del voto, ello no implicaba que resultara aplicable a cualquier proceso electivo para renovar \u00f3rganos consuetudinarios, precisamente porque&nbsp;el Protocolo deb\u00eda entenderse referido s\u00f3lo a los procesos electivos para la renovaci\u00f3n de autoridades que ejercen representaci\u00f3n pol\u00edtica de los pueblos y barrios originarios,&nbsp;de ah\u00ed que&nbsp;no pod\u00eda entenderse extensivo a autoridades de naturaleza&nbsp;distinta.<\/p>\n\n\n\n<p>Por \u00faltimo, se\u00f1al\u00f3 que&nbsp;al haberse&nbsp;modificado las disposiciones del Protocolo&nbsp;que involucraban derechos de los pueblos y barrios originarios,&nbsp;para el efecto de que el&nbsp;Consejo General del Instituto Electoral y de Participaci\u00f3n Ciudadana de la Ciudad de M\u00e9xico emitiera otras en las que no se incluyeran disposiciones que afecten a&nbsp;su&nbsp;habitantes&nbsp;y sus Derechos,&nbsp;resultaba innecesario realizar alg\u00fan pronunciamiento relacionado con el periodo m\u00e1ximo de duraci\u00f3n de las representaciones y la obligatoriedad de participaci\u00f3n de todos los habitantes del territorio se\u00f1alado en el art\u00edculo 15 de la Ley de Derechos de los Pueblos,&nbsp;precisamente porque al tratarse de un ordenamiento dirigido a regir la actuaci\u00f3n de la autoridad y no a establecer deberes, obligaciones ni a afectar o incidir en estos,&nbsp;se encontraba exenta de ser consultada de manera previa,&nbsp;aunado a que&nbsp;el citado art\u00edculo s\u00f3lo fue invocado como marco jur\u00eddico dentro del Protocolo.<\/p>\n\n\n\n<hr class=\"wp-block-separator has-alpha-channel-opacity\" \/>\n\n\n\n<p id=\"block-846d3af2-28a0-4bce-88b8-659f0daf7d51\"><strong>EXPEDIE<\/strong><mark style=\"background-color:#ffffff\" class=\"has-inline-color has-black-color\"><strong>NTE:<\/strong> <\/mark><strong><a href=\"https:\/\/comitegenero.tecdmx.org.mx\/wp-content\/uploads\/2025\/03\/TECDMX_PES_027_2023_CUMPL-r1-ok.pdf\" target=\"_blank\" rel=\"noreferrer noopener\">TECDMX-PES-027\/2023<\/a><\/strong><\/p>\n\n\n\n<p id=\"block-77fb7d96-f13d-4782-819a-fc0f06c42f43\"><strong>POBLACI\u00d3N QUE SE TUTELA:&nbsp;<\/strong>Mujeres, VPMRG en el ejercicio del cargo, Sistemas normativos internos, violencia pol\u00edtica contra las mujeres en raz\u00f3n de g\u00e9nero, interculturalidad, derechos humanos, perspectiva de g\u00e9nero, autoridades tradicionales, Presupuesto participativo, Amicus curiae, medidas de protecci\u00f3n y de tutela preventiva.<\/p>\n\n\n\n<p><strong>RESUMEN DE CRITERIOS RELEVANTES:<\/strong>&nbsp;<\/p>\n\n\n\n<p>En este caso se acredita la existencia de actos consistentes en Violencia Pol\u00edtica en contra de las Mujeres por Raz\u00f3n de G\u00e9nero, mediante intimidaci\u00f3n, molestia, discriminaci\u00f3n por estereotipos, violencia f\u00edsica y psicol\u00f3gica y afectaci\u00f3n en el desempe\u00f1o de del cargo en contra de la actora integrante de una autoridad tradicional y de una persona adolescente, ejercida por dos hombres en su calidad de entonces integrantes de una autoridad tradicional en el mismo pueblo originario en la demarcaci\u00f3n territorial Xochimilco.<\/p>\n\n\n\n<p>Lo anterior, en el marco de conflicto entre autoridades tradicionales, as\u00ed como, en una controversia respecto de c\u00f3mo destinar el presupuesto participativo 2022-2023 que, incluso, deriv\u00f3 en una invalidez por parte del Tribunal Local de los acuerdos realizados en una asamblea comunitaria.<\/p>\n\n\n\n<p>En cumplimiento a lo ordenado en la sentencia SCM-JDC-037\/2024<\/p>\n","protected":false},"excerpt":{"rendered":"<p>Regresar a Sentencias&nbsp;&nbsp; EXPEDIENTE: TECDMX-JLDC-086\/2023 POBLACI\u00d3N QUE SE TUTELA:&nbsp;PBOCIR. RESUMEN DE CRITERIOS RELEVANTES: En este caso, varias personas petenencientes a los PBOCIR impugnaron el Acuerdo IECM\/ACU-CG-038\/2023,&nbsp;por el cual, el Consejo General del IECM aprob\u00f3 el&nbsp;\u201cProtocolo&nbsp;de actuaci\u00f3n para brindar apoyo en procesos electivos de pueblos y barrios originarios en la Ciudad de M\u00e9xico\u00bb. En este sentido, [&hellip;]<\/p>\n","protected":false},"author":6,"featured_media":0,"parent":0,"menu_order":0,"comment_status":"closed","ping_status":"closed","template":"","meta":{"_exactmetrics_skip_tracking":false,"_exactmetrics_sitenote_active":false,"_exactmetrics_sitenote_note":"","_exactmetrics_sitenote_category":0,"footnotes":""},"_links":{"self":[{"href":"https:\/\/comitegenero.tecdmx.org.mx\/index.php\/wp-json\/wp\/v2\/pages\/6154"}],"collection":[{"href":"https:\/\/comitegenero.tecdmx.org.mx\/index.php\/wp-json\/wp\/v2\/pages"}],"about":[{"href":"https:\/\/comitegenero.tecdmx.org.mx\/index.php\/wp-json\/wp\/v2\/types\/page"}],"author":[{"embeddable":true,"href":"https:\/\/comitegenero.tecdmx.org.mx\/index.php\/wp-json\/wp\/v2\/users\/6"}],"replies":[{"embeddable":true,"href":"https:\/\/comitegenero.tecdmx.org.mx\/index.php\/wp-json\/wp\/v2\/comments?post=6154"}],"version-history":[{"count":6,"href":"https:\/\/comitegenero.tecdmx.org.mx\/index.php\/wp-json\/wp\/v2\/pages\/6154\/revisions"}],"predecessor-version":[{"id":6516,"href":"https:\/\/comitegenero.tecdmx.org.mx\/index.php\/wp-json\/wp\/v2\/pages\/6154\/revisions\/6516"}],"wp:attachment":[{"href":"https:\/\/comitegenero.tecdmx.org.mx\/index.php\/wp-json\/wp\/v2\/media?parent=6154"}],"curies":[{"name":"wp","href":"https:\/\/api.w.org\/{rel}","templated":true}]}}