{"id":6130,"date":"2024-02-06T17:56:23","date_gmt":"2024-02-06T17:56:23","guid":{"rendered":"https:\/\/comitegenero.tecdmx.org.mx\/?page_id=6130"},"modified":"2024-02-06T17:56:23","modified_gmt":"2024-02-06T17:56:23","slug":"estadisticas-genero-2023","status":"publish","type":"page","link":"https:\/\/comitegenero.tecdmx.org.mx\/index.php\/estadisticas-genero-2023\/","title":{"rendered":"Estadisticas-genero-2023"},"content":{"rendered":"\n<h1 class=\"wp-block-heading\">Estad\u00edstica por G\u00e9nero del Personal que Integra el Tribunal Electoral de la Ciudad de M\u00e9xico 2023.<\/h1>\n\n\n\n<ul>\n<li><a href=\"https:\/\/comitegenero.tecdmx.org.mx\/wp-content\/uploads\/2023\/04\/1.2-Estadistica-por-genero-Enero-2023.pdf\">Enero<\/a><\/li>\n\n\n\n<li><a href=\"https:\/\/comitegenero.tecdmx.org.mx\/wp-content\/uploads\/2023\/04\/Estadistica-por-genero-Febrero-2023.pdf\">Febrero<\/a><\/li>\n\n\n\n<li><a rel=\"noreferrer noopener\" href=\"https:\/\/comitegenero.tecdmx.org.mx\/wp-content\/uploads\/2023\/05\/Estadistica-por-genero-Marzo-2023.pdf\" target=\"_blank\">Marzo<\/a><\/li>\n\n\n\n<li><a rel=\"noreferrer noopener\" href=\"https:\/\/comitegenero.tecdmx.org.mx\/wp-content\/uploads\/2023\/06\/Estadistica_por_Genero_Abril_2023.pdf\" target=\"_blank\">Abril<\/a><\/li>\n\n\n\n<li><a href=\"https:\/\/comitegenero.tecdmx.org.mx\/wp-content\/uploads\/2023\/07\/Estadi\u0301stica_por_ge\u0301nero_Mayo_2023.pdf\">Mayo<\/a><\/li>\n\n\n\n<li><a href=\"https:\/\/comitegenero.tecdmx.org.mx\/wp-content\/uploads\/2023\/07\/Estadi\u0301stica-por-ge\u0301nero-Junio-2023.pdf\">Junio<\/a><\/li>\n\n\n\n<li><a href=\"https:\/\/comitegenero.tecdmx.org.mx\/wp-content\/uploads\/2023\/09\/Estadi\u0301stica-por-ge\u0301nero-Julio-2023.pdf\" target=\"_blank\" rel=\"noreferrer noopener\">Julio<\/a><\/li>\n\n\n\n<li><a rel=\"noreferrer noopener\" href=\"https:\/\/comitegenero.tecdmx.org.mx\/wp-content\/uploads\/2023\/09\/Estadi\u0301stica-por-ge\u0301nero-Agosto-2023-1.pdf\" target=\"_blank\">Agosto<\/a><\/li>\n\n\n\n<li><a rel=\"noreferrer noopener\" href=\"https:\/\/comitegenero.tecdmx.org.mx\/wp-content\/uploads\/2023\/10\/Estadistica-por-genero-Septiembre-2023.pdf\" target=\"_blank\">Septiembre<\/a><\/li>\n\n\n\n<li><a href=\"https:\/\/comitegenero.tecdmx.org.mx\/wp-content\/uploads\/2023\/11\/Estadistica-por-genero-Octubre-2023.pdf\" target=\"_blank\" rel=\"noreferrer noopener\">Octubre<\/a><\/li>\n\n\n\n<li><a href=\"https:\/\/comitegenero.tecdmx.org.mx\/wp-content\/uploads\/2023\/12\/Estadistica-por-genero-Noviembre-2023.pdf\">Noviembre<\/a><\/li>\n\n\n\n<li><a href=\"https:\/\/comitegenero.tecdmx.org.mx\/wp-content\/uploads\/2024\/01\/Estadistica-por-genero-Diciembre-2023.pdf\">Diciembre<\/a><\/li>\n<\/ul>\n\n\n\n<p><\/p>\n","protected":false},"excerpt":{"rendered":"<p>Estad\u00edstica por G\u00e9nero del Personal que Integra el Tribunal Electoral de la Ciudad de M\u00e9xico 2023.<\/p>\n","protected":false},"author":6,"featured_media":0,"parent":0,"menu_order":0,"comment_status":"closed","ping_status":"closed","template":"","meta":{"_exactmetrics_skip_tracking":false,"_exactmetrics_sitenote_active":false,"_exactmetrics_sitenote_note":"","_exactmetrics_sitenote_category":0,"footnotes":""},"_links":{"self":[{"href":"https:\/\/comitegenero.tecdmx.org.mx\/index.php\/wp-json\/wp\/v2\/pages\/6130"}],"collection":[{"href":"https:\/\/comitegenero.tecdmx.org.mx\/index.php\/wp-json\/wp\/v2\/pages"}],"about":[{"href":"https:\/\/comitegenero.tecdmx.org.mx\/index.php\/wp-json\/wp\/v2\/types\/page"}],"author":[{"embeddable":true,"href":"https:\/\/comitegenero.tecdmx.org.mx\/index.php\/wp-json\/wp\/v2\/users\/6"}],"replies":[{"embeddable":true,"href":"https:\/\/comitegenero.tecdmx.org.mx\/index.php\/wp-json\/wp\/v2\/comments?post=6130"}],"version-history":[{"count":1,"href":"https:\/\/comitegenero.tecdmx.org.mx\/index.php\/wp-json\/wp\/v2\/pages\/6130\/revisions"}],"predecessor-version":[{"id":6131,"href":"https:\/\/comitegenero.tecdmx.org.mx\/index.php\/wp-json\/wp\/v2\/pages\/6130\/revisions\/6131"}],"wp:attachment":[{"href":"https:\/\/comitegenero.tecdmx.org.mx\/index.php\/wp-json\/wp\/v2\/media?parent=6130"}],"curies":[{"name":"wp","href":"https:\/\/api.w.org\/{rel}","templated":true}]}}