{"id":5530,"date":"2023-04-04T22:03:35","date_gmt":"2023-04-04T22:03:35","guid":{"rendered":"https:\/\/comitegenero.tecdmx.org.mx\/?page_id=5530"},"modified":"2023-04-04T22:15:20","modified_gmt":"2023-04-04T22:15:20","slug":"estadisticas-genero-2022","status":"publish","type":"page","link":"https:\/\/comitegenero.tecdmx.org.mx\/index.php\/estadisticas-genero-2022\/","title":{"rendered":"Estadisticas-genero-2022"},"content":{"rendered":"\n<h1 class=\"wp-block-heading\">Estad\u00edstica por G\u00e9nero del Personal que Integra el Tribunal Electoral de la Ciudad de M\u00e9xico 2022.<\/h1>\n\n\n\n<ul><li><a rel=\"noreferrer noopener\" href=\"https:\/\/comitegenero.tecdmx.org.mx\/wp-content\/uploads\/2022\/02\/Estadi%CC%81stica-por-Ge%CC%81nero-Enero-2022-UEyJ.pdf\" target=\"_blank\">Enero<\/a><\/li><li><a rel=\"noreferrer noopener\" href=\"https:\/\/comitegenero.tecdmx.org.mx\/wp-content\/uploads\/2022\/03\/Estadi%CC%81stica-por-Ge%CC%81nero-Febrero-2022-UEyJ.pdf\" target=\"_blank\">Febrero<\/a><\/li><li><a rel=\"noreferrer noopener\" href=\"https:\/\/comitegenero.tecdmx.org.mx\/wp-content\/uploads\/2022\/04\/Estadi%CC%81stica-por-Ge%CC%81nero-31-Marzo-2022-UEyJ.pdf\" target=\"_blank\">Marzo<\/a><\/li><li><a rel=\"noreferrer noopener\" href=\"https:\/\/comitegenero.tecdmx.org.mx\/wp-content\/uploads\/2022\/05\/Estadi%CC%81stica-por-Ge%CC%81nero-Abril-2022-UEyJ.pdf\" target=\"_blank\">Abril<\/a><\/li><li><a rel=\"noreferrer noopener\" href=\"https:\/\/comitegenero.tecdmx.org.mx\/wp-content\/uploads\/2022\/06\/Estadistica-por-Genero-Mayo-2022-UEyJ.pdf\" target=\"_blank\">Mayo<\/a><\/li><li><a rel=\"noreferrer noopener\" href=\"https:\/\/comitegenero.tecdmx.org.mx\/wp-content\/uploads\/2022\/07\/Estadi%CC%81stica-por-Ge%CC%81nero-Junio-2022-UEyJ.pdf\" target=\"_blank\">Junio<\/a><\/li><li><a rel=\"noreferrer noopener\" href=\"https:\/\/comitegenero.tecdmx.org.mx\/wp-content\/uploads\/2023\/01\/Estadi%CC%81stica-por-Ge%CC%81nero-Julio-2022-UEyJ.pdf\" target=\"_blank\">Julio<\/a><\/li><li><a rel=\"noreferrer noopener\" href=\"https:\/\/comitegenero.tecdmx.org.mx\/wp-content\/uploads\/2022\/12\/Estadi%CC%81stica-por-Ge%CC%81nero-Agosto-2022-UEyJ.pdf\" target=\"_blank\">Agosto<\/a><\/li><li><a rel=\"noreferrer noopener\" href=\"https:\/\/comitegenero.tecdmx.org.mx\/wp-content\/uploads\/2022\/12\/Estadi%CC%81stica-por-Ge%CC%81nero-Septiembre-2022-UEyJ.pdf\" target=\"_blank\">Septiembre<\/a><\/li><li><a rel=\"noreferrer noopener\" href=\"https:\/\/comitegenero.tecdmx.org.mx\/wp-content\/uploads\/2022\/12\/Estadi%CC%81stica-por-Ge%CC%81nero-Octubre-2022-UEyJ.pdf\" target=\"_blank\">Octubre<\/a><\/li><li><a rel=\"noreferrer noopener\" href=\"https:\/\/comitegenero.tecdmx.org.mx\/wp-content\/uploads\/2023\/01\/Estadi%CC%81stica-por-Ge%CC%81nero-Noviembre-2022-UEyJ.pdf\" target=\"_blank\">Noviembre<\/a><\/li><li><a href=\"https:\/\/comitegenero.tecdmx.org.mx\/wp-content\/uploads\/2023\/04\/Estadi\u0301stica-por-Ge\u0301nero-Diciembre-2022-UEyJ.pdf\">Diciembre<\/a><\/li><\/ul>\n","protected":false},"excerpt":{"rendered":"<p>Estad\u00edstica por G\u00e9nero del Personal que Integra el Tribunal Electoral de la Ciudad de M\u00e9xico 2022. Enero Febrero Marzo Abril Mayo Junio Julio Agosto Septiembre Octubre Noviembre Diciembre<\/p>\n","protected":false},"author":3,"featured_media":0,"parent":0,"menu_order":0,"comment_status":"closed","ping_status":"closed","template":"","meta":{"_exactmetrics_skip_tracking":false,"_exactmetrics_sitenote_active":false,"_exactmetrics_sitenote_note":"","_exactmetrics_sitenote_category":0,"footnotes":""},"_links":{"self":[{"href":"https:\/\/comitegenero.tecdmx.org.mx\/index.php\/wp-json\/wp\/v2\/pages\/5530"}],"collection":[{"href":"https:\/\/comitegenero.tecdmx.org.mx\/index.php\/wp-json\/wp\/v2\/pages"}],"about":[{"href":"https:\/\/comitegenero.tecdmx.org.mx\/index.php\/wp-json\/wp\/v2\/types\/page"}],"author":[{"embeddable":true,"href":"https:\/\/comitegenero.tecdmx.org.mx\/index.php\/wp-json\/wp\/v2\/users\/3"}],"replies":[{"embeddable":true,"href":"https:\/\/comitegenero.tecdmx.org.mx\/index.php\/wp-json\/wp\/v2\/comments?post=5530"}],"version-history":[{"count":4,"href":"https:\/\/comitegenero.tecdmx.org.mx\/index.php\/wp-json\/wp\/v2\/pages\/5530\/revisions"}],"predecessor-version":[{"id":5536,"href":"https:\/\/comitegenero.tecdmx.org.mx\/index.php\/wp-json\/wp\/v2\/pages\/5530\/revisions\/5536"}],"wp:attachment":[{"href":"https:\/\/comitegenero.tecdmx.org.mx\/index.php\/wp-json\/wp\/v2\/media?parent=5530"}],"curies":[{"name":"wp","href":"https:\/\/api.w.org\/{rel}","templated":true}]}}