{"id":5211,"date":"2021-06-14T23:40:24","date_gmt":"2021-06-14T23:40:24","guid":{"rendered":"https:\/\/comitegenero.tecdmx.org.mx\/?page_id=5211"},"modified":"2024-02-09T17:15:58","modified_gmt":"2024-02-09T17:15:58","slug":"poblacion-que-se-tutela-sistemas-normativos-internos-2017","status":"publish","type":"page","link":"https:\/\/comitegenero.tecdmx.org.mx\/index.php\/poblacion-que-se-tutela-sistemas-normativos-internos-2017\/","title":{"rendered":"POBLACI\u00d3N QUE SE TUTELA: SISTEMAS NORMATIVOS INTERNOS 2017"},"content":{"rendered":"\n<p><a href=\"https:\/\/comitegenero.tecdmx.org.mx\/index.php\/sentencias\/\">Regresar a Sentencias \u2196&nbsp;<\/a><\/p>\n\n\n\n<p><strong>EXPEDIENTE:<\/strong> <strong><a rel=\"noreferrer noopener\" href=\"https:\/\/comitegenero.tecdmx.org.mx\/wp-content\/uploads\/2018\/12\/JLDC-PUEBLOS-DE-XOCHIMILCO.pdf\" target=\"_blank\">TEDF-JLDC-013\/2017 y acumulados.<\/a> <\/strong><\/p>\n\n\n\n<p><strong>POBLACI\u00d3N QUE SE TUTELA: <\/strong>PBOCIR. Libre autodeterminaci\u00f3n. Consulta ind\u00edgena. Perspectiva de interculturalidad.<\/p>\n\n\n\n<p><strong>RESUMEN DE CRITERIOS RELEVANTES:<\/strong>  En la elecci\u00f3n de las Coordinaciones Territoriales que representaran a los pueblos originarios del entonces Distrito Federal (ahora CDMX) es de observancia obligatoria para las Delegaciones (actualmente Alcald\u00edas) su derecho de consulta previa, libre e informada para conocer sus m\u00e9todos de elecci\u00f3n a fin de respetar su derecho de autogobierno, derivado de su derecho de libre determinaci\u00f3n, caso contrario, se contravendr\u00eda lo establecido en el art\u00edculo 2 de la Constituci\u00f3n Federal.<\/p>\n\n\n\n<p>En la presente se analizan los principios y los par\u00e1metros y efectos que la Sala Superior ha determinado en la tesis LXXXVII\/2015 de rubro: \u201cCONSULTA PREVIA A COMUNIDADES IND\u00cdGENAS. REQUISITOS DE VALIDEZ DE LA REALIZADA POR AUTORIDAD ADMINISTRATIVA ELECTORAL, CUANDO EMITA ACTOS SUSCEPTIBLES DE AFECTAR SUS DERECHOS\u201d.<\/p>\n\n\n\n<p>Es de observancia obligatoria para el Consejo General del Instituto Electoral de la CDMX, las propuestas hechas por los Pueblos y Barrios originarios, as\u00ed como de las Comunidades Ind\u00edgenas en la Ciudad de M\u00e9xico, cuando se realice delimitaci\u00f3n territorial de las circunscripciones capitalinas y esto, les afecte en sus derechos territoriales emergidos de su derecho de libre determinaci\u00f3n.  <\/p>\n\n\n\n<hr class=\"wp-block-separator has-css-opacity\" \/>\n\n\n\n<p><strong>EXPEDIENTE:<\/strong>  <a rel=\"noreferrer noopener\" aria-label=\" (se abre en una nueva pesta\u00f1a)\" href=\"https:\/\/comitegenero.tecdmx.org.mx\/wp-content\/uploads\/2020\/02\/tecdmx-jldc-586-2017-y-acumulado.docx\" target=\"_blank\"><strong>SENTENCIA TECDMX-JLDC-586\/2017 Y ACUMULADO TECDMX-JLCD-587\/2017.<\/strong><\/a><\/p>\n\n\n\n<p><strong>POBLACI\u00d3N QUE SE TUTELA:<\/strong> PBOCIR.<\/p>\n\n\n\n<p><strong>RESUMEN DE CRITERIOS RELEVANTES:<\/strong> En esta sentencia, se controvirtieron las respuestas que la autoridad responsable emiti\u00f3 respecto de:<\/p>\n\n\n\n<p>a) La forma de garantizar la participaci\u00f3n pol\u00edtica de los\nPBOCI en el proceso electoral local ordinario 2017-2018.<\/p>\n\n\n\n<p>b) De qu\u00e9 forma garantizar la situaci\u00f3n de contar con representantes\nind\u00edgenas como candidatos\/as externos\/as para diputaciones y,<\/p>\n\n\n\n<p>c) Que se realizar\u00e1 una consulta a los PBOCI para abordar los\ntemas anteriores.<\/p>\n\n\n\n<p>d) El establecimiento de un mecanismo para el registro de\ncandidaturas sin partido, de ciudadanos y ciudadanas de los PBOCI para los\ncargos de diputaciones y concejales por el principio de mayor\u00eda relativa bajo\nel esquema de usos y costumbres y que se estableciera el distrito electoral\nlocal 12, en la Delegaci\u00f3n Cuauht\u00e9moc, como distrito electoral ind\u00edgena.<\/p>\n\n\n\n<p>Al respecto, el TECDMX resolvi\u00f3:<\/p>\n\n\n\n<ul>\n<li>El sobreseimiento a lo planteado en los incisos a, b y c, debido a que la autoridad responsable dio respuesta a lo planteado.<\/li>\n\n\n\n<li>Revocar la respuesta del IECM (SECG-IECM\/0973\/2017) y ordenar la emisi\u00f3n de una nueva que se ajuste a los art\u00edculos 8 y 16 de la Constituci\u00f3n Federal.<\/li>\n\n\n\n<li>Se conmin\u00f3 al IECM para que, en futuras ocasiones ante las peticiones realizadas por la ciudadan\u00eda, cumpla con su obligaci\u00f3n de dar respuesta en un plazo breve, tal y como lo establece el art\u00edculo octavo de la Constituci\u00f3n Federal.<\/li>\n<\/ul>\n\n\n\n<p>Debido al sobreseimiento del asunto, por cuanto hace a los\nincisos a, b y c, la Magistrada Martha Alejandra Ch\u00e1vez Camarena, formul\u00f3 un\nvoto particular, en el cual, consider\u00f3 que, en los juicios en los que integrantes\nde un grupo ind\u00edgena aleguen que existe una omisi\u00f3n a una solicitud de petici\u00f3n\nen materia pol\u00edtico-electoral, no se debe considerar que la sola existencia de\nla respuesta a esa petici\u00f3n es suficiente para resolver que se dio\ncumplimiento, sino que, es necesario, el estudio de fondo de la cuesti\u00f3n\nplanteada, en raz\u00f3n de que la parte actora pertenece a un grupo social de\natenci\u00f3n prioritaria, como lo establece el art\u00edculo 11 de la CPCDMX y, por\ntanto, debe realizarse un escrutinio estricto del asunto y atenderse a la luz\nde los principios constitucionales de igualdad, no discriminaci\u00f3n\ninterculturalidad, progresividad, en el marco de la perspectiva de g\u00e9nero en el\n\u00e1mbito jurisdiccional.<\/p>\n\n\n\n<p>En raz\u00f3n de lo anterior, es necesario analizar el fondo del asunto, para conocer si la autoridad responsable realiz\u00f3 la contestaci\u00f3n de forma adecuada, pronta y expedita, considerando el marco jur\u00eddico de protecci\u00f3n de este grupo social.<\/p>\n\n\n\n<hr class=\"wp-block-separator has-alpha-channel-opacity\" \/>\n\n\n\n<p><strong><strong>EXPEDIENTE:<\/strong> <strong><a href=\"https:\/\/comitegenero.tecdmx.org.mx\/wp-content\/uploads\/2024\/02\/SENTENCIA-TECDMX-JEL-003-2017-y-TECDMX-JEL-004-2017-ACUM-PBOCIR.pdf\" target=\"_blank\" rel=\"noreferrer noopener\">TECDMX-JEL-003\/2017 y TECDMX-JEL-004\/2017 ACUMULADOS<\/a><\/strong><\/strong><\/p>\n\n\n\n<p><strong>POBLACI\u00d3N QUE SE TUTELA: <\/strong>PBOCIR. Cartograf\u00eda electoral. Perspectiva Intercultural. Consulta ind\u00edgena.<\/p>\n\n\n\n<p><strong>RESUMEN DE CRITERIOS RELEVANTES:<\/strong> En este caso,el TECDMX resolvi\u00f3 esencialmente modificarel acuerdo del IECM por el cual, aprob\u00f3 la delimitaci\u00f3n de las circunscripciones de las demarcaciones territoriales de la CDMX para la eleccion de Concejales en el Proceso Electoral 2017-2018, particularmente en la Alcvald\u00eda de Cuajimalpa.<\/p>\n\n\n\n<p>En este sentido, se orden\u00f3 al IECM realizar\u00e1 un nuevo acuerdo previa consulta libre e informada a los PBOCIR que intervieneren y, con perspectiva intercultural.<\/p>\n\n\n\n<p><\/p>\n\n\n\n<hr class=\"wp-block-separator has-css-opacity\" \/>\n\n\n\n<p><a href=\"https:\/\/comitegenero.tecdmx.org.mx\/index.php\/sentencias\/\">Regresar a Sentencias \u2196&nbsp;<\/a><\/p>\n","protected":false},"excerpt":{"rendered":"<p>Regresar a Sentencias \u2196&nbsp; EXPEDIENTE: TEDF-JLDC-013\/2017 y acumulados. POBLACI\u00d3N QUE SE TUTELA: PBOCIR. Libre autodeterminaci\u00f3n. Consulta ind\u00edgena. Perspectiva de interculturalidad. RESUMEN DE CRITERIOS RELEVANTES: En la elecci\u00f3n de las Coordinaciones Territoriales que representaran a los pueblos originarios del entonces Distrito Federal (ahora CDMX) es de observancia obligatoria para las Delegaciones (actualmente Alcald\u00edas) su derecho de [&hellip;]<\/p>\n","protected":false},"author":3,"featured_media":0,"parent":0,"menu_order":0,"comment_status":"closed","ping_status":"closed","template":"","meta":{"_exactmetrics_skip_tracking":false,"_exactmetrics_sitenote_active":false,"_exactmetrics_sitenote_note":"","_exactmetrics_sitenote_category":0,"footnotes":""},"_links":{"self":[{"href":"https:\/\/comitegenero.tecdmx.org.mx\/index.php\/wp-json\/wp\/v2\/pages\/5211"}],"collection":[{"href":"https:\/\/comitegenero.tecdmx.org.mx\/index.php\/wp-json\/wp\/v2\/pages"}],"about":[{"href":"https:\/\/comitegenero.tecdmx.org.mx\/index.php\/wp-json\/wp\/v2\/types\/page"}],"author":[{"embeddable":true,"href":"https:\/\/comitegenero.tecdmx.org.mx\/index.php\/wp-json\/wp\/v2\/users\/3"}],"replies":[{"embeddable":true,"href":"https:\/\/comitegenero.tecdmx.org.mx\/index.php\/wp-json\/wp\/v2\/comments?post=5211"}],"version-history":[{"count":5,"href":"https:\/\/comitegenero.tecdmx.org.mx\/index.php\/wp-json\/wp\/v2\/pages\/5211\/revisions"}],"predecessor-version":[{"id":6216,"href":"https:\/\/comitegenero.tecdmx.org.mx\/index.php\/wp-json\/wp\/v2\/pages\/5211\/revisions\/6216"}],"wp:attachment":[{"href":"https:\/\/comitegenero.tecdmx.org.mx\/index.php\/wp-json\/wp\/v2\/media?parent=5211"}],"curies":[{"name":"wp","href":"https:\/\/api.w.org\/{rel}","templated":true}]}}