{"id":5201,"date":"2021-06-14T23:28:26","date_gmt":"2021-06-14T23:28:26","guid":{"rendered":"https:\/\/comitegenero.tecdmx.org.mx\/?page_id=5201"},"modified":"2024-02-09T16:34:16","modified_gmt":"2024-02-09T16:34:16","slug":"poblacion-que-se-tutela-sistemas-normativos-internos-2020","status":"publish","type":"page","link":"https:\/\/comitegenero.tecdmx.org.mx\/index.php\/poblacion-que-se-tutela-sistemas-normativos-internos-2020\/","title":{"rendered":"POBLACI\u00d3N QUE SE TUTELA: SISTEMAS NORMATIVOS INTERNOS 2020"},"content":{"rendered":"\n<p><a href=\"https:\/\/comitegenero.tecdmx.org.mx\/index.php\/sentencias\/\">Regresar a Sentencias \u2196\u00a0<\/a><\/p>\n\n\n\n<p><strong>EXPEDIENTE:<\/strong> <strong><a href=\"https:\/\/comitegenero.tecdmx.org.mx\/wp-content\/uploads\/2021\/06\/TECDMX-JLDC-021-2020.pdf\" target=\"_blank\" rel=\"noreferrer noopener\">TECDMX-JLDC-021\/2020<\/a><\/strong><\/p>\n\n\n\n<p><strong>POBLACI\u00d3N QUE SE TUTELA:<\/strong>  PBOCIR. Autonom\u00eda.Perspectiva intercultural.<\/p>\n\n\n\n<p><strong>RESUMEN DE CRITERIOS RELEVANTES<\/strong>: Se impugn\u00f3 la indebida alteraci\u00f3n del mecanismo de elecci\u00f3n de las personas que integran la Junta C\u00edvica Electoral, a lo cual, el TECDMX resolvi\u00f3 ordenar al IECM y a la Alcald\u00eda Tlalpan, en coordinaci\u00f3n con las partes involucradas agoten un procedimiento de mediaci\u00f3n y\/o conciliaci\u00f3n a fin de buscar una soluci\u00f3n alternativa a la problem\u00e1tica generada con motivo de la Asamblea General Comunitaria de 1 de marzo de 2020.<\/p>\n\n\n\n<hr class=\"wp-block-separator has-css-opacity\" \/>\n\n\n\n<p><strong>EXPEDIENTE:<\/strong> <strong><a href=\"https:\/\/comitegenero.tecdmx.org.mx\/wp-content\/uploads\/2021\/06\/TECDMX-JLDC-036-2020-Y-ACUMULADOS.pdf\" target=\"_blank\" rel=\"noreferrer noopener\">TECDMX-JLDC-036\/2020 Y ACUMULADOS<\/a><\/strong><\/p>\n\n\n\n<p><strong>POBLACI\u00d3N QUE SE TUTELA:<\/strong>  PBOCIR. Autoadscripci\u00f3n. Cartograf\u00eda electoral y cultural. Acreditaci\u00f3n de constituir un PBOCIR. Perspectiva de interculturalidad.<\/p>\n\n\n\n<p><strong>RESUMEN DE CRITERIOS RELEVANTES<\/strong>: Se impugn\u00f3 el incumplimiento al deber de pronunciarse respecto a si los lugares a los que se auto adscribieron las partes actoras son pueblos y barrios originarios. Se consider\u00f3 fundado el agravio toda vez que cuando las personas habitantes de la Ciudad de M\u00e9xico se auto adscriban como ind\u00edgenas y refieran que los lugares en donde viven son Pueblos o Barrios Originarios, aun sin contar con el reconocimiento oficial del Estado, y que por ende, se les debe reconocer y aplicar los derechos colectivos que tienen los y las integrantes de los Pueblos o Barrios Originarios oficialmente reconocidos, el Instituto Electoral de la Ciudad de M\u00e9xico tiene el deber de realizar un an\u00e1lisis intercultural y exhaustivo para indagar o investigar las caracter\u00edsticas de las comunidades ind\u00edgenas o\u00a0 pueblos y barrios originarios, sus tradiciones y su sistema normativo a fin de determinar si se est\u00e1 en presencia o no de Pueblos y\/o Barrios Originarios. Se razon\u00f3 que este planteamiento deb\u00eda ser analizado a partir de la suplencia en la deficiencia de los agravios, y que las respuestas del IECM no abordaron un an\u00e1lisis intercultural.<\/p>\n\n\n\n<p><a href=\"https:\/\/comitegenero.tecdmx.org.mx\/index.php\/sentencias\/\">Regresar a Sentencias \u2196&nbsp;<\/a><\/p>\n","protected":false},"excerpt":{"rendered":"<p>Regresar a Sentencias \u2196\u00a0 EXPEDIENTE: TECDMX-JLDC-021\/2020 POBLACI\u00d3N QUE SE TUTELA: PBOCIR. Autonom\u00eda.Perspectiva intercultural. RESUMEN DE CRITERIOS RELEVANTES: Se impugn\u00f3 la indebida alteraci\u00f3n del mecanismo de elecci\u00f3n de las personas que integran la Junta C\u00edvica Electoral, a lo cual, el TECDMX resolvi\u00f3 ordenar al IECM y a la Alcald\u00eda Tlalpan, en coordinaci\u00f3n con las partes involucradas [&hellip;]<\/p>\n","protected":false},"author":3,"featured_media":0,"parent":0,"menu_order":0,"comment_status":"closed","ping_status":"closed","template":"","meta":{"_exactmetrics_skip_tracking":false,"_exactmetrics_sitenote_active":false,"_exactmetrics_sitenote_note":"","_exactmetrics_sitenote_category":0,"footnotes":""},"_links":{"self":[{"href":"https:\/\/comitegenero.tecdmx.org.mx\/index.php\/wp-json\/wp\/v2\/pages\/5201"}],"collection":[{"href":"https:\/\/comitegenero.tecdmx.org.mx\/index.php\/wp-json\/wp\/v2\/pages"}],"about":[{"href":"https:\/\/comitegenero.tecdmx.org.mx\/index.php\/wp-json\/wp\/v2\/types\/page"}],"author":[{"embeddable":true,"href":"https:\/\/comitegenero.tecdmx.org.mx\/index.php\/wp-json\/wp\/v2\/users\/3"}],"replies":[{"embeddable":true,"href":"https:\/\/comitegenero.tecdmx.org.mx\/index.php\/wp-json\/wp\/v2\/comments?post=5201"}],"version-history":[{"count":5,"href":"https:\/\/comitegenero.tecdmx.org.mx\/index.php\/wp-json\/wp\/v2\/pages\/5201\/revisions"}],"predecessor-version":[{"id":6204,"href":"https:\/\/comitegenero.tecdmx.org.mx\/index.php\/wp-json\/wp\/v2\/pages\/5201\/revisions\/6204"}],"wp:attachment":[{"href":"https:\/\/comitegenero.tecdmx.org.mx\/index.php\/wp-json\/wp\/v2\/media?parent=5201"}],"curies":[{"name":"wp","href":"https:\/\/api.w.org\/{rel}","templated":true}]}}