{"id":5198,"date":"2021-06-14T23:15:03","date_gmt":"2021-06-14T23:15:03","guid":{"rendered":"https:\/\/comitegenero.tecdmx.org.mx\/?page_id=5198"},"modified":"2024-02-08T20:02:21","modified_gmt":"2024-02-08T20:02:21","slug":"poblacion-que-se-tutela-mujeres-2016","status":"publish","type":"page","link":"https:\/\/comitegenero.tecdmx.org.mx\/index.php\/poblacion-que-se-tutela-mujeres-2016\/","title":{"rendered":"POBLACI\u00d3N QUE SE TUTELA: MUJERES 2016"},"content":{"rendered":"\n<p><a href=\"https:\/\/comitegenero.tecdmx.org.mx\/index.php\/sentencias\/\">Regresar a Sentencias \u2196\u00a0<\/a><\/p>\n\n\n\n<p><strong>EXPEDIENTE:<\/strong> <a rel=\"noreferrer noopener\" href=\"https:\/\/comitegenero.tecdmx.org.mx\/wp-content\/uploads\/2018\/08\/TEDF-JLI-004-2016.pdf\" target=\"_blank\"><strong>TEDF- JLI-004\/2016.<\/strong><\/a> <\/p>\n\n\n\n<p><strong>POBLACI\u00d3N QUE SE TUTELA:<\/strong>  Mujeres. VPMG Juicio Laboral<\/p>\n\n\n\n<p><strong>RESUMEN DE CRITERIOS RELEVANTES<\/strong>: La sola enunciaci\u00f3n de discriminaci\u00f3n, violencia y hostigamiento laboral en contra de una mujer en un juicio para dirimir conflictos laborales entre el Instituto Electoral del Distrito Federal (ahora Ciudad de M\u00e9xico) y las personas que laboran en \u00e9l, no es suficiente para acreditar que estas situaciones hayan existido y que fueran determinantes para que la mujer haya sido orillada a renunciar forzadamente a su cargo p\u00fablico, sino que a la par se deben aportar los medios probatorios para demostrar tales aseveraciones. <\/p>\n\n\n\n<p><a href=\"https:\/\/comitegenero.tecdmx.org.mx\/index.php\/sentencias\/\">Regresar a Sentencias \u2196&nbsp;<\/a><\/p>\n","protected":false},"excerpt":{"rendered":"<p>Regresar a Sentencias \u2196\u00a0 EXPEDIENTE: TEDF- JLI-004\/2016. POBLACI\u00d3N QUE SE TUTELA: Mujeres. VPMG Juicio Laboral RESUMEN DE CRITERIOS RELEVANTES: La sola enunciaci\u00f3n de discriminaci\u00f3n, violencia y hostigamiento laboral en contra de una mujer en un juicio para dirimir conflictos laborales entre el Instituto Electoral del Distrito Federal (ahora Ciudad de M\u00e9xico) y las personas que [&hellip;]<\/p>\n","protected":false},"author":3,"featured_media":0,"parent":0,"menu_order":0,"comment_status":"closed","ping_status":"closed","template":"","meta":{"_exactmetrics_skip_tracking":false,"_exactmetrics_sitenote_active":false,"_exactmetrics_sitenote_note":"","_exactmetrics_sitenote_category":0,"footnotes":""},"_links":{"self":[{"href":"https:\/\/comitegenero.tecdmx.org.mx\/index.php\/wp-json\/wp\/v2\/pages\/5198"}],"collection":[{"href":"https:\/\/comitegenero.tecdmx.org.mx\/index.php\/wp-json\/wp\/v2\/pages"}],"about":[{"href":"https:\/\/comitegenero.tecdmx.org.mx\/index.php\/wp-json\/wp\/v2\/types\/page"}],"author":[{"embeddable":true,"href":"https:\/\/comitegenero.tecdmx.org.mx\/index.php\/wp-json\/wp\/v2\/users\/3"}],"replies":[{"embeddable":true,"href":"https:\/\/comitegenero.tecdmx.org.mx\/index.php\/wp-json\/wp\/v2\/comments?post=5198"}],"version-history":[{"count":3,"href":"https:\/\/comitegenero.tecdmx.org.mx\/index.php\/wp-json\/wp\/v2\/pages\/5198\/revisions"}],"predecessor-version":[{"id":6168,"href":"https:\/\/comitegenero.tecdmx.org.mx\/index.php\/wp-json\/wp\/v2\/pages\/5198\/revisions\/6168"}],"wp:attachment":[{"href":"https:\/\/comitegenero.tecdmx.org.mx\/index.php\/wp-json\/wp\/v2\/media?parent=5198"}],"curies":[{"name":"wp","href":"https:\/\/api.w.org\/{rel}","templated":true}]}}