{"id":5195,"date":"2021-06-14T23:13:03","date_gmt":"2021-06-14T23:13:03","guid":{"rendered":"https:\/\/comitegenero.tecdmx.org.mx\/?page_id=5195"},"modified":"2024-02-08T20:13:24","modified_gmt":"2024-02-08T20:13:24","slug":"poblacion-que-se-tutela-mujeres-2017","status":"publish","type":"page","link":"https:\/\/comitegenero.tecdmx.org.mx\/index.php\/poblacion-que-se-tutela-mujeres-2017\/","title":{"rendered":"POBLACI\u00d3N QUE SE TUTELA: MUJERES 2017"},"content":{"rendered":"\n<p><a href=\"https:\/\/comitegenero.tecdmx.org.mx\/index.php\/sentencias\/\">Regresar a Sentencias \u2196\u00a0<\/a><\/p>\n\n\n\n<p id=\"block-90c06a1c-8aed-4ea7-805d-db82c0909435\"><strong>EXPEDIENTE: <a rel=\"noreferrer noopener\" href=\"https:\/\/comitegenero.tecdmx.org.mx\/wp-content\/uploads\/2018\/08\/TEDF-JEL-001-2017.pdf\" target=\"_blank\">TEDF-JEL-001\/2017.<\/a><\/strong><\/p>\n\n\n\n<p id=\"block-56949284-681c-4c7a-b8d7-7f53d12d062a\"><strong>POBLACI\u00d3N QUE SE TUTELA:<\/strong> Mujeres. VPMG<\/p>\n\n\n\n<p id=\"block-290cd868-c100-4188-9121-ab3f72754a83\"><strong>RESUMEN DE CRITERIOS RELEVANTES<\/strong>: Se consideran inexistentes y quedan sin efectos legales, la renuncia y su ratificaci\u00f3n, presentadas ante la Direcci\u00f3n Distrital para separarse del cargo de una Coordinaci\u00f3n interna de un Comit\u00e9 Ciudadano en la CDMX, cuando quienes las presenten sean mujeres y se acredite jur\u00eddicamente que fue a causa de violencia pol\u00edtica de g\u00e9nero, por discriminaci\u00f3n en raz\u00f3n de g\u00e9nero, ya que se est\u00e1 ante un despojo de un cargo p\u00fablico de representaci\u00f3n para el cual fue electa, generado por presi\u00f3n masculina, reflejada mediante insistencias, acoso y amenazas.<\/p>\n\n\n\n<p>Primer antecedente del TECDMX en materia de VPMRG.<\/p>\n\n\n\n<hr class=\"wp-block-separator has-alpha-channel-opacity\" id=\"block-a46b63c3-f7a4-402f-9ec5-8580eaa0c327\" \/>\n\n\n\n<p id=\"block-276414a8-7207-424c-a3b2-873b40a92d7a\"><strong>EXPEDIENTE:<\/strong> <strong><a rel=\"noreferrer noopener\" href=\"https:\/\/comitegenero.tecdmx.org.mx\/wp-content\/uploads\/2018\/08\/TECDMX-JLDC-048-2017.pdf\" target=\"_blank\">TECDMX-JLDC-048\/2017.<\/a><\/strong><\/p>\n\n\n\n<p id=\"block-a40c7ec2-0aeb-4751-87f7-f3877a243374\"><strong>POBLACI\u00d3N QUE SE TUTELA:<\/strong> Mujeres. VPMG<\/p>\n\n\n\n<p id=\"block-b4887297-ce94-40f1-9539-8f141bb2a526\"><strong>RESUMEN DE CRITERIOS RELEVANTES<\/strong>: La omisi\u00f3n de los partidos pol\u00edticos (en este caso MORENA) de aplicar su procedimiento interno sancionador tal cual esta establecido, tiene como consecuencias su reposici\u00f3n por falta de legalidad y la modificaci\u00f3n de las sanciones impuestas, a\u00fan y cuando versen, sobre violencia interpartidista donde alguien del g\u00e9nero masculino genere violencia en contra de alguien del g\u00e9nero femenino del mismo partido, debido al acercamiento corporal de forma lasciva en su perjuicio y por agresi\u00f3n f\u00edsica hacia su persona.<\/p>\n\n\n\n<hr class=\"wp-block-separator has-alpha-channel-opacity\" id=\"block-eead4239-a531-435f-b89c-13930a764258\" \/>\n\n\n\n<p id=\"block-75e21a5f-907c-48c3-a7a1-b507698cace7\"><strong>EXPEDIENTE:<\/strong> <a rel=\"noreferrer noopener\" href=\"https:\/\/comitegenero.tecdmx.org.mx\/wp-content\/uploads\/2018\/08\/TECDMX-JLDC-598-2017.pdf\" target=\"_blank\"><strong>TECDMX-JLDC-598\/2017.<\/strong><\/a><\/p>\n\n\n\n<p id=\"block-1caa2427-1610-40f0-8883-54142c2511b5\"><strong>POBLACI\u00d3N QUE SE TUTELA:<\/strong> Mujeres. VPMG<\/p>\n\n\n\n<p id=\"block-6b4f4d92-1952-4452-887a-871b49d4d585\"><strong>RESUMEN DE CRITERIOS RELEVANTES<\/strong>: En las denuncias de violencia pol\u00edtica contra las mujeres en raz\u00f3n de g\u00e9nero con matices de tipo sexual, la declaraci\u00f3n de la v\u00edctima constituye una prueba fundamental sobre los hechos denunciados, por lo que, no puede consider\u00e1rsele un medio probatorio insuficiente, ya que, este tipo de violencia se produce en ausencia de otras personas, conoci\u00e9ndola solo la v\u00edctima y el\/la agresor\/a, por lo que es posible que existan \u00fanicamente, leves indicios sobre su existencia; por ello, en este tipo de denuncias, la presunci\u00f3n de inocencia de el\/la agresor\/a no prevalece sobre la presunci\u00f3n de veracidad de la declaraci\u00f3n de la v\u00edctima, por lo que, para desvirtuar tal declaraci\u00f3n se necesita de una serie de diligencias e investigaciones, as\u00ed como la presentaci\u00f3n de pruebas id\u00f3neas que prueben la inocencia de el\/la agresor\/a.<\/p>\n\n\n\n<p><a href=\"https:\/\/comitegenero.tecdmx.org.mx\/index.php\/sentencias\/\">Regresar a Sentencias \u2196&nbsp;<\/a><\/p>\n\n\n\n<hr class=\"wp-block-separator has-alpha-channel-opacity\" \/>\n\n\n\n<p id=\"block-579aa1ca-46ab-4009-a3a7-57853f19c898\"><strong>EXPEDIENTE: <a href=\"https:\/\/comitegenero.tecdmx.org.mx\/wp-content\/uploads\/2018\/08\/TECDMX-JLDC-601-2017.pdf\" target=\"_blank\" rel=\"noreferrer noopener\">TECDMX-JLDC-601\/2017.<\/a><\/strong><\/p>\n\n\n\n<p id=\"block-959b9829-5edf-421d-8fa0-adf8dfc52b39\"><strong>POBLACI\u00d3N QUE SE TUTELA:<\/strong> Mujeres. Paridad<\/p>\n\n\n\n<p id=\"block-552d3a4d-47b8-42bd-aa14-24dda0b68f2d\"><strong>RESUMEN DE CRITERIOS RELEVANTES<\/strong>: Excepci\u00f3n al cumplimiento del requisito legal consistente en integrar f\u00f3rmulas con personas del mismo g\u00e9nero, cuando los ciudadanos sean aspirantes a candidatos sin partido pol\u00edtico, sin que medie violaci\u00f3n a la paridad de g\u00e9nero cuando en la f\u00f3rmula propuesta, el propietario sea hombre y la suplente sea mujer, debido a una correcta aplicaci\u00f3n del control de constitucionalidad.<\/p>\n","protected":false},"excerpt":{"rendered":"<p>Regresar a Sentencias \u2196\u00a0 EXPEDIENTE: TEDF-JEL-001\/2017. POBLACI\u00d3N QUE SE TUTELA: Mujeres. VPMG RESUMEN DE CRITERIOS RELEVANTES: Se consideran inexistentes y quedan sin efectos legales, la renuncia y su ratificaci\u00f3n, presentadas ante la Direcci\u00f3n Distrital para separarse del cargo de una Coordinaci\u00f3n interna de un Comit\u00e9 Ciudadano en la CDMX, cuando quienes las presenten sean mujeres [&hellip;]<\/p>\n","protected":false},"author":3,"featured_media":0,"parent":0,"menu_order":0,"comment_status":"closed","ping_status":"closed","template":"","meta":{"_exactmetrics_skip_tracking":false,"_exactmetrics_sitenote_active":false,"_exactmetrics_sitenote_note":"","_exactmetrics_sitenote_category":0,"footnotes":""},"_links":{"self":[{"href":"https:\/\/comitegenero.tecdmx.org.mx\/index.php\/wp-json\/wp\/v2\/pages\/5195"}],"collection":[{"href":"https:\/\/comitegenero.tecdmx.org.mx\/index.php\/wp-json\/wp\/v2\/pages"}],"about":[{"href":"https:\/\/comitegenero.tecdmx.org.mx\/index.php\/wp-json\/wp\/v2\/types\/page"}],"author":[{"embeddable":true,"href":"https:\/\/comitegenero.tecdmx.org.mx\/index.php\/wp-json\/wp\/v2\/users\/3"}],"replies":[{"embeddable":true,"href":"https:\/\/comitegenero.tecdmx.org.mx\/index.php\/wp-json\/wp\/v2\/comments?post=5195"}],"version-history":[{"count":3,"href":"https:\/\/comitegenero.tecdmx.org.mx\/index.php\/wp-json\/wp\/v2\/pages\/5195\/revisions"}],"predecessor-version":[{"id":6170,"href":"https:\/\/comitegenero.tecdmx.org.mx\/index.php\/wp-json\/wp\/v2\/pages\/5195\/revisions\/6170"}],"wp:attachment":[{"href":"https:\/\/comitegenero.tecdmx.org.mx\/index.php\/wp-json\/wp\/v2\/media?parent=5195"}],"curies":[{"name":"wp","href":"https:\/\/api.w.org\/{rel}","templated":true}]}}