{"id":5153,"date":"2021-06-14T22:10:11","date_gmt":"2021-06-14T22:10:11","guid":{"rendered":"https:\/\/comitegenero.tecdmx.org.mx\/?page_id=5153"},"modified":"2025-09-08T20:38:39","modified_gmt":"2025-09-08T20:38:39","slug":"sentencias","status":"publish","type":"page","link":"https:\/\/comitegenero.tecdmx.org.mx\/index.php\/sentencias\/","title":{"rendered":"SENTENCIAS"},"content":{"rendered":"\n<h2 class=\"wp-block-heading\"><span style=\"color:#6b1065\" class=\"has-inline-color\">MUJERES<\/span><\/h2>\n\n\n\n<ul>\n<li><a href=\"https:\/\/comitegenero.tecdmx.org.mx\/index.php\/poblacion-que-se-tutela-mujeres-2025\/\" target=\"_blank\" rel=\"noreferrer noopener\"><strong>2025<\/strong><\/a><\/li>\n\n\n\n<li><strong><a href=\"https:\/\/comitegenero.tecdmx.org.mx\/index.php\/poblacion-que-se-tutela-mujeres-2024\/\" target=\"_blank\" rel=\"noreferrer noopener\">2024<\/a><\/strong><\/li>\n\n\n\n<li><strong><span style=\"color:#6b1065\" class=\"has-inline-color\"><a href=\"https:\/\/comitegenero.tecdmx.org.mx\/index.php\/poblacion-que-se-tutela-mujeres-2023\/\" target=\"_blank\" rel=\"noreferrer noopener\">2023<\/a><\/span><\/strong><\/li>\n\n\n\n<li><strong><span style=\"color:#6b1065\" class=\"has-inline-color\"><a href=\"https:\/\/comitegenero.tecdmx.org.mx\/index.php\/poblacion-que-se-tutela-mujeres-2022\/\" target=\"_blank\" rel=\"noreferrer noopener\">2022<\/a><\/span><\/strong><\/li>\n\n\n\n<li><strong><a rel=\"noreferrer noopener\" href=\"https:\/\/comitegenero.tecdmx.org.mx\/index.php\/sentencias-2021\/\" target=\"_blank\"><span style=\"color:#6b1065\" class=\"has-inline-color\">2021<\/span><\/a><\/strong><\/li>\n\n\n\n<li><strong><a rel=\"noreferrer noopener\" href=\"https:\/\/comitegenero.tecdmx.org.mx\/index.php\/sentencias-2020\/\" target=\"_blank\"><span style=\"color:#6b1065\" class=\"has-inline-color\">2020<\/span><\/a><\/strong><\/li>\n\n\n\n<li><strong><a rel=\"noreferrer noopener\" href=\"https:\/\/comitegenero.tecdmx.org.mx\/index.php\/poblacion-que-se-tutela-mujeres-2019\/\" target=\"_blank\"><span style=\"color:#6b1065\" class=\"has-inline-color\">2019<\/span><\/a><\/strong><\/li>\n\n\n\n<li><strong><a rel=\"noreferrer noopener\" href=\"https:\/\/comitegenero.tecdmx.org.mx\/index.php\/poblacion-que-se-tutela-mujeres-2018\/\" target=\"_blank\"><span style=\"color:#6b1065\" class=\"has-inline-color\">2018<\/span><\/a><\/strong><\/li>\n\n\n\n<li><strong><a rel=\"noreferrer noopener\" href=\"https:\/\/comitegenero.tecdmx.org.mx\/index.php\/poblacion-que-se-tutela-mujeres-2017\/\" target=\"_blank\"><span style=\"color:#6b1065\" class=\"has-inline-color\">2017<\/span><\/a><\/strong><\/li>\n\n\n\n<li><strong><a rel=\"noreferrer noopener\" href=\"https:\/\/comitegenero.tecdmx.org.mx\/index.php\/poblacion-que-se-tutela-mujeres-2016\/\" target=\"_blank\"><span style=\"color:#6b1065\" class=\"has-inline-color\">2016<\/span><\/a><\/strong><\/li>\n<\/ul>\n\n\n\n<div style=\"height:25px\" aria-hidden=\"true\" class=\"wp-block-spacer\"><\/div>\n\n\n\n<h2 class=\"wp-block-heading\"><span style=\"color:#6b1065\" class=\"has-inline-color\">SISTEMAS NORMATIVOS INTERNOS<\/span><\/h2>\n\n\n\n<ul>\n<li><strong><a href=\"https:\/\/comitegenero.tecdmx.org.mx\/index.php\/poblacion-que-se-tutela-sistemas-normativos-internos-2025\/\" target=\"_blank\" rel=\"noreferrer noopener\">2025<\/a><\/strong><\/li>\n\n\n\n<li><a href=\"https:\/\/comitegenero.tecdmx.org.mx\/index.php\/poblacion-que-se-tutela-sistemas-normativos-internos-2024\/\" target=\"_blank\" rel=\"noreferrer noopener\"><strong>2024<\/strong><\/a><\/li>\n\n\n\n<li><strong><span style=\"color:#6b1065\" class=\"has-inline-color\"><a href=\"https:\/\/comitegenero.tecdmx.org.mx\/index.php\/poblacion-que-se-tutela-sistemas-normativos-internos-2023\/\" target=\"_blank\" rel=\"noreferrer noopener\">2023<\/a><\/span><\/strong><\/li>\n\n\n\n<li><strong><span style=\"color:#6b1065\" class=\"has-inline-color\"><a href=\"https:\/\/comitegenero.tecdmx.org.mx\/index.php\/poblacion-que-se-tutela-sistemas-normativos-internos-2022\/\" target=\"_blank\" rel=\"noreferrer noopener\">2022<\/a><\/span><\/strong><\/li>\n\n\n\n<li><a href=\"https:\/\/comitegenero.tecdmx.org.mx\/index.php\/poblacion-que-se-tutela-sistemas-normativos-internos-2021\/\" target=\"_blank\" rel=\"noreferrer noopener\"><strong>2021<\/strong><\/a><\/li>\n\n\n\n<li><strong><a rel=\"noreferrer noopener\" href=\"https:\/\/comitegenero.tecdmx.org.mx\/index.php\/poblacion-que-se-tutela-sistemas-normativos-internos-2020\/\" target=\"_blank\"><span style=\"color:#6b1065\" class=\"has-inline-color\">2020<\/span><\/a><\/strong><\/li>\n\n\n\n<li><strong><a href=\"https:\/\/comitegenero.tecdmx.org.mx\/index.php\/poblacion-que-se-tutela-sistemas-normativos-internos-2018\/\" target=\"_blank\" rel=\"noreferrer noopener\"><span style=\"color:#6b1065\" class=\"has-inline-color\">2018<\/span><\/a><\/strong><\/li>\n\n\n\n<li><strong><a href=\"https:\/\/comitegenero.tecdmx.org.mx\/index.php\/poblacion-que-se-tutela-sistemas-normativos-internos-2017-2\/\" target=\"_blank\" rel=\"noreferrer noopener\"><mark style=\"background-color:#ffffff\" class=\"has-inline-color has-vivid-cyan-blue-color\">2017<\/mark><\/a><\/strong><\/li>\n<\/ul>\n\n\n\n<div style=\"height:25px\" aria-hidden=\"true\" class=\"wp-block-spacer\"><\/div>\n\n\n\n<h2 class=\"wp-block-heading\"><mark style=\"background-color:#ffffff\" class=\"has-inline-color has-black-color\">PERSONAS J\u00d3VENES, CON DISCAPACIDAD, MIGRANTES Y OTROS GRUPOS DE ATENCI\u00d3N PRIORITARIA<\/mark><\/h2>\n\n\n\n<ul>\n<li><strong><a href=\"https:\/\/comitegenero.tecdmx.org.mx\/index.php\/personas-jovenes-con-discapacidad-migrantes-y-otros-grupos-de-atencion-prioritaria-2025\/\" target=\"_blank\" rel=\"noreferrer noopener\">2025<\/a><\/strong><\/li>\n\n\n\n<li><a href=\"https:\/\/comitegenero.tecdmx.org.mx\/index.php\/personas-jovenes-con-discapacidad-migrantes-y-otros-grupos-de-atencion-prioritaria-2024\/\" target=\"_blank\" rel=\"noreferrer noopener\"><strong>2024<\/strong><\/a><\/li>\n\n\n\n<li><strong><span style=\"color:#6b1065\" class=\"has-inline-color\"><a href=\"https:\/\/comitegenero.tecdmx.org.mx\/index.php\/personas-jovenes-con-discapacidad-migrantes-y-otros-grupos-de-atencion-prioritaria-2023\/\" target=\"_blank\" rel=\"noreferrer noopener\">2023<\/a><\/span><\/strong><\/li>\n\n\n\n<li><strong><span style=\"color:#6b1065\" class=\"has-inline-color\"><a href=\"https:\/\/comitegenero.tecdmx.org.mx\/index.php\/personas-jovenes-con-discapacidad-migrantes-y-otros-grupos-de-atencion-prioritaria-2022\/\" target=\"_blank\" rel=\"noreferrer noopener\">2022<\/a><\/span><\/strong><\/li>\n\n\n\n<li><strong><span style=\"color:#6b1065\" class=\"has-inline-color\"><a href=\"https:\/\/comitegenero.tecdmx.org.mx\/index.php\/personas-jovenes-con-discapacidad-migrantes-y-otros-grupos-de-atencion-prioritaria-2021\/\">2021<\/a><\/span><\/strong><\/li>\n\n\n\n<li><strong><a rel=\"noreferrer noopener\" href=\"https:\/\/comitegenero.tecdmx.org.mx\/index.php\/poblacion-que-se-tutela-personas-jovenes-con-discapacidad-migrantes-y-otros-grupos-de-atencion-prioritaria-2020\/\" target=\"_blank\"><span style=\"color:#6b1065\" class=\"has-inline-color\">2020<\/span><\/a><\/strong><\/li>\n\n\n\n<li><strong><a rel=\"noreferrer noopener\" href=\"https:\/\/comitegenero.tecdmx.org.mx\/index.php\/personas-jovenes-con-discapacidad-migrantes-y-otros-grupos-de-atencion-prioritaria-2018\/\" target=\"_blank\"><span style=\"color:#6b1065\" class=\"has-inline-color\">2018<\/span><\/a><\/strong><\/li>\n\n\n\n<li><strong><a rel=\"noreferrer noopener\" href=\"https:\/\/comitegenero.tecdmx.org.mx\/index.php\/poblacion-que-se-tutela-personas-jovenes-con-discapacidad-migrantes-y-otros-grupos-de-atencion-prioritaria-2017\/\" target=\"_blank\"><span style=\"color:#6b1065\" class=\"has-inline-color\">2017<\/span><\/a><\/strong><\/li>\n<\/ul>\n\n\n\n<div style=\"height:28px\" aria-hidden=\"true\" class=\"wp-block-spacer\"><\/div>\n\n\n\n<hr class=\"wp-block-separator has-css-opacity\" \/>\n\n\n\n<div style=\"height:28px\" aria-hidden=\"true\" class=\"wp-block-spacer\"><\/div>\n\n\n\n<h2 class=\"wp-block-heading\"><strong>JURISPRUDENCIA<\/strong><\/h2>\n\n\n\n<p> <a rel=\"noreferrer noopener\" href=\"https:\/\/sjf.scjn.gob.mx\/sjfsist\/Paginas\/tesis.aspx\" target=\"_blank\">IUS Suprema Corte de Justicia de la Naci\u00f3n<\/a> <\/p>\n\n\n\n<p> <a rel=\"noreferrer noopener\" href=\"http:\/\/sitios.te.gob.mx\/ius_electoral\/\" target=\"_blank\">IUS Tribunal Electoral del Poder Judicial de la Federaci\u00f3n<\/a> <\/p>\n\n\n\n<p> <a rel=\"noreferrer noopener\" href=\"http:\/\/sentencias.tedf.org.mx\/bdj\/inicio\" target=\"_blank\">Jurisprudencia TECDMX<\/a> <\/p>\n","protected":false},"excerpt":{"rendered":"<p>MUJERES SISTEMAS NORMATIVOS INTERNOS PERSONAS J\u00d3VENES, CON DISCAPACIDAD, MIGRANTES Y OTROS GRUPOS DE ATENCI\u00d3N PRIORITARIA JURISPRUDENCIA IUS Suprema Corte de Justicia de la Naci\u00f3n IUS Tribunal Electoral del Poder Judicial de la Federaci\u00f3n Jurisprudencia TECDMX<\/p>\n","protected":false},"author":3,"featured_media":0,"parent":0,"menu_order":0,"comment_status":"closed","ping_status":"closed","template":"","meta":{"_exactmetrics_skip_tracking":false,"_exactmetrics_sitenote_active":false,"_exactmetrics_sitenote_note":"","_exactmetrics_sitenote_category":0,"footnotes":""},"_links":{"self":[{"href":"https:\/\/comitegenero.tecdmx.org.mx\/index.php\/wp-json\/wp\/v2\/pages\/5153"}],"collection":[{"href":"https:\/\/comitegenero.tecdmx.org.mx\/index.php\/wp-json\/wp\/v2\/pages"}],"about":[{"href":"https:\/\/comitegenero.tecdmx.org.mx\/index.php\/wp-json\/wp\/v2\/types\/page"}],"author":[{"embeddable":true,"href":"https:\/\/comitegenero.tecdmx.org.mx\/index.php\/wp-json\/wp\/v2\/users\/3"}],"replies":[{"embeddable":true,"href":"https:\/\/comitegenero.tecdmx.org.mx\/index.php\/wp-json\/wp\/v2\/comments?post=5153"}],"version-history":[{"count":80,"href":"https:\/\/comitegenero.tecdmx.org.mx\/index.php\/wp-json\/wp\/v2\/pages\/5153\/revisions"}],"predecessor-version":[{"id":6820,"href":"https:\/\/comitegenero.tecdmx.org.mx\/index.php\/wp-json\/wp\/v2\/pages\/5153\/revisions\/6820"}],"wp:attachment":[{"href":"https:\/\/comitegenero.tecdmx.org.mx\/index.php\/wp-json\/wp\/v2\/media?parent=5153"}],"curies":[{"name":"wp","href":"https:\/\/api.w.org\/{rel}","templated":true}]}}