{"id":5026,"date":"2021-01-20T15:55:09","date_gmt":"2021-01-20T15:55:09","guid":{"rendered":"https:\/\/comitegenero.tecdmx.org.mx\/?page_id=5026"},"modified":"2021-01-20T15:55:09","modified_gmt":"2021-01-20T15:55:09","slug":"estadistica-por-genero-del-personal-que-integra-el-tribunal-electoral-de-la-ciudad-de-mexico-2019","status":"publish","type":"page","link":"https:\/\/comitegenero.tecdmx.org.mx\/index.php\/estadistica-por-genero-del-personal-que-integra-el-tribunal-electoral-de-la-ciudad-de-mexico-2019\/","title":{"rendered":"Estad\u00edstica por G\u00e9nero del Personal que Integra el Tribunal Electoral de la Ciudad de M\u00e9xico 2019."},"content":{"rendered":"\n<ul><li><a href=\"https:\/\/comitegenero.tecdmx.org.mx\/wp-content\/uploads\/2019\/01\/estadistica_jurisdiccional_personal_del_Tribunal.pdf\" target=\"_blank\" rel=\"noreferrer noopener\">Enero.<\/a><\/li><li><a href=\"https:\/\/comitegenero.tecdmx.org.mx\/wp-content\/uploads\/2019\/03\/Febrero.pdf\" target=\"_blank\" rel=\"noreferrer noopener\">Febrero.<\/a><\/li><li><a href=\"https:\/\/comitegenero.tecdmx.org.mx\/wp-content\/uploads\/2019\/05\/Marzo.pdf\" target=\"_blank\" rel=\"noreferrer noopener\">Marzo.<\/a><\/li><li><a href=\"https:\/\/comitegenero.tecdmx.org.mx\/wp-content\/uploads\/2019\/05\/Abril-estad%C3%ADsticas_del_personal_del_TECDMX.pdf\" target=\"_blank\" rel=\"noreferrer noopener\">Abril.<\/a><\/li><li><a href=\"https:\/\/comitegenero.tecdmx.org.mx\/wp-content\/uploads\/2019\/07\/Mayo-Estadistica_del_personal_del_TECDMX.pdf\" target=\"_blank\" rel=\"noreferrer noopener\">Mayo.<\/a><\/li><li><a href=\"https:\/\/comitegenero.tecdmx.org.mx\/wp-content\/uploads\/2019\/08\/Estadistica-G%C3%A9nero-Junio-2019.pdf\" target=\"_blank\" rel=\"noreferrer noopener\">Junio.<\/a><\/li><li><a href=\"https:\/\/comitegenero.tecdmx.org.mx\/wp-content\/uploads\/2019\/09\/Estad%C3%ADstica_Julio-2019-personal_que_labora_en_el_TECDMX.pdf\" target=\"_blank\" rel=\"noreferrer noopener\">Julio.<\/a><\/li><li><a href=\"https:\/\/comitegenero.tecdmx.org.mx\/wp-content\/uploads\/2019\/10\/ESTADISTICA_DEL_PERSONAL_QUE_LABORA_EN_EL_TECDMX_AGOSTO_2019.pdf\" target=\"_blank\" rel=\"noreferrer noopener\">Agosto.<\/a><\/li><li><a href=\"https:\/\/comitegenero.tecdmx.org.mx\/wp-content\/uploads\/2019\/11\/ESTADISTICA_DEL_PERSONAL_QUE_LABORA_EN_EL_TECDMX_SEPTIEMBRE_2019.pdf\" target=\"_blank\" rel=\"noreferrer noopener\">Septiembre.<\/a><\/li><li><a href=\"https:\/\/comitegenero.tecdmx.org.mx\/wp-content\/uploads\/2019\/11\/ESTADISTICA_DEL_PERSONAL_QUE_LABORA_EN_EL_TECDMX_OCTUBRE_2019.pdf\" target=\"_blank\" rel=\"noreferrer noopener\">Octubre.<\/a><\/li><li><a href=\"https:\/\/comitegenero.tecdmx.org.mx\/wp-content\/uploads\/2020\/01\/ESTADISTICA_DEL_PERSONAL_QUE_LABORA_EN_EL_TECDMX_NOVIEMBRE_2019.pdf\" target=\"_blank\" rel=\"noreferrer noopener\">Noviembre.<\/a><\/li><li><a href=\"https:\/\/comitegenero.tecdmx.org.mx\/wp-content\/uploads\/2020\/01\/ESTADISTICA_DEL_PERSONAL_QUE_LABORA_EN_EL_TECDMX_DICIEMBRE_2019.pdf\" target=\"_blank\" rel=\"noreferrer noopener\">Diciembre.<\/a><\/li><\/ul>\n","protected":false},"excerpt":{"rendered":"<p>Enero. Febrero. Marzo. Abril. Mayo. Junio. Julio. Agosto. Septiembre. Octubre. Noviembre. Diciembre.<\/p>\n","protected":false},"author":3,"featured_media":0,"parent":0,"menu_order":0,"comment_status":"closed","ping_status":"closed","template":"","meta":{"_exactmetrics_skip_tracking":false,"_exactmetrics_sitenote_active":false,"_exactmetrics_sitenote_note":"","_exactmetrics_sitenote_category":0,"footnotes":""},"_links":{"self":[{"href":"https:\/\/comitegenero.tecdmx.org.mx\/index.php\/wp-json\/wp\/v2\/pages\/5026"}],"collection":[{"href":"https:\/\/comitegenero.tecdmx.org.mx\/index.php\/wp-json\/wp\/v2\/pages"}],"about":[{"href":"https:\/\/comitegenero.tecdmx.org.mx\/index.php\/wp-json\/wp\/v2\/types\/page"}],"author":[{"embeddable":true,"href":"https:\/\/comitegenero.tecdmx.org.mx\/index.php\/wp-json\/wp\/v2\/users\/3"}],"replies":[{"embeddable":true,"href":"https:\/\/comitegenero.tecdmx.org.mx\/index.php\/wp-json\/wp\/v2\/comments?post=5026"}],"version-history":[{"count":1,"href":"https:\/\/comitegenero.tecdmx.org.mx\/index.php\/wp-json\/wp\/v2\/pages\/5026\/revisions"}],"predecessor-version":[{"id":5027,"href":"https:\/\/comitegenero.tecdmx.org.mx\/index.php\/wp-json\/wp\/v2\/pages\/5026\/revisions\/5027"}],"wp:attachment":[{"href":"https:\/\/comitegenero.tecdmx.org.mx\/index.php\/wp-json\/wp\/v2\/media?parent=5026"}],"curies":[{"name":"wp","href":"https:\/\/api.w.org\/{rel}","templated":true}]}}