{"id":5024,"date":"2021-01-20T15:54:07","date_gmt":"2021-01-20T15:54:07","guid":{"rendered":"https:\/\/comitegenero.tecdmx.org.mx\/?page_id=5024"},"modified":"2021-01-20T15:54:07","modified_gmt":"2021-01-20T15:54:07","slug":"estadistica-por-genero-del-personal-que-integra-el-tribunal-electoral-de-la-ciudad-de-mexico-2018","status":"publish","type":"page","link":"https:\/\/comitegenero.tecdmx.org.mx\/index.php\/estadistica-por-genero-del-personal-que-integra-el-tribunal-electoral-de-la-ciudad-de-mexico-2018\/","title":{"rendered":"Estad\u00edstica por G\u00e9nero del Personal que Integra el Tribunal Electoral de la Ciudad de M\u00e9xico 2018."},"content":{"rendered":"\n<ul><li><a href=\"https:\/\/comitegenero.tecdmx.org.mx\/wp-content\/uploads\/2018\/08\/01-ESTADISTICA_GENERO_ENERO_23-02-2018.pdf\" target=\"_blank\" rel=\"noreferrer noopener\">Enero.<\/a><\/li><li><a href=\"https:\/\/comitegenero.tecdmx.org.mx\/wp-content\/uploads\/2018\/08\/02-ESTADISTICA_GENERO_FEBRERO_21_03_18.pdf\" target=\"_blank\" rel=\"noreferrer noopener\">Febrero.<\/a><\/li><li><a href=\"https:\/\/comitegenero.tecdmx.org.mx\/wp-content\/uploads\/2018\/08\/03_ESTADISTICA_GENERO_MARZO_30-04-18.pdf\" target=\"_blank\" rel=\"noreferrer noopener\">Marzo.<\/a><\/li><li><a href=\"https:\/\/comitegenero.tecdmx.org.mx\/wp-content\/uploads\/2018\/08\/04_ESTADISTICA_GENERO_ABRIL_29-05-2018.pdf\" target=\"_blank\" rel=\"noreferrer noopener\">Abril.<\/a><\/li><li><a href=\"https:\/\/comitegenero.tecdmx.org.mx\/wp-content\/uploads\/2018\/08\/estadistica_genero_mayo_30_06_2018.pdf\" target=\"_blank\" rel=\"noreferrer noopener\">Mayo.<\/a><\/li><li><a href=\"https:\/\/comitegenero.tecdmx.org.mx\/wp-content\/uploads\/2018\/08\/06_ESTADISTICA_GENERO_JUNIO_25_07_2018.pdf\" target=\"_blank\" rel=\"noreferrer noopener\">Junio.<\/a><\/li><li><a href=\"https:\/\/comitegenero.tecdmx.org.mx\/wp-content\/uploads\/2018\/10\/07-ESTADISTICA-GENERO_JULIO_10_09_2018.pdf\" target=\"_blank\" rel=\"noreferrer noopener\">Julio.<\/a><\/li><li><a href=\"https:\/\/comitegenero.tecdmx.org.mx\/wp-content\/uploads\/2018\/10\/07-ESTADISTICA-GENERO_JULIO_10_09_2018.pdf\" target=\"_blank\" rel=\"noreferrer noopener\">Agosto.<\/a><\/li><li><a href=\"https:\/\/comitegenero.tecdmx.org.mx\/wp-content\/uploads\/2018\/12\/Estadistica_GENERO_septiembre.pdf\" target=\"_blank\" rel=\"noreferrer noopener\">Septiembre.<\/a><\/li><li><a href=\"https:\/\/comitegenero.tecdmx.org.mx\/wp-content\/uploads\/2018\/12\/Estadistica_GENERO_octubre.pdf\" target=\"_blank\" rel=\"noreferrer noopener\">Octubre.<\/a><\/li><li><a href=\"https:\/\/comitegenero.tecdmx.org.mx\/wp-content\/uploads\/2019\/01\/Estadistica_noviembre_2018.pdf\" target=\"_blank\" rel=\"noreferrer noopener\">Noviembre.<\/a><\/li><li><a href=\"https:\/\/comitegenero.tecdmx.org.mx\/wp-content\/uploads\/2019\/01\/Estadistica_diciembre_2018.pdf\" target=\"_blank\" rel=\"noreferrer noopener\">Diciembre.<\/a><\/li><\/ul>\n","protected":false},"excerpt":{"rendered":"<p>Enero. Febrero. Marzo. Abril. Mayo. Junio. Julio. Agosto. Septiembre. Octubre. Noviembre. Diciembre.<\/p>\n","protected":false},"author":3,"featured_media":0,"parent":0,"menu_order":0,"comment_status":"closed","ping_status":"closed","template":"","meta":{"_exactmetrics_skip_tracking":false,"_exactmetrics_sitenote_active":false,"_exactmetrics_sitenote_note":"","_exactmetrics_sitenote_category":0,"footnotes":""},"_links":{"self":[{"href":"https:\/\/comitegenero.tecdmx.org.mx\/index.php\/wp-json\/wp\/v2\/pages\/5024"}],"collection":[{"href":"https:\/\/comitegenero.tecdmx.org.mx\/index.php\/wp-json\/wp\/v2\/pages"}],"about":[{"href":"https:\/\/comitegenero.tecdmx.org.mx\/index.php\/wp-json\/wp\/v2\/types\/page"}],"author":[{"embeddable":true,"href":"https:\/\/comitegenero.tecdmx.org.mx\/index.php\/wp-json\/wp\/v2\/users\/3"}],"replies":[{"embeddable":true,"href":"https:\/\/comitegenero.tecdmx.org.mx\/index.php\/wp-json\/wp\/v2\/comments?post=5024"}],"version-history":[{"count":1,"href":"https:\/\/comitegenero.tecdmx.org.mx\/index.php\/wp-json\/wp\/v2\/pages\/5024\/revisions"}],"predecessor-version":[{"id":5025,"href":"https:\/\/comitegenero.tecdmx.org.mx\/index.php\/wp-json\/wp\/v2\/pages\/5024\/revisions\/5025"}],"wp:attachment":[{"href":"https:\/\/comitegenero.tecdmx.org.mx\/index.php\/wp-json\/wp\/v2\/media?parent=5024"}],"curies":[{"name":"wp","href":"https:\/\/api.w.org\/{rel}","templated":true}]}}