{"id":5016,"date":"2021-01-20T15:36:39","date_gmt":"2021-01-20T15:36:39","guid":{"rendered":"https:\/\/comitegenero.tecdmx.org.mx\/?page_id=5016"},"modified":"2021-01-20T15:36:39","modified_gmt":"2021-01-20T15:36:39","slug":"estadistica-por-genero-del-personal-que-integra-el-tribunal-electoral-de-la-ciudad-de-mexico-2017","status":"publish","type":"page","link":"https:\/\/comitegenero.tecdmx.org.mx\/index.php\/estadistica-por-genero-del-personal-que-integra-el-tribunal-electoral-de-la-ciudad-de-mexico-2017\/","title":{"rendered":"Estad\u00edstica por G\u00e9nero del Personal que Integra el Tribunal Electoral de la Ciudad de M\u00e9xico 2017."},"content":{"rendered":"\n<ul><li><a href=\"https:\/\/comitegenero.tecdmx.org.mx\/wp-content\/uploads\/2018\/08\/ESTADISTICA_GENERO_FINAL_TECDMX_UEyJ_24-07-2017.pdf\" target=\"_blank\" rel=\"noreferrer noopener\">Junio.<\/a><\/li><li><a href=\"https:\/\/comitegenero.tecdmx.org.mx\/wp-content\/uploads\/2018\/08\/ESTADISTICA_JUDICIAL_TECDMX_JULIO_2017_30_08_2017.pdf\" target=\"_blank\" rel=\"noreferrer noopener\">Julio.<\/a><\/li><li><a href=\"https:\/\/comitegenero.tecdmx.org.mx\/wp-content\/uploads\/2018\/08\/ESTADISTICA_GENERO_TECDMX_agosto_16_10_2017.xlsx\" target=\"_blank\" rel=\"noreferrer noopener\">Agosto.<\/a><\/li><li><a href=\"https:\/\/comitegenero.tecdmx.org.mx\/wp-content\/uploads\/2018\/08\/ESTADISTICA_GENERO_septiembre_08112017.pdf\" target=\"_blank\" rel=\"noreferrer noopener\">Septiembre.<\/a><\/li><li><a href=\"https:\/\/comitegenero.tecdmx.org.mx\/wp-content\/uploads\/2018\/08\/estadistica-genero-octubre_2017.pdf\" target=\"_blank\" rel=\"noreferrer noopener\">Octubre.<\/a><\/li><li><a href=\"https:\/\/comitegenero.tecdmx.org.mx\/wp-content\/uploads\/2018\/08\/estadistica-genero-noviembre-2017.pdf\" target=\"_blank\" rel=\"noreferrer noopener\">Noviembre.<\/a><\/li><li><a href=\"https:\/\/comitegenero.tecdmx.org.mx\/wp-content\/uploads\/2018\/08\/2017-12-estadistica-diciembre-2017.pdf\" target=\"_blank\" rel=\"noreferrer noopener\">Diciembre.<\/a><\/li><\/ul>\n","protected":false},"excerpt":{"rendered":"<p>Junio. Julio. Agosto. Septiembre. Octubre. Noviembre. Diciembre.<\/p>\n","protected":false},"author":3,"featured_media":0,"parent":0,"menu_order":0,"comment_status":"closed","ping_status":"closed","template":"","meta":{"_exactmetrics_skip_tracking":false,"_exactmetrics_sitenote_active":false,"_exactmetrics_sitenote_note":"","_exactmetrics_sitenote_category":0,"footnotes":""},"_links":{"self":[{"href":"https:\/\/comitegenero.tecdmx.org.mx\/index.php\/wp-json\/wp\/v2\/pages\/5016"}],"collection":[{"href":"https:\/\/comitegenero.tecdmx.org.mx\/index.php\/wp-json\/wp\/v2\/pages"}],"about":[{"href":"https:\/\/comitegenero.tecdmx.org.mx\/index.php\/wp-json\/wp\/v2\/types\/page"}],"author":[{"embeddable":true,"href":"https:\/\/comitegenero.tecdmx.org.mx\/index.php\/wp-json\/wp\/v2\/users\/3"}],"replies":[{"embeddable":true,"href":"https:\/\/comitegenero.tecdmx.org.mx\/index.php\/wp-json\/wp\/v2\/comments?post=5016"}],"version-history":[{"count":2,"href":"https:\/\/comitegenero.tecdmx.org.mx\/index.php\/wp-json\/wp\/v2\/pages\/5016\/revisions"}],"predecessor-version":[{"id":6287,"href":"https:\/\/comitegenero.tecdmx.org.mx\/index.php\/wp-json\/wp\/v2\/pages\/5016\/revisions\/6287"}],"wp:attachment":[{"href":"https:\/\/comitegenero.tecdmx.org.mx\/index.php\/wp-json\/wp\/v2\/media?parent=5016"}],"curies":[{"name":"wp","href":"https:\/\/api.w.org\/{rel}","templated":true}]}}