{"id":5012,"date":"2021-01-20T15:33:09","date_gmt":"2021-01-20T15:33:09","guid":{"rendered":"https:\/\/comitegenero.tecdmx.org.mx\/?page_id=5012"},"modified":"2021-01-20T15:33:10","modified_gmt":"2021-01-20T15:33:10","slug":"estadistica-jurisdiccional-informativa-relativa-al-sistema-de-medios-de-impugnacion-en-materia-electoral-del-tecdmx-2018","status":"publish","type":"page","link":"https:\/\/comitegenero.tecdmx.org.mx\/index.php\/estadistica-jurisdiccional-informativa-relativa-al-sistema-de-medios-de-impugnacion-en-materia-electoral-del-tecdmx-2018\/","title":{"rendered":"Estad\u00edstica jurisdiccional Informativa relativa al Sistema de Medios de Impugnaci\u00f3n en Materia Electoral del TECDMX 2018."},"content":{"rendered":"\n<ul><li><a href=\"https:\/\/comitegenero.tecdmx.org.mx\/wp-content\/uploads\/2019\/01\/1_RECIBIDOS_Y_RESUELTOS_ENERO_2018.docx\">1. Recibidos y Resueltos en enero, por Materia, G\u00e9nero y Promovente.<\/a><\/li><li><a href=\"https:\/\/comitegenero.tecdmx.org.mx\/wp-content\/uploads\/2019\/01\/2_RECIBIDOS_Y_RESUELTOS_FEBRERO_2018.docx\">2. Recibidos y Resueltos en febrero, por Materia, G\u00e9nero y Promovente.<\/a><\/li><li><a href=\"https:\/\/comitegenero.tecdmx.org.mx\/wp-content\/uploads\/2019\/01\/3_RECIBIDOS_Y_RESUELTOS_MARZO_2018.docx\">3. Recibidos y Resueltos en marzo, por Materia, G\u00e9nero y Promovente.<\/a><\/li><li><a href=\"https:\/\/comitegenero.tecdmx.org.mx\/wp-content\/uploads\/2019\/01\/4_RECIBIDOS_Y_RESUELTOS_ABRIL_2018.docx\">4. Recibidos y Resueltos en abril, por Materia, G\u00e9nero y Promovente.<\/a><\/li><li><a href=\"https:\/\/comitegenero.tecdmx.org.mx\/wp-content\/uploads\/2019\/01\/5_RECIBIDOS_Y_RESUELTOS_MAYO_2018.docx\">5. Recibidos y Resueltos en mayo, por Materia, G\u00e9nero y Promovente.<\/a><\/li><li><a href=\"https:\/\/comitegenero.tecdmx.org.mx\/wp-content\/uploads\/2019\/01\/6_RECIBIDOS_Y_RESUELTOS_JUNIO_2018.docx\">6. Recibidos y Resueltos en junio, por Materia, G\u00e9nero y Promovente.<\/a><\/li><li><a href=\"https:\/\/comitegenero.tecdmx.org.mx\/wp-content\/uploads\/2019\/01\/7_RECIBIDOS_Y_RESUELTOS_JULIO_2018.docx\">7. Recibidos y Resueltos en julio, por Materia, G\u00e9nero y Promovente.<\/a><\/li><li><a href=\"https:\/\/comitegenero.tecdmx.org.mx\/wp-content\/uploads\/2019\/01\/8_RECIBIDOS_Y_RESUELTOS_AGOSTO_2018.docx\">8. Recibidos y Resueltos en agosto, por Materia, G\u00e9nero y Promovente.<\/a><\/li><li><a href=\"https:\/\/comitegenero.tecdmx.org.mx\/wp-content\/uploads\/2019\/01\/9_RECIBIDOS_Y_RESUELTOS_SEPTIEMBRE_2018.docx\">9. Recibidos y Resueltos en septiembre, por Materia, G\u00e9nero y Promovente.<\/a><\/li><li><a href=\"https:\/\/comitegenero.tecdmx.org.mx\/wp-content\/uploads\/2019\/01\/10_RECIBIDOS_Y_RESUELTOS_OCTUBRE_2018.docx\">10. Recibidos y Resueltos en octubre, por Materia, G\u00e9nero y Promovente.<\/a><\/li><li><a href=\"https:\/\/comitegenero.tecdmx.org.mx\/wp-content\/uploads\/2019\/01\/11_RECIBIDOS_Y_RESUELTOS_NOVIEMBRE_2018.docx\">11. Recibidos y Resueltos en noviembre, por Materia, G\u00e9nero y Promovente.<\/a><\/li><li><a href=\"https:\/\/comitegenero.tecdmx.org.mx\/wp-content\/uploads\/2019\/01\/12_RECIBIDOS_Y_RESUELTOS_DICIEMBRE_2018.docx\">12. Recibidos y Resueltos en diciembre, por Materia, G\u00e9nero y Promovente.<\/a><\/li><\/ul>\n","protected":false},"excerpt":{"rendered":"<p>1. Recibidos y Resueltos en enero, por Materia, G\u00e9nero y Promovente. 2. Recibidos y Resueltos en febrero, por Materia, G\u00e9nero y Promovente. 3. Recibidos y Resueltos en marzo, por Materia, G\u00e9nero y Promovente. 4. Recibidos y Resueltos en abril, por Materia, G\u00e9nero y Promovente. 5. Recibidos y Resueltos en mayo, por Materia, G\u00e9nero y Promovente. [&hellip;]<\/p>\n","protected":false},"author":3,"featured_media":0,"parent":0,"menu_order":0,"comment_status":"closed","ping_status":"closed","template":"","meta":{"_exactmetrics_skip_tracking":false,"_exactmetrics_sitenote_active":false,"_exactmetrics_sitenote_note":"","_exactmetrics_sitenote_category":0,"footnotes":""},"_links":{"self":[{"href":"https:\/\/comitegenero.tecdmx.org.mx\/index.php\/wp-json\/wp\/v2\/pages\/5012"}],"collection":[{"href":"https:\/\/comitegenero.tecdmx.org.mx\/index.php\/wp-json\/wp\/v2\/pages"}],"about":[{"href":"https:\/\/comitegenero.tecdmx.org.mx\/index.php\/wp-json\/wp\/v2\/types\/page"}],"author":[{"embeddable":true,"href":"https:\/\/comitegenero.tecdmx.org.mx\/index.php\/wp-json\/wp\/v2\/users\/3"}],"replies":[{"embeddable":true,"href":"https:\/\/comitegenero.tecdmx.org.mx\/index.php\/wp-json\/wp\/v2\/comments?post=5012"}],"version-history":[{"count":1,"href":"https:\/\/comitegenero.tecdmx.org.mx\/index.php\/wp-json\/wp\/v2\/pages\/5012\/revisions"}],"predecessor-version":[{"id":5013,"href":"https:\/\/comitegenero.tecdmx.org.mx\/index.php\/wp-json\/wp\/v2\/pages\/5012\/revisions\/5013"}],"wp:attachment":[{"href":"https:\/\/comitegenero.tecdmx.org.mx\/index.php\/wp-json\/wp\/v2\/media?parent=5012"}],"curies":[{"name":"wp","href":"https:\/\/api.w.org\/{rel}","templated":true}]}}