{"id":2547,"date":"2018-06-14T19:24:51","date_gmt":"2018-06-14T19:24:51","guid":{"rendered":"http:\/\/sitio.tedf.org.mx\/?page_id=2547"},"modified":"2026-01-15T20:48:07","modified_gmt":"2026-01-15T20:48:07","slug":"estadisticas","status":"publish","type":"page","link":"https:\/\/comitegenero.tecdmx.org.mx\/index.php\/estadisticas\/","title":{"rendered":"Estad\u00edsticas."},"content":{"rendered":"\n<p>En el marco de sus deberes institucionales, el TECDMX aprob\u00f3 una estrategia judicial denominada <em>Metodolog\u00eda para el desarrollo de indicadores en materia de derechos humanos y g\u00e9nero.<\/em> Este mecanismo  tiene como objetivo establecer un sistema de indicadores sobre la actividad judicial del Tribunal con perspectiva de g\u00e9nero, acerca de la paridad org\u00e1nica y ocupacional interna en sentido vertical y horizontal, as\u00ed como, sobre la actividad que realiza la Defensor\u00eda P\u00fablica de Participaci\u00f3n Ciudadana y de Procesos Democr\u00e1ticos del TECDMX respecto de la poblacion de atenci\u00f3n prioritaria. <\/p>\n\n\n\n<p><br>Elaborado por la Unidad de Estad\u00edstica y Jurisprudencia en colaboraci\u00f3n con la Defensor\u00eda y la Coordinaci\u00f3n de Derechos Humanos y G\u00e9nero, promueve los principios de transparencia, difusi\u00f3n y Tribunal abierto, con informacion oportuna acerca de los aspectos relacionados con la impartici\u00f3n de justicia electoral en la CDMX, asimiso, se observa el cumplimiento de los compromisos interinstitucionales del TECDMX en lso \u00f3rganos colegiados en que participa. <\/p>\n\n\n\n<p>Lo anterior, con fundamento en los art\u00edculos 166, fracci\u00f3n VIII, inciso f); 211, fracci\u00f3n VI y 218 del C\u00f3digo de Instituciones y Procedimientos Electorales de la Ciudad de M\u00e9xico; Cap\u00edtulos II y IV del Pacto Nacional por la Justicia de G\u00e9nero-AMIJ y, Convenio de Adhesi\u00f3n al Pacto de los \u00f3rganos de impartici\u00f3n de justicia de la Ciudad de M\u00e9xico.<\/p>\n\n\n\n<hr class=\"wp-block-separator has-css-opacity is-style-dots\" \/>\n\n\n\n<p><strong>Informe cuantitativo y cualitativo de la actividad jurisdiccional del TECDMX en el Proceso Electoral Local Extraordinario para la elecci\u00f3n del Poder Judicial CDMX 2024-2025 <\/strong><\/p>\n\n\n\n<p>La Unidad de Estad\u00edstica y Jurisprudencia, la Coordinaci\u00f3n de Difusi\u00f3n y Publicaci\u00f3n, la Coordinaci\u00f3n de Derechos Humanos y G\u00e9nero realizaron un trabajo conjunto y armonizado para la elaboraci\u00f3n de este informe, el cual, contiene la numeralia y los hallazgos cualitativos de las sentencias emitidas por este Tribunal en ese proceso democr\u00e1tico y que, a su vez, fue presentado al Observatorio de Participaci\u00f3n Pol\u00edtica de las Mujeres de la CDMX en 2025.<\/p>\n\n\n\n<p><em><strong><a href=\"https:\/\/comitegenero.tecdmx.org.mx\/wp-content\/uploads\/2025\/10\/24.1TARJETA-INFORMATIVA-PELE-2025-VF.pdf\" target=\"_blank\" rel=\"noreferrer noopener\">Informe TECDMX Proceso Electoral Local Extraoridnario para elegir al Poder Judicial CDMX 2024-2025<\/a><\/strong><\/em><\/p>\n\n\n\n<hr class=\"wp-block-separator has-alpha-channel-opacity\" \/>\n\n\n\n<p><\/p>\n\n\n\n<h3 class=\"wp-block-heading\"><strong>Estad\u00edstica en materia de igualdad y paridad laboral en el Tribunal Electoral de la Ciudad de M\u00e9xico 2025<\/strong><\/h3>\n\n\n\n<ul>\n<li><a href=\"https:\/\/comitegenero.tecdmx.org.mx\/wp-content\/uploads\/2025\/03\/Estadistica-por-genero-Enero-2025.pdf\" target=\"_blank\" rel=\"noreferrer noopener\">Enero<\/a><\/li>\n\n\n\n<li><a href=\"https:\/\/comitegenero.tecdmx.org.mx\/wp-content\/uploads\/2025\/03\/Estadistica-por-genero-Febrero-2025.pdf\" target=\"_blank\" rel=\"noreferrer noopener\">Febrero<\/a><\/li>\n\n\n\n<li><a href=\"https:\/\/comitegenero.tecdmx.org.mx\/wp-content\/uploads\/2025\/04\/Estadistica-por-genero-Marzo-2025.pdf\" target=\"_blank\" rel=\"noreferrer noopener\">Marzo<\/a><\/li>\n\n\n\n<li><a href=\"https:\/\/comitegenero.tecdmx.org.mx\/wp-content\/uploads\/2025\/05\/Estadistica-por-genero-Abril-2025.pdf\" target=\"_blank\" rel=\"noreferrer noopener\">Abril<\/a><\/li>\n\n\n\n<li><a href=\"https:\/\/comitegenero.tecdmx.org.mx\/wp-content\/uploads\/2025\/07\/Estadistica-por-genero-Mayo-2025.pdf\" target=\"_blank\" rel=\"noreferrer noopener\">Mayo<\/a><\/li>\n\n\n\n<li><a href=\"https:\/\/comitegenero.tecdmx.org.mx\/wp-content\/uploads\/2025\/07\/Estadistica-por-genero-Junio-2025.pdf\" target=\"_blank\" rel=\"noreferrer noopener\">Junio<\/a><\/li>\n\n\n\n<li><a href=\"https:\/\/comitegenero.tecdmx.org.mx\/wp-content\/uploads\/2025\/09\/Estadistica-por-genero-Julio-2025.pdf\" target=\"_blank\" rel=\"noreferrer noopener\">Julio<\/a><\/li>\n\n\n\n<li><a href=\"https:\/\/comitegenero.tecdmx.org.mx\/wp-content\/uploads\/2025\/09\/Estadistica-por-genero-Agosto-2025.pdf\" target=\"_blank\" rel=\"noreferrer noopener\">Agosto<\/a><\/li>\n\n\n\n<li><a href=\"https:\/\/comitegenero.tecdmx.org.mx\/wp-content\/uploads\/2025\/10\/Estadistica-por-genero-Septiembre-2025.pdf\" target=\"_blank\" rel=\"noreferrer noopener\">Septiembre<\/a><\/li>\n\n\n\n<li>Octubre<\/li>\n\n\n\n<li><a href=\"https:\/\/comitegenero.tecdmx.org.mx\/wp-content\/uploads\/2026\/01\/Estadistica-por-genero-Noviembre-2025.pdf\" target=\"_blank\" rel=\"noreferrer noopener\">Noviembre<\/a><\/li>\n\n\n\n<li>Diciembre<\/li>\n<\/ul>\n\n\n\n<p><\/p>\n\n\n\n<h3 class=\"wp-block-heading\"><strong>Estad\u00edstica Informativa de Actividad Jurisdiccional del TECDMX, desagregada por sexo 2025<\/strong><\/h3>\n\n\n\n<ul>\n<li><a href=\"https:\/\/comitegenero.tecdmx.org.mx\/wp-content\/uploads\/2025\/03\/2.-Informe-Jurisdiccional-de-Genero-Enero-2025.pdf\" target=\"_blank\" rel=\"noreferrer noopener\">Enero<\/a><\/li>\n\n\n\n<li><a href=\"https:\/\/comitegenero.tecdmx.org.mx\/wp-content\/uploads\/2025\/03\/2.-Informe-Jurisdiccional-de-Genero-Febrero-2025-2-5.pdf\" target=\"_blank\" rel=\"noreferrer noopener\">Febrero<\/a><\/li>\n\n\n\n<li><a href=\"https:\/\/comitegenero.tecdmx.org.mx\/wp-content\/uploads\/2025\/04\/3-Informe-Jurisdiccional-de-Genero-Marzo-2025.pdf\" target=\"_blank\" rel=\"noreferrer noopener\">Marzo<\/a><\/li>\n\n\n\n<li><a href=\"https:\/\/comitegenero.tecdmx.org.mx\/wp-content\/uploads\/2025\/05\/Informe-Jurisdiccional-de-Genero-Abril-2025.pdf\" target=\"_blank\" rel=\"noreferrer noopener\">Abril<\/a><\/li>\n\n\n\n<li><a href=\"https:\/\/comitegenero.tecdmx.org.mx\/wp-content\/uploads\/2025\/06\/Informe-Jurisdiccional-de-Genero-Mayo-2025.pdf\" target=\"_blank\" rel=\"noreferrer noopener\">Mayo<\/a><\/li>\n\n\n\n<li><a href=\"https:\/\/comitegenero.tecdmx.org.mx\/wp-content\/uploads\/2025\/07\/Estadistica-Jurisdiccional-de-Genero-Junio-2025.pdf\" target=\"_blank\" rel=\"noreferrer noopener\">Junio<\/a><\/li>\n\n\n\n<li><a href=\"https:\/\/comitegenero.tecdmx.org.mx\/wp-content\/uploads\/2025\/08\/Informe-Jurisdiccional-de-Genero-Julio-2025-ANEXO.pdf\" target=\"_blank\" rel=\"noreferrer noopener\">Julio<\/a><\/li>\n\n\n\n<li><a href=\"https:\/\/comitegenero.tecdmx.org.mx\/wp-content\/uploads\/2025\/09\/Informe-Jurisdiccional-de-Genero-Agosto-2025.pdf\" target=\"_blank\" rel=\"noreferrer noopener nofollow\">Agosto<\/a><\/li>\n\n\n\n<li><a href=\"https:\/\/comitegenero.tecdmx.org.mx\/wp-content\/uploads\/2025\/10\/Informe-Jurisdiccional-Septiembre-2025.pdf\" target=\"_blank\" rel=\"noreferrer noopener\">Septiembre<\/a><\/li>\n\n\n\n<li><a href=\"https:\/\/comitegenero.tecdmx.org.mx\/wp-content\/uploads\/2025\/11\/10.1-Estadistica_Informe-Jurisdiccional-de-Genero-Octubre-2025.pdf\" target=\"_blank\" rel=\"noreferrer noopener\">Octubre<\/a><\/li>\n\n\n\n<li><a href=\"https:\/\/comitegenero.tecdmx.org.mx\/wp-content\/uploads\/2025\/12\/11.-Informe-Jurisdiccional-de-Genero-Noviembre-2025-2-5.pdf\" target=\"_blank\" rel=\"noreferrer noopener\">Noviembre<\/a><\/li>\n\n\n\n<li><a href=\"https:\/\/comitegenero.tecdmx.org.mx\/wp-content\/uploads\/2026\/01\/12.-Informe-Jurisdiccional-de-Genero-Diciembre-2025.pdf\" target=\"_blank\" rel=\"noreferrer noopener\">Diciembre<\/a><\/li>\n<\/ul>\n\n\n\n<p><\/p>\n\n\n\n<h3 class=\"wp-block-heading\"><strong>C\u00e9dulas Informativas de Atenci\u00f3n a Personas pertenecientes a la Poblaci\u00f3n de Atenci\u00f3n Prioritaria 2025<\/strong><\/h3>\n\n\n\n<ul>\n<li><a href=\"https:\/\/comitegenero.tecdmx.org.mx\/wp-content\/uploads\/2025\/03\/FORMATO-ENERO.pdf\" target=\"_blank\" rel=\"noreferrer noopener\">Enero<\/a><\/li>\n\n\n\n<li><a href=\"https:\/\/comitegenero.tecdmx.org.mx\/wp-content\/uploads\/2025\/03\/FORMATO-GENERO-FEBRERO.pdf\" target=\"_blank\" rel=\"noreferrer noopener\">Febrero<\/a><\/li>\n\n\n\n<li><a href=\"https:\/\/comitegenero.tecdmx.org.mx\/wp-content\/uploads\/2025\/04\/FORMATO-GENERO-MARZO.pdf\" target=\"_blank\" rel=\"noreferrer noopener\">Marzo<\/a><\/li>\n\n\n\n<li><a href=\"https:\/\/comitegenero.tecdmx.org.mx\/wp-content\/uploads\/2025\/05\/FORMATO-GENERO-ABRIL.pdf\" target=\"_blank\" rel=\"noreferrer noopener\">Abril<\/a><\/li>\n\n\n\n<li><a href=\"https:\/\/comitegenero.tecdmx.org.mx\/wp-content\/uploads\/2025\/06\/FORMATO-GENERO-MAYO.pdf\" target=\"_blank\" rel=\"noreferrer noopener\">Mayo<\/a><\/li>\n\n\n\n<li><a href=\"https:\/\/comitegenero.tecdmx.org.mx\/wp-content\/uploads\/2025\/07\/FORMATO-GENERO-JUNIO.pdf\" target=\"_blank\" rel=\"noreferrer noopener\">Junio<\/a><\/li>\n\n\n\n<li><a href=\"https:\/\/comitegenero.tecdmx.org.mx\/wp-content\/uploads\/2025\/08\/FORMATO-GENERO-JULIO-DPPCyPD-julio.pdf\" target=\"_blank\" rel=\"noreferrer noopener\">Julio<\/a><\/li>\n\n\n\n<li><a href=\"https:\/\/comitegenero.tecdmx.org.mx\/wp-content\/uploads\/2025\/09\/FORMATO-GENERO-AGOSTO-002.pdf\" target=\"_blank\" rel=\"noreferrer noopener\">Agosto<\/a><\/li>\n\n\n\n<li><a href=\"https:\/\/comitegenero.tecdmx.org.mx\/wp-content\/uploads\/2025\/10\/FORMATO-GENERO-SEPTIEMBRE-2025.pdf\" target=\"_blank\" rel=\"noreferrer noopener\">Septiembre<\/a><\/li>\n\n\n\n<li><a href=\"https:\/\/comitegenero.tecdmx.org.mx\/wp-content\/uploads\/2025\/11\/FORMATO-GENERO-OCTUBRE-2025.pdf\" target=\"_blank\" rel=\"noreferrer noopener\">Octubre<\/a><\/li>\n\n\n\n<li>Noviembre<\/li>\n\n\n\n<li>Diciembre<\/li>\n<\/ul>\n\n\n\n<div style=\"height:20px\" aria-hidden=\"true\" class=\"wp-block-spacer\"><\/div>\n\n\n\n<hr class=\"wp-block-separator has-css-opacity\" \/>\n\n\n\n<h2 class=\"wp-block-heading\">HIST\u00d3RICO<\/h2>\n\n\n\n<h3 class=\"wp-block-heading\"><a href=\"https:\/\/comitegenero.tecdmx.org.mx\/index.php\/estadistica-por-genero-del-personal-que-integra-el-tribunal-electoral-de-la-ciudad-de-mexico-2024\/\">Estad\u00edstica por G\u00e9nero del Personal que Integra el Tribunal Electoral de la Ciudad de M\u00e9xico 2024.<\/a><\/h3>\n\n\n\n<h3 class=\"wp-block-heading\"><a href=\"https:\/\/comitegenero.tecdmx.org.mx\/index.php\/estadistica-jurisdiccional-informativa-relativa-al-sistema-de-medios-de-impugnacion-en-materia-electoral-del-tecdmx-2024\/\" target=\"_blank\" rel=\"noreferrer noopener\">Estad\u00edstica Jurisdiccional Informativa relativa al Sistema de Medios de Impugnaci\u00f3n en Materia Electoral del TECDMX 2024.<\/a><\/h3>\n\n\n\n<h3 class=\"wp-block-heading\"><a href=\"https:\/\/comitegenero.tecdmx.org.mx\/index.php\/cedulas-informativas-de-atencion-a-personas-pertenecientes-a-la-poblacion-de-atencion-prioritaria-2024\/\" target=\"_blank\" rel=\"noreferrer noopener\">C\u00e9dulas Informativas de Atenci\u00f3n a Personas pertenecientes a la Poblaci\u00f3n de Atenci\u00f3n Prioritaria 2024.<\/a><\/h3>\n\n\n\n<hr class=\"wp-block-separator has-css-opacity is-style-dots\" \/>\n\n\n\n<h3 class=\"wp-block-heading\"><a href=\"https:\/\/comitegenero.tecdmx.org.mx\/index.php\/estadisticas-genero-2023\/\" target=\"_blank\" rel=\"noreferrer noopener\">Estad\u00edstica por G\u00e9nero del Personal que Integra el Tribunal Electoral de la Ciudad de M\u00e9xico 2023.<\/a><\/h3>\n\n\n\n<h3 class=\"wp-block-heading\"><a href=\"https:\/\/comitegenero.tecdmx.org.mx\/index.php\/estadisticas-jurisdicional-2023\/\">Estad\u00edstica Jurisdi<\/a><a href=\"https:\/\/comitegenero.tecdmx.org.mx\/index.php\/estadisticas-jurisdicional-2023\/\" target=\"_blank\" rel=\"noreferrer noopener\">ccional Informativa relativa al Sistema de Medios de Impugnaci\u00f3n en Materia Electo<\/a><a href=\"https:\/\/comitegenero.tecdmx.org.mx\/index.php\/estadisticas-jurisdicional-2023\/\">ral del TECDMX 2023.<\/a><\/h3>\n\n\n\n<hr class=\"wp-block-separator has-css-opacity is-style-dots\" \/>\n\n\n\n<h3 class=\"wp-block-heading\"><a href=\"https:\/\/comitegenero.tecdmx.org.mx\/index.php\/estadisticas-genero-2022\/\">Estad\u00edstica por G\u00e9nero del Personal que Integra el Tribunal Electoral de la Ciudad de M\u00e9xico 2022.<\/a><\/h3>\n\n\n\n<h3 class=\"wp-block-heading\"><a href=\"https:\/\/comitegenero.tecdmx.org.mx\/index.php\/estadistica-jurisdiccional-informativa-relativa-al-sistema-de-medios-de-impugnacion-en-materia-electoral-del-tecdmx-2022\/\">Estad\u00edstica jurisdiccional Informativa relativa al Sistema de Medios de Impugnaci\u00f3n en Materia Electoral del TECDMX 2022.<\/a><\/h3>\n\n\n\n<hr class=\"wp-block-separator has-css-opacity is-style-dots\" \/>\n\n\n\n<h3 class=\"wp-block-heading\"><a rel=\"noreferrer noopener\" href=\"https:\/\/comitegenero.tecdmx.org.mx\/index.php\/estadistica-por-genero-del-personal-que-integra-el-tribunal-electoral-de-la-ciudad-de-mexico-2021\/\" target=\"_blank\">Estad\u00edstica por G\u00e9nero del Personal que Integra el Tribunal Electoral de la Ciudad de M\u00e9xico 202<\/a><a href=\"https:\/\/comitegenero.tecdmx.org.mx\/index.php\/estadistica-por-genero-del-personal-que-integra-el-tribunal-electoral-de-la-ciudad-de-mexico-2021\/\" target=\"_blank\" rel=\"noreferrer noopener\">1<\/a><a rel=\"noreferrer noopener\" href=\"https:\/\/comitegenero.tecdmx.org.mx\/index.php\/estadistica-por-genero-del-personal-que-integra-el-tribunal-electoral-de-la-ciudad-de-mexico-2021\/\" target=\"_blank\">.<\/a><\/h3>\n\n\n\n<h3 class=\"wp-block-heading\"><a href=\"https:\/\/comitegenero.tecdmx.org.mx\/index.php\/estadistica-jurisdiccional-informativa-relativa-al-sistema-de-medios-de-impugnacion-en-materia-electoral-del-tecdmx-2021\/\" target=\"_blank\" rel=\"noreferrer noopener\">Estad\u00edstica jurisdiccional Informativa relativa al Sistema de Medios de Impugnaci\u00f3n en Materia Electoral del TECDMX 2021.<\/a><\/h3>\n\n\n\n<hr class=\"wp-block-separator has-css-opacity is-style-dots\" \/>\n\n\n\n<h3 class=\"wp-block-heading\"><a rel=\"noreferrer noopener\" href=\"https:\/\/comitegenero.tecdmx.org.mx\/index.php\/estadistica-por-genero-del-personal-que-integra-el-tribunal-electoral-de-la-ciudad-de-mexico-2020\/\" target=\"_blank\">Estad\u00edstica por G\u00e9nero del Personal que Integra el Tribunal Electoral de la Ciudad de M\u00e9xico 2020.<\/a><\/h3>\n\n\n\n<h3 class=\"wp-block-heading\"><a rel=\"noreferrer noopener\" href=\"https:\/\/comitegenero.tecdmx.org.mx\/index.php\/estadistica-jurisdiccional-informativa-relativa-al-sistema-de-medios-de-impugnacion-en-materia-electoral-del-tecdmx-2020\/\" target=\"_blank\">Estad\u00edstica jurisdiccional Informativa relativa al Sistema de Medios de Impugnaci\u00f3n en Materia Electoral del TECDMX 2020.<\/a><\/h3>\n\n\n\n<hr class=\"wp-block-separator has-css-opacity is-style-dots\" \/>\n\n\n\n<h3 class=\"wp-block-heading\"><a rel=\"noreferrer noopener\" href=\"https:\/\/comitegenero.tecdmx.org.mx\/index.php\/estadistica-por-genero-del-personal-que-integra-el-tribunal-electoral-de-la-ciudad-de-mexico-2019\/\" target=\"_blank\">Estad\u00edstica por G\u00e9nero del Personal que Integra el Tribunal Electoral de la Ciudad de M\u00e9xico 2019.<\/a><\/h3>\n\n\n\n<h3 class=\"wp-block-heading\"><a href=\"https:\/\/comitegenero.tecdmx.org.mx\/index.php\/estadistica-jurisdiccional-informativa-relativa-al-sistema-de-medios-de-impugnacion-en-materia-electoral-del-tecdmx-2019\/\" target=\"_blank\" rel=\"noreferrer noopener\">Estad\u00edstica jurisdiccional Informativa relativa al Sistema de Medios de Impugnaci\u00f3n en Materia Electoral del TECDMX 2019.<\/a><\/h3>\n\n\n\n<hr class=\"wp-block-separator has-css-opacity is-style-dots\" \/>\n\n\n\n<h3 class=\"wp-block-heading\"><a href=\"https:\/\/comitegenero.tecdmx.org.mx\/index.php\/estadistica-por-genero-del-personal-que-integra-el-tribunal-electoral-de-la-ciudad-de-mexico-2018\/\" target=\"_blank\" rel=\"noreferrer noopener\">Estad\u00edstica por G\u00e9nero del Personal que Integra el Tribunal Electoral de la Ciudad de M\u00e9xico 2018.<\/a><\/h3>\n\n\n\n<h3 class=\"wp-block-heading\"><a href=\"https:\/\/comitegenero.tecdmx.org.mx\/index.php\/estadistica-jurisdiccional-informativa-relativa-al-sistema-de-medios-de-impugnacion-en-materia-electoral-del-tecdmx-2018\/\" target=\"_blank\" rel=\"noreferrer noopener\">Estad\u00edstica jurisdiccional Informativa relativa al Sistema de Medios de Impugnaci\u00f3n en Materia Electoral del TECDMX 2018.<\/a><\/h3>\n\n\n\n<hr class=\"wp-block-separator has-css-opacity is-style-dots\" \/>\n\n\n\n<h3 class=\"wp-block-heading\"><a href=\"https:\/\/comitegenero.tecdmx.org.mx\/index.php\/estadistica-por-genero-del-personal-que-integra-el-tribunal-electoral-de-la-ciudad-de-mexico-2017\/\" target=\"_blank\" rel=\"noreferrer noopener\">Estad\u00edstica por G\u00e9nero del Personal que Integra el Tribunal Electoral de la Ciudad de M\u00e9xico 2017.<\/a><\/h3>\n","protected":false},"excerpt":{"rendered":"<p>En el marco de sus deberes institucionales, el TECDMX aprob\u00f3 una estrategia judicial denominada Metodolog\u00eda para el desarrollo de indicadores en materia de derechos humanos y g\u00e9nero. Este mecanismo tiene como objetivo establecer un sistema de indicadores sobre la actividad judicial del Tribunal con perspectiva de g\u00e9nero, acerca de la paridad org\u00e1nica y ocupacional interna [&hellip;]<\/p>\n","protected":false},"author":3,"featured_media":0,"parent":0,"menu_order":0,"comment_status":"closed","ping_status":"closed","template":"","meta":{"_exactmetrics_skip_tracking":false,"_exactmetrics_sitenote_active":false,"_exactmetrics_sitenote_note":"","_exactmetrics_sitenote_category":0,"footnotes":""},"_links":{"self":[{"href":"https:\/\/comitegenero.tecdmx.org.mx\/index.php\/wp-json\/wp\/v2\/pages\/2547"}],"collection":[{"href":"https:\/\/comitegenero.tecdmx.org.mx\/index.php\/wp-json\/wp\/v2\/pages"}],"about":[{"href":"https:\/\/comitegenero.tecdmx.org.mx\/index.php\/wp-json\/wp\/v2\/types\/page"}],"author":[{"embeddable":true,"href":"https:\/\/comitegenero.tecdmx.org.mx\/index.php\/wp-json\/wp\/v2\/users\/3"}],"replies":[{"embeddable":true,"href":"https:\/\/comitegenero.tecdmx.org.mx\/index.php\/wp-json\/wp\/v2\/comments?post=2547"}],"version-history":[{"count":311,"href":"https:\/\/comitegenero.tecdmx.org.mx\/index.php\/wp-json\/wp\/v2\/pages\/2547\/revisions"}],"predecessor-version":[{"id":6959,"href":"https:\/\/comitegenero.tecdmx.org.mx\/index.php\/wp-json\/wp\/v2\/pages\/2547\/revisions\/6959"}],"wp:attachment":[{"href":"https:\/\/comitegenero.tecdmx.org.mx\/index.php\/wp-json\/wp\/v2\/media?parent=2547"}],"curies":[{"name":"wp","href":"https:\/\/api.w.org\/{rel}","templated":true}]}}