{"id":2540,"date":"2018-06-14T19:23:25","date_gmt":"2018-06-14T19:23:25","guid":{"rendered":"http:\/\/sitio.tedf.org.mx\/?page_id=2540"},"modified":"2025-10-28T17:22:51","modified_gmt":"2025-10-28T17:22:51","slug":"documentos","status":"publish","type":"page","link":"https:\/\/comitegenero.tecdmx.org.mx\/index.php\/documentos\/","title":{"rendered":"Normatividad"},"content":{"rendered":"\n<ul>\n<li><a rel=\"noreferrer noopener\" href=\"https:\/\/comitegenero.tecdmx.org.mx\/wp-content\/uploads\/2018\/08\/Folleto_que_hace_el_tribunal.pdf\" target=\"_blank\">\u00bfQu\u00e9 hace el Tribunal?<\/a><\/li>\n\n\n\n<li><a href=\"https:\/\/comitegenero.tecdmx.org.mx\/wp-content\/uploads\/2023\/12\/man_ope_comite_gen_y_der_hum_tecdmx-12122023.pdf\">Manual de Operaci\u00f3n del Comit\u00e9 de G\u00e9nero y Derechos Humanos del Tribunal Electoral de la Ciudad de M\u00e9xico.<\/a><\/li>\n\n\n\n<li><a href=\"https:\/\/comitegenero.tecdmx.org.mx\/wp-content\/uploads\/2023\/09\/lin_mat_der_hum_gen_pro_grup_sit_vul_tecdmx.pdf\" target=\"_blank\" rel=\"noreferrer noopener\">Lineamientos en materia de derechos humanos, g\u00e9nero y Poblaci\u00f3n de Atenci\u00f3n Prioritaria del Tribunal Electoral de la Ciudad de M\u00e9xico.<\/a><\/li>\n\n\n\n<li><a href=\"https:\/\/comitegenero.tecdmx.org.mx\/wp-content\/uploads\/2019\/09\/C%C3%B3digo_de_Etica_del_TECDMX.docx\" target=\"_blank\" rel=\"noreferrer noopener\">C\u00f3digo de \u00c9tica del Tribunal Electoral de la Ciudad de M\u00e9xico.<\/a><\/li>\n\n\n\n<li><a href=\"https:\/\/comitegenero.tecdmx.org.mx\/wp-content\/uploads\/2023\/09\/Codigo_de_Conducta-_TECDMX-.pdf\" target=\"_blank\" rel=\"noreferrer noopener\">C\u00f3digo de Conducta del Tribunal Electoral de la Ciudad de M\u00e9xico.<\/a><\/li>\n\n\n\n<li><a href=\"https:\/\/comitegenero.tecdmx.org.mx\/wp-content\/uploads\/2019\/03\/PROTOCOLO_VPG_TECDMX_VF_PUBLICADO_sept_2018.pdf\" target=\"_blank\" rel=\"noreferrer noopener\">Protocolo para atender la violencia pol\u00edtica contra las mujeres con elementos de g\u00e9nero, en el \u00e1mbito de competencia del Tribunal Electoral de la Ciudad de M\u00e9xico.<\/a><\/li>\n\n\n\n<li><a href=\"https:\/\/comitegenero.tecdmx.org.mx\/wp-content\/uploads\/2019\/10\/TECDMX_Manual_uso_Lenguaje_Neutro,_Incluyente_y_No_Sexista.pdf\" target=\"_blank\" rel=\"noreferrer noopener\">Manual para el uso del Lenguaje Neutro, Incluyente y No Sexista del Tribunal Electoral de la Ciudad de M\u00e9xico.<\/a><\/li>\n\n\n\n<li><a rel=\"noreferrer noopener\" href=\"https:\/\/comitegenero.tecdmx.org.mx\/wp-content\/uploads\/2018\/08\/Politica_IyND_TECDMX.pdf\" target=\"_blank\">Pol\u00edtica de Igualdad Laboral y No Discriminaci\u00f3n del Tribunal Electoral de la Ciudad de M\u00e9xico.<\/a><\/li>\n\n\n\n<li><a href=\"https:\/\/comitegenero.tecdmx.org.mx\/wp-content\/uploads\/2023\/12\/reglas_operacion_GILyND_TECDMX.pdf\">Reglas de Operaci\u00f3n del Grupo de Igualdad Laboral y No Discriminaci\u00f3n.<\/a><\/li>\n\n\n\n<li><a href=\"https:\/\/comitegenero.tecdmx.org.mx\/wp-content\/uploads\/2023\/09\/lin_trabajo_casa_distancia_TECDMX.pdf\" target=\"_blank\" rel=\"noreferrer noopener\">Lineamientos para regular la operaci\u00f3n del Trabajo en casa o Trabajo a distancia del Tribunal Electoral de la Ciudad de M\u00e9xico.<\/a><\/li>\n\n\n\n<li><a href=\"https:\/\/comitegenero.tecdmx.org.mx\/wp-content\/uploads\/2024\/02\/FORMATO_JLDC_TECDMX_2024.doc\" target=\"_blank\" rel=\"noreferrer noopener\">Formato para Promover Juicio para la Protecci\u00f3n de los Derechos Pol\u00edtico- Electorales de la Ciudadan\u00eda.<\/a><\/li>\n\n\n\n<li><a href=\"https:\/\/comitegenero.tecdmx.org.mx\/wp-content\/uploads\/2019\/10\/Lineamientos_para_la_Asignacion_de_Espacios_Exclusivos_a_Mujeres_en_Condici%C3%B3n_de_Embarazo_y_Personas_con_Discapacidad.pdf\" target=\"_blank\" rel=\"noreferrer noopener\">Lineamientos para la asignaci\u00f3n de espacios exclusivos a mujeres en condici\u00f3n de embarazo y personas con discapacidad.<\/a><\/li>\n\n\n\n<li><a href=\"https:\/\/comitegenero.tecdmx.org.mx\/wp-content\/uploads\/2018\/08\/Protocolo_perspectiva_de_genero_revdic2015.pdf\" target=\"_blank\" rel=\"noreferrer noopener\">Protocolo para Juzgar con Perspectiva de G\u00e9nero.<\/a><\/li>\n\n\n\n<li><a rel=\"noreferrer noopener\" href=\"https:\/\/comitegenero.tecdmx.org.mx\/wp-content\/uploads\/2018\/08\/protocoloIndigenas_dig.pdf\" target=\"_blank\">Protocolo de Actuaci\u00f3n para quienes Imparten Justicia en Casos que Involucren Derechos de Personas, Comunidades y Pueblos Ind\u00edgenas.<\/a><\/li>\n\n\n\n<li><a rel=\"noreferrer noopener\" href=\"https:\/\/comitegenero.tecdmx.org.mx\/wp-content\/uploads\/2018\/08\/Protocolo_infancia.pdf\" target=\"_blank\">Protocolo de Actuaci\u00f3n para quienes Imparten Justicia en Casos que Involucren Ni\u00f1as, Ni\u00f1os y Adolescentes.<\/a><\/li>\n\n\n\n<li><a rel=\"noreferrer noopener\" href=\"https:\/\/comitegenero.tecdmx.org.mx\/wp-content\/uploads\/2018\/08\/Protocolo_infancia_2da_version.pdf\" target=\"_blank\">Protocolo de Actuaci\u00f3n para quienes Imparten Justicia en Casos que Involucren Ni\u00f1as, Ni\u00f1os y Adolescentes 2a. Versi\u00f3n.<\/a><\/li>\n\n\n\n<li><a rel=\"noreferrer noopener\" href=\"https:\/\/comitegenero.tecdmx.org.mx\/wp-content\/uploads\/2018\/08\/Protocolo_DiscapacidadISBN.pdf\" target=\"_blank\">Protocolo de Actuaci\u00f3n para quienes Imparten Justicia en Casos que Involucren Derechos de Personas Con Discapacidad.<\/a><\/li>\n\n\n\n<li><a rel=\"noreferrer noopener\" href=\"https:\/\/comitegenero.tecdmx.org.mx\/wp-content\/uploads\/2018\/08\/Protocolo_migrantes_REVDIC2015.pdf\" target=\"_blank\">Protocolo de Actuaci\u00f3n para quienes Imparten Justicia en Casos que Involucren a Personas Migrantes y Sujetas de Protecci\u00f3n Internacional.<\/a><\/li>\n\n\n\n<li><a rel=\"noreferrer noopener\" href=\"https:\/\/comitegenero.tecdmx.org.mx\/wp-content\/uploads\/2018\/08\/Protocolo_orientacion_sexual-REVDIC2015.pdf\" target=\"_blank\">Protocolo de Actuaci\u00f3n para quienes Imparten Justicia en Casos que Involucren la Orientaci\u00f3n Sexual o la Identidad de G\u00e9nero.<\/a><\/li>\n\n\n\n<li><a rel=\"noreferrer noopener\" href=\"https:\/\/comitegenero.tecdmx.org.mx\/wp-content\/uploads\/2018\/08\/Protocolo_tortura_electronico_actualizacion.pdf\" target=\"_blank\">Protocolo de Actuaci\u00f3n para quienes Imparten Justicia en Asuntos que Involucren Hechos Constitutivos de Tortura y Malos Tratos.<\/a><\/li>\n\n\n\n<li><a rel=\"noreferrer noopener\" href=\"https:\/\/comitegenero.tecdmx.org.mx\/wp-content\/uploads\/2018\/08\/ProtocoloMegaproyectosSCJN.pdf\" target=\"_blank\">Protocolo de Actuaci\u00f3n para quienes Imparten Justicia en Casos Relacionados con Proyectos de Desarrollo e Infraestructura.<\/a><\/li>\n\n\n\n<li><a rel=\"noreferrer noopener\" href=\"https:\/\/comitegenero.tecdmx.org.mx\/wp-content\/uploads\/2023\/10\/Indicadores-para-identificar-perspectiva-de-genero-en-sentencias-con-cuadros.docx\" target=\"_blank\">Formato para identificar resoluciones desarrolladas aplicando la metodolog\u00eda para juzgar con perspectiva de g\u00e9nero<\/a><a rel=\"noreferrer noopener\" href=\"https:\/\/comitegenero.tecdmx.org.mx\/wp-content\/uploads\/2023\/10\/Indicadores-para-identificar-perspectiva-de-genero-en-sentencias-con-cuadros.docx\" target=\"_blank\"> <\/a><a rel=\"noreferrer noopener\" href=\"https:\/\/comitegenero.tecdmx.org.mx\/wp-content\/uploads\/2023\/10\/Indicadores-para-identificar-perspectiva-de-genero-en-sentencias-con-cuadros.docx\" target=\"_blank\">A<\/a><a rel=\"noreferrer noopener\" href=\"https:\/\/comitegenero.tecdmx.org.mx\/wp-content\/uploads\/2023\/10\/Indicadores-para-identificar-perspectiva-de-genero-en-sentencias-con-cuadros.docx\" target=\"_blank\">M<\/a><a rel=\"noreferrer noopener\" href=\"https:\/\/comitegenero.tecdmx.org.mx\/wp-content\/uploads\/2023\/10\/Indicadores-para-identificar-perspectiva-de-genero-en-sentencias-con-cuadros.docx\" target=\"_blank\">I<\/a><a href=\"https:\/\/comitegenero.tecdmx.org.mx\/wp-content\/uploads\/2023\/10\/Indicadores-para-identificar-perspectiva-de-genero-en-sentencias-con-cuadros.docx\" target=\"_blank\" rel=\"noreferrer noopener\">J<\/a><a rel=\"noreferrer noopener\" href=\"https:\/\/comitegenero.tecdmx.org.mx\/wp-content\/uploads\/2023\/10\/Indicadores-para-identificar-perspectiva-de-genero-en-sentencias-con-cuadros.docx\" target=\"_blank\">.<\/a><\/li>\n<\/ul>\n\n\n\n<figure class=\"wp-block-image size-large\"><img decoding=\"async\" src=\"https:\/\/comitegenero.tecdmx.org.mx\/wp-content\/uploads\/2025\/10\/DECALOGO-LI-1-scaled.jpg\" alt=\"\" \/><\/figure>\n","protected":false},"excerpt":{"rendered":"","protected":false},"author":3,"featured_media":0,"parent":0,"menu_order":0,"comment_status":"closed","ping_status":"closed","template":"","meta":{"_exactmetrics_skip_tracking":false,"_exactmetrics_sitenote_active":false,"_exactmetrics_sitenote_note":"","_exactmetrics_sitenote_category":0,"footnotes":""},"_links":{"self":[{"href":"https:\/\/comitegenero.tecdmx.org.mx\/index.php\/wp-json\/wp\/v2\/pages\/2540"}],"collection":[{"href":"https:\/\/comitegenero.tecdmx.org.mx\/index.php\/wp-json\/wp\/v2\/pages"}],"about":[{"href":"https:\/\/comitegenero.tecdmx.org.mx\/index.php\/wp-json\/wp\/v2\/types\/page"}],"author":[{"embeddable":true,"href":"https:\/\/comitegenero.tecdmx.org.mx\/index.php\/wp-json\/wp\/v2\/users\/3"}],"replies":[{"embeddable":true,"href":"https:\/\/comitegenero.tecdmx.org.mx\/index.php\/wp-json\/wp\/v2\/comments?post=2540"}],"version-history":[{"count":75,"href":"https:\/\/comitegenero.tecdmx.org.mx\/index.php\/wp-json\/wp\/v2\/pages\/2540\/revisions"}],"predecessor-version":[{"id":6923,"href":"https:\/\/comitegenero.tecdmx.org.mx\/index.php\/wp-json\/wp\/v2\/pages\/2540\/revisions\/6923"}],"wp:attachment":[{"href":"https:\/\/comitegenero.tecdmx.org.mx\/index.php\/wp-json\/wp\/v2\/media?parent=2540"}],"curies":[{"name":"wp","href":"https:\/\/api.w.org\/{rel}","templated":true}]}}