{"id":2533,"date":"2018-06-14T19:22:09","date_gmt":"2018-06-14T19:22:09","guid":{"rendered":"http:\/\/sitio.tedf.org.mx\/?page_id=2533"},"modified":"2020-02-27T03:21:15","modified_gmt":"2020-02-27T03:21:15","slug":"cdhyg","status":"publish","type":"page","link":"https:\/\/comitegenero.tecdmx.org.mx\/index.php\/cdhyg\/","title":{"rendered":"Comit\u00e9 de Derechos Humanos y G\u00e9nero"},"content":{"rendered":"<p>En el marco de la reestructura institucional del TECDMX, se cre\u00f3 la Coordinaci\u00f3n de Derechos Humanos y G\u00e9nero.<\/p>\n<p>De conformidad con el C\u00f3digo de Instituciones y Procedimientos Electorales de la Ciudad de M\u00e9xico, esta unidad t\u00e9cnica coordina, propone e instrumenta las decisiones adoptadas por el CGyDH, en cuanto al dise\u00f1o y desarrollo de estrategias para impulsar y fortalecer la funci\u00f3n jurisdiccional electoral local, en materia de<\/p>\n<p>Ambientes laborales libres de violencia y discriminaci\u00f3n.<br \/>\nConstrucci\u00f3n de redes de colaboraci\u00f3n y sinergia con personas f\u00edsicas y morales que participan en la democracia en la entidad, para su incidencia en los procesos de impartici\u00f3n de justicia.<br \/>\nIncorporar la transversalidad de la perspectiva de g\u00e9nero y Derechos Humanos en la instituci\u00f3n.<br \/>\nCoordinar la formaci\u00f3n, capacitaci\u00f3n y certificaci\u00f3n del personal en materia de g\u00e9nero e igualdad sustantiva, as\u00ed como Derechos Humanos.<br \/>\nIncorporar de la perspectiva de g\u00e9nero en los proyectos de planeaci\u00f3n, reforma y modernizaci\u00f3n judicial y administrativa.<br \/>\nIncidir en la cultura de promover las medidas de protecci\u00f3n de derechos humanos de las mujeres y los diversos grupos en situaci\u00f3n de vulnerabilidad, en el marco de los procesos jurisdiccionales en que se encuentren vinculadas.<br \/>\nRevisar las pol\u00edticas laborales para eliminar la discriminaci\u00f3n basada en el g\u00e9nero.<\/p>\n","protected":false},"excerpt":{"rendered":"<p>En el marco de la reestructura institucional del TECDMX, se cre\u00f3 la Coordinaci\u00f3n de Derechos Humanos y G\u00e9nero. De conformidad con el C\u00f3digo de Instituciones y Procedimientos Electorales de la Ciudad de M\u00e9xico, esta unidad t\u00e9cnica coordina, propone e instrumenta las decisiones adoptadas por el CGyDH, en cuanto al dise\u00f1o y desarrollo de estrategias para [&hellip;]<\/p>\n","protected":false},"author":3,"featured_media":0,"parent":0,"menu_order":0,"comment_status":"closed","ping_status":"closed","template":"","meta":{"_exactmetrics_skip_tracking":false,"_exactmetrics_sitenote_active":false,"_exactmetrics_sitenote_note":"","_exactmetrics_sitenote_category":0,"footnotes":""},"_links":{"self":[{"href":"https:\/\/comitegenero.tecdmx.org.mx\/index.php\/wp-json\/wp\/v2\/pages\/2533"}],"collection":[{"href":"https:\/\/comitegenero.tecdmx.org.mx\/index.php\/wp-json\/wp\/v2\/pages"}],"about":[{"href":"https:\/\/comitegenero.tecdmx.org.mx\/index.php\/wp-json\/wp\/v2\/types\/page"}],"author":[{"embeddable":true,"href":"https:\/\/comitegenero.tecdmx.org.mx\/index.php\/wp-json\/wp\/v2\/users\/3"}],"replies":[{"embeddable":true,"href":"https:\/\/comitegenero.tecdmx.org.mx\/index.php\/wp-json\/wp\/v2\/comments?post=2533"}],"version-history":[{"count":5,"href":"https:\/\/comitegenero.tecdmx.org.mx\/index.php\/wp-json\/wp\/v2\/pages\/2533\/revisions"}],"predecessor-version":[{"id":4752,"href":"https:\/\/comitegenero.tecdmx.org.mx\/index.php\/wp-json\/wp\/v2\/pages\/2533\/revisions\/4752"}],"wp:attachment":[{"href":"https:\/\/comitegenero.tecdmx.org.mx\/index.php\/wp-json\/wp\/v2\/media?parent=2533"}],"curies":[{"name":"wp","href":"https:\/\/api.w.org\/{rel}","templated":true}]}}