{"id":2517,"date":"2018-06-14T19:18:28","date_gmt":"2018-06-14T19:18:28","guid":{"rendered":"http:\/\/sitio.tedf.org.mx\/?page_id=2517"},"modified":"2020-02-26T00:37:55","modified_gmt":"2020-02-26T00:37:55","slug":"programas-de-trabajo","status":"publish","type":"page","link":"https:\/\/comitegenero.tecdmx.org.mx\/index.php\/programas-de-trabajo\/","title":{"rendered":"Programas de trabajo"},"content":{"rendered":"<h1 class=\"page-title\">Estrategias de los Programas de Trabajo.<\/h1>\n<div class=\"region region-content\">\n<div id=\"block-system-main\" class=\"block block-system\">\n<div class=\"content\">\n<div class=\"content node-page\">\n<div class=\"field field-name-body field-type-text-with-summary field-label-hidden\">\n<div class=\"field-items\">\n<div class=\"field-item even\">\n<p class=\"rtejustify\"><strong>Presentaci\u00f3n.<\/strong><\/p>\n<p class=\"rtejustify\">Las Estrategias de los Programas de Trabajo son una respuesta proactiva, y con enfoque de transversalidad, a los mandatos constitucionales y convencionales concentrados en el Plan Integral de Trabajo.<\/p>\n<p class=\"rtejustify\">Mediante diversos mecanismos de ense\u00f1anza-aprendizaje, el Comit\u00e9 impulsa diversas actividades concretas, enfocadas en promover la sensibilizaci\u00f3n y formaci\u00f3n de su personal, la construcci\u00f3n de la ciudadan\u00eda de las personas f\u00edsicas y morales que intervienen en la democracia de nuestra Ciudad, la investigaci\u00f3n y la producci\u00f3n acad\u00e9mica, procura la colaboraci\u00f3n interinstitucional y enriquece la difusi\u00f3n de la cultura democr\u00e1tica.<\/p>\n<p class=\"rtejustify\">Lo anterior, con el objeto de optimizar la funci\u00f3n jurisdiccional y administrativa del Tribunal, desarrollar buenas pr\u00e1cticas organizacionales y fomentar la cultura democr\u00e1tica de las personas f\u00edsicas y morales que intervienen en la democracia de nuestra Ciudad, en materia de derechos fundamentales, Igualdad sustantiva, paridad de g\u00e9nero, pluralismo, multiculturalidad y derechos de las personas con discapacidad.<\/p>\n<p class=\"rtejustify\"><strong>Objetivo general<\/strong><\/p>\n<p class=\"rtejustify\">Situar al Tribunal como un referente de primera l\u00ednea respecto de la responsabilidad p\u00fablica de garantizar, mediante la profesionalizaci\u00f3n de su personal y el fortalecimiento de la cultura democr\u00e1tica de las personas f\u00edsicas y morales que intervienen en la democracia de nuestra Ciudad, los derechos fundamentales y conexos, la igualdad sustantiva, la paridad &nbsp;de g\u00e9nero y la protecci\u00f3n a grupos en situaci\u00f3n de vulnerabilidad, en la Ciudad de M\u00e9xico.<\/p>\n<p class=\"rtecenter\"><strong>ESTRATEGIAS DE LOS PROGRAMAS DE TRABAJO<sup><a id=\"_ftnref1\" title=\"\" href=\"http:\/\/comitegenero.tecdmx.org.mx\/programas_trabajo#_ftn1\" name=\"_ftnref1\">[1]<\/a><\/sup><\/strong><\/p>\n<div>\n<ol>\n<li><a href=\"https:\/\/comitegenero.tecdmx.org.mx\/index.php\/derechos-funda-derechos-conexos\/\"><strong>Derechos fundamentales y derechos conexos.<\/strong><\/a><\/li>\n<li><a href=\"https:\/\/comitegenero.tecdmx.org.mx\/index.php\/igualdad-sustan-paridad-genero\/\"><strong>Igualdad sustantiva y paridad de g\u00e9nero.<\/strong><\/a><\/li>\n<li><a href=\"https:\/\/comitegenero.tecdmx.org.mx\/index.php\/pluralismo-multicultural\/\"><strong>Pluralismo y multiculturalidad.<\/strong><\/a><\/li>\n<li><a href=\"https:\/\/comitegenero.tecdmx.org.mx\/index.php\/derechos-pers-discapacidad\/\"><strong>Derechos de las personas con discapacidad.<\/strong><\/a><\/li>\n<\/ol>\n<hr>\n<div id=\"ftn1\">\n<p><sup><a id=\"_ftn1\" title=\"\" href=\"http:\/\/comitegenero.tecdmx.org.mx\/programas_trabajo#_ftnref1\" name=\"_ftn1\">[1]<\/a><\/sup>&nbsp;Acotaciones.&nbsp;<strong>a)<\/strong>: Actividades programadas a corto plazo.&nbsp;<strong>1.A<\/strong>: Actividades programadas a mediano plazo.&nbsp;<strong>1.B<\/strong>: Actividades permanentes.<\/p>\n<\/div>\n<\/div>\n<\/div>\n<\/div>\n<\/div>\n<\/div>\n<\/div>\n<\/div>\n<\/div>\n","protected":false},"excerpt":{"rendered":"<p>Estrategias de los Programas de Trabajo. Presentaci\u00f3n. Las Estrategias de los Programas de Trabajo son una respuesta proactiva, y con enfoque de transversalidad, a los mandatos constitucionales y convencionales concentrados en el Plan Integral de Trabajo. Mediante diversos mecanismos de ense\u00f1anza-aprendizaje, el Comit\u00e9 impulsa diversas actividades concretas, enfocadas en promover la sensibilizaci\u00f3n y formaci\u00f3n de [&hellip;]<\/p>\n","protected":false},"author":3,"featured_media":0,"parent":0,"menu_order":0,"comment_status":"closed","ping_status":"closed","template":"","meta":{"_exactmetrics_skip_tracking":false,"_exactmetrics_sitenote_active":false,"_exactmetrics_sitenote_note":"","_exactmetrics_sitenote_category":0,"footnotes":""},"_links":{"self":[{"href":"https:\/\/comitegenero.tecdmx.org.mx\/index.php\/wp-json\/wp\/v2\/pages\/2517"}],"collection":[{"href":"https:\/\/comitegenero.tecdmx.org.mx\/index.php\/wp-json\/wp\/v2\/pages"}],"about":[{"href":"https:\/\/comitegenero.tecdmx.org.mx\/index.php\/wp-json\/wp\/v2\/types\/page"}],"author":[{"embeddable":true,"href":"https:\/\/comitegenero.tecdmx.org.mx\/index.php\/wp-json\/wp\/v2\/users\/3"}],"replies":[{"embeddable":true,"href":"https:\/\/comitegenero.tecdmx.org.mx\/index.php\/wp-json\/wp\/v2\/comments?post=2517"}],"version-history":[{"count":10,"href":"https:\/\/comitegenero.tecdmx.org.mx\/index.php\/wp-json\/wp\/v2\/pages\/2517\/revisions"}],"predecessor-version":[{"id":4684,"href":"https:\/\/comitegenero.tecdmx.org.mx\/index.php\/wp-json\/wp\/v2\/pages\/2517\/revisions\/4684"}],"wp:attachment":[{"href":"https:\/\/comitegenero.tecdmx.org.mx\/index.php\/wp-json\/wp\/v2\/media?parent=2517"}],"curies":[{"name":"wp","href":"https:\/\/api.w.org\/{rel}","templated":true}]}}