{"id":2508,"date":"2018-06-14T19:09:39","date_gmt":"2018-06-14T19:09:39","guid":{"rendered":"http:\/\/sitio.tedf.org.mx\/?page_id=2508"},"modified":"2025-06-03T18:57:18","modified_gmt":"2025-06-03T18:57:18","slug":"plan-de-trabajo","status":"publish","type":"page","link":"https:\/\/comitegenero.tecdmx.org.mx\/index.php\/plan-de-trabajo\/","title":{"rendered":"Plan de trabajo"},"content":{"rendered":"<h1 class=\"page-title\">Ejes rectores del Plan Integral de Trabajo.<\/h1>\n<div class=\"region region-content\">\n<div id=\"block-system-main\" class=\"block block-system\">\n<div class=\"content\">\n<div class=\"content node-page\">\n<div class=\"field field-name-body field-type-text-with-summary field-label-hidden\">\n<div class=\"field-items\">\n<div class=\"field-item even\">\n<p class=\"rtejustify\">Los Ejes rectores del Plan son un conjunto ordenado de pol\u00edticas institucionales adoptadas por el Comit\u00e9, que orientan y fijan la materia concreta de las l\u00edneas de acci\u00f3n para fomentar la formaci\u00f3n de su personal y la construcci\u00f3n de ciudadan\u00eda de las personas f\u00edsicas y morales que intervienen en la democracia de nuestra Ciudad, en materia de derechos fundamentales, igualdad sustantiva, paridad de g\u00e9nero y protecci\u00f3n a la poblaci\u00f3n de atenci\u00f3n prioritaria.<\/p>\n<p class=\"rtejustify\">Los Ejes rectores integran los mecanismos tem\u00e1ticos base del sistema para el dise\u00f1o, ejecuci\u00f3n, seguimiento y evaluaci\u00f3n actividades instrumentadas en los Programas y sus Estrategias.<\/p>\n<p class=\"rtejustify\">Estos mecanismos tem\u00e1ticos se derivan del dise\u00f1o de la ingenier\u00eda pol\u00edtica promulgada en la Constituci\u00f3n Pol\u00edtica de la Ciudad de M\u00e9xico, el 5 de febrero de 2017, correspondiente, por supuesto, con el sistema normativo constitucional federal y con el modelo pol\u00edtico del constitucionalismo social contempor\u00e1neo, coherentes a su vez con el cat\u00e1logo universal y regional de derechos humanos.<\/p>\n<\/div>\n<\/div>\n<\/div>\n<\/div>\n<\/div>\n<\/div>\n<\/div>\n","protected":false},"excerpt":{"rendered":"<p>Ejes rectores del Plan Integral de Trabajo. Los Ejes rectores del Plan son un conjunto ordenado de pol\u00edticas institucionales adoptadas por el Comit\u00e9, que orientan y fijan la materia concreta de las l\u00edneas de acci\u00f3n para fomentar la formaci\u00f3n de su personal y la construcci\u00f3n de ciudadan\u00eda de las personas f\u00edsicas y morales que intervienen [&hellip;]<\/p>\n","protected":false},"author":3,"featured_media":0,"parent":0,"menu_order":0,"comment_status":"closed","ping_status":"closed","template":"","meta":{"_exactmetrics_skip_tracking":false,"_exactmetrics_sitenote_active":false,"_exactmetrics_sitenote_note":"","_exactmetrics_sitenote_category":0,"footnotes":""},"_links":{"self":[{"href":"https:\/\/comitegenero.tecdmx.org.mx\/index.php\/wp-json\/wp\/v2\/pages\/2508"}],"collection":[{"href":"https:\/\/comitegenero.tecdmx.org.mx\/index.php\/wp-json\/wp\/v2\/pages"}],"about":[{"href":"https:\/\/comitegenero.tecdmx.org.mx\/index.php\/wp-json\/wp\/v2\/types\/page"}],"author":[{"embeddable":true,"href":"https:\/\/comitegenero.tecdmx.org.mx\/index.php\/wp-json\/wp\/v2\/users\/3"}],"replies":[{"embeddable":true,"href":"https:\/\/comitegenero.tecdmx.org.mx\/index.php\/wp-json\/wp\/v2\/comments?post=2508"}],"version-history":[{"count":4,"href":"https:\/\/comitegenero.tecdmx.org.mx\/index.php\/wp-json\/wp\/v2\/pages\/2508\/revisions"}],"predecessor-version":[{"id":6621,"href":"https:\/\/comitegenero.tecdmx.org.mx\/index.php\/wp-json\/wp\/v2\/pages\/2508\/revisions\/6621"}],"wp:attachment":[{"href":"https:\/\/comitegenero.tecdmx.org.mx\/index.php\/wp-json\/wp\/v2\/media?parent=2508"}],"curies":[{"name":"wp","href":"https:\/\/api.w.org\/{rel}","templated":true}]}}