{"id":2491,"date":"2018-06-14T18:15:44","date_gmt":"2018-06-14T18:15:44","guid":{"rendered":"http:\/\/sitio.tedf.org.mx\/?page_id=2491"},"modified":"2025-06-03T18:55:55","modified_gmt":"2025-06-03T18:55:55","slug":"objetivo-general","status":"publish","type":"page","link":"https:\/\/comitegenero.tecdmx.org.mx\/index.php\/objetivo-general\/","title":{"rendered":"Objetivo general"},"content":{"rendered":"<p>Establecer las bases para institucionalizar un modelo transversal en materia de derechos fundamentales, igualdad sustantiva, paridad de g\u00e9nero y protecci\u00f3n a la poblaci\u00f3n de atenci\u00f3n prioritaria, como ejes rectores en las funciones jurisdiccional y administrativa del TECDMX, mediante el dise\u00f1o, implementaci\u00f3n, evaluaci\u00f3n y seguimiento de estrategias de sensibilizaci\u00f3n, difusi\u00f3n y formaci\u00f3n de su personal y de las personas f\u00edsicas y morales que intervienen en la democracia de nuestra Ciudad, as\u00ed como impulsar pol\u00edticas, directrices, acuerdos y acciones afirmativas en la materia.<\/p>\n","protected":false},"excerpt":{"rendered":"<p>Establecer las bases para institucionalizar un modelo transversal en materia de derechos fundamentales, igualdad sustantiva, paridad de g\u00e9nero y protecci\u00f3n a la poblaci\u00f3n de atenci\u00f3n prioritaria, como ejes rectores en las funciones jurisdiccional y administrativa del TECDMX, mediante el dise\u00f1o, implementaci\u00f3n, evaluaci\u00f3n y seguimiento de estrategias de sensibilizaci\u00f3n, difusi\u00f3n y formaci\u00f3n de su personal y [&hellip;]<\/p>\n","protected":false},"author":3,"featured_media":0,"parent":0,"menu_order":0,"comment_status":"closed","ping_status":"closed","template":"","meta":{"_exactmetrics_skip_tracking":false,"_exactmetrics_sitenote_active":false,"_exactmetrics_sitenote_note":"","_exactmetrics_sitenote_category":0,"footnotes":""},"_links":{"self":[{"href":"https:\/\/comitegenero.tecdmx.org.mx\/index.php\/wp-json\/wp\/v2\/pages\/2491"}],"collection":[{"href":"https:\/\/comitegenero.tecdmx.org.mx\/index.php\/wp-json\/wp\/v2\/pages"}],"about":[{"href":"https:\/\/comitegenero.tecdmx.org.mx\/index.php\/wp-json\/wp\/v2\/types\/page"}],"author":[{"embeddable":true,"href":"https:\/\/comitegenero.tecdmx.org.mx\/index.php\/wp-json\/wp\/v2\/users\/3"}],"replies":[{"embeddable":true,"href":"https:\/\/comitegenero.tecdmx.org.mx\/index.php\/wp-json\/wp\/v2\/comments?post=2491"}],"version-history":[{"count":6,"href":"https:\/\/comitegenero.tecdmx.org.mx\/index.php\/wp-json\/wp\/v2\/pages\/2491\/revisions"}],"predecessor-version":[{"id":6620,"href":"https:\/\/comitegenero.tecdmx.org.mx\/index.php\/wp-json\/wp\/v2\/pages\/2491\/revisions\/6620"}],"wp:attachment":[{"href":"https:\/\/comitegenero.tecdmx.org.mx\/index.php\/wp-json\/wp\/v2\/media?parent=2491"}],"curies":[{"name":"wp","href":"https:\/\/api.w.org\/{rel}","templated":true}]}}