{"id":2490,"date":"2018-06-14T18:15:44","date_gmt":"2018-06-14T18:15:44","guid":{"rendered":"http:\/\/sitio.tedf.org.mx\/?page_id=2490"},"modified":"2020-02-27T03:18:17","modified_gmt":"2020-02-27T03:18:17","slug":"fundamento-juridico","status":"publish","type":"page","link":"https:\/\/comitegenero.tecdmx.org.mx\/index.php\/fundamento-juridico\/","title":{"rendered":"Fundamento jur\u00eddico"},"content":{"rendered":"<p class=\"rtejustify\">El TECDMX es la autoridad jurisdiccional especializada en materia electoral en la Ciudad de M\u00e9xico, dotado de plena jurisdicci\u00f3n, que tiene a su cargo garantizar que todos los actos y resoluciones electorales locales y de los procedimientos de participaci\u00f3n ciudadana en la Ciudad de M\u00e9xico, as\u00ed como los procesos democr\u00e1ticos, que sean de su competencia, se sujeten al principio de constitucionalidad, convencionalidad y legalidad; as\u00ed como a los principios de certeza, imparcialidad, objetividad, legalidad y probidad.<\/p>\n<p class=\"rtejustify\">Garante en la defensa de los derechos pol\u00edtico electorales de la ciudadan\u00eda capitalina, goza de autonom\u00eda t\u00e9cnica y de gesti\u00f3n en su funcionamiento e independencia en sus decisiones, debiendo cumplir sus funciones bajo los principios de certeza, imparcialidad, objetividad, legalidad y probidad.<\/p>\n<p class=\"rtejustify\">Es competente para conocer y resolver de forma definitiva:<\/p>\n<ul>\n<li class=\"rtejustify\">Los medios de impugnaci\u00f3n en materia electoral y de participaci\u00f3n ciudadana sometida a su competencia, relacionada con probables irregularidades en el desarrollo de estos procesos,<\/li>\n<li class=\"rtejustify\">De las violaciones a los derechos pol\u00edtico electorales de las personas,<\/li>\n<li class=\"rtejustify\">Conflictos entre \u00f3rganos de representaci\u00f3n ciudadana o sus integrantes,<\/li>\n<li class=\"rtejustify\">De los conflictos laborales entre el TECDMX electoral y sus servidores, o el Instituto Electoral y sus servidores<\/li>\n<li class=\"rtejustify\">Verificar que los actos y resoluciones de las autoridades electorales y de participaci\u00f3n ciudadana se ajusten a la Constituci\u00f3n Local, el C\u00f3digo Electoral y la Ley procesal.<\/li>\n<\/ul>\n<p class=\"rtejustify\">De acuerdo con los art\u00edculos 165 y 181, fracci\u00f3n IV del C\u00f3digo de Instituciones y Procedimientos Electorales de la Ciudad de M\u00e9xico.<\/p>\n<p class=\"rtejustify\">La creaci\u00f3n y atribuciones del Comit\u00e9, se fundan en lo dispuesto en los art\u00edculos 1, 2, 4, 116, fracci\u00f3n IV, inciso c) y 122, apartado A, fracciones VII y IX de la Constituci\u00f3n Federal; 1, 2, 3, 4, 5, 6, 7, 11, 24, 25, 26, 27, 30, 38, 46, 57, 58, 59 y 70 de la Constituci\u00f3n Pol\u00edtica de la Ciudad de M\u00e9xico; 1, numeral 3 y 105 de la Ley General de Instituciones y Procedimientos Electorales; los art\u00edculos 165 a 191 del C\u00f3digo de Instituciones y Procedimientos Electorales de la Ciudad de M\u00e9xico; art\u00edculos 1 y 6 del Reglamento Interior del TECDMX y; el Acuerdo del Pleno del TECDMX de 1 de marzo de 2017.<\/p>\n<p class=\"rtejustify\">El \u00e1mbito material de las atribuciones del Comit\u00e9 se encuentra previsto en los sistemas normativos nacional, local y convencional referidos a los derechos fundamentales, la igualdad sustantiva y la protecci\u00f3n a grupos vulnerables:<\/p>\n<p class=\"rtejustify\">Sistema nacional y local. Integrado por la Constituci\u00f3n Federal, la Constituci\u00f3n de la Ciudad de M\u00e9xico y la legislaci\u00f3n que de ella emane, debidamente armonizada por el Congreso local; Ley Federal para Prevenir y Eliminar la Discriminaci\u00f3n, Ley General de Acceso de las Mujeres a una Vida Libre de Violencia, Ley de Acceso de las Mujeres a una vida Libre de Violencia el Distrito Federal, Ley de igualdad sustantiva entre mujeres y hombres en el Distrito Federal y Ley para Prevenir y Eliminar la Discriminaci\u00f3n del Distrito Federal, Ley de la Comisi\u00f3n Nacional para el Desarrollo de los Pueblos Ind\u00edgenas, Ley General de Derechos Ling\u00fc\u00edsticos de los Pueblos Ind\u00edgenas, Ley General para la inclusi\u00f3n de las Personas con Discapacidad y, finalmente, el Protocolo para Juzgar con Perspectiva de G\u00e9nero; Protocolo para atender la violencia pol\u00edtica contra las mujeres y, el Protocolo de actuaci\u00f3n para quienes imparten justicia en casos que involucren derechos de personas, comunidades y pueblos ind\u00edgenas y, el Protocolo de actuaci\u00f3n para quienes imparten justicia en casos que involucren derechos de personas con discapacidad.<\/p>\n<p class=\"rtejustify\">Sistema universal e interamericano: Declaraci\u00f3n Universal de Derechos Humanos, Pacto Internacional de Derechos Civiles y Pol\u00edticos, Declaraci\u00f3n Americana de los Derechos y Deberes del Hombre, la Convenci\u00f3n sobre la Eliminaci\u00f3n de Todas las Formas de Discriminaci\u00f3n contra la Mujer (CEDAW), Convenci\u00f3n sobre los derechos pol\u00edticos de la mujer, Convenci\u00f3n interamericana sobre concesi\u00f3n sobre los derechos pol\u00edticos a la mujer, Convenci\u00f3n interamericana para prevenir, sancionar y erradicar la violencia contra la mujer Bel\u00e9m do Par\u00e1, Convenio 169 sobre Pueblos Ind\u00edgenas y Tribales en Pa\u00edses Independientes, Declaraci\u00f3n de las Naciones Unidas sobre los Derechos de los Pueblos Ind\u00edgenas, Convenio 111 sobre discriminaci\u00f3n laboral, Declaraci\u00f3n sobre los Derechos de las Personas Pertenecientes a Minor\u00edas Nacionales o \u00c9tnicas, Religiosas y Ling\u00fc\u00edsticas.<\/p>\n","protected":false},"excerpt":{"rendered":"<p>El TECDMX es la autoridad jurisdiccional especializada en materia electoral en la Ciudad de M\u00e9xico, dotado de plena jurisdicci\u00f3n, que tiene a su cargo garantizar que todos los actos y resoluciones electorales locales y de los procedimientos de participaci\u00f3n ciudadana en la Ciudad de M\u00e9xico, as\u00ed como los procesos democr\u00e1ticos, que sean de su competencia, [&hellip;]<\/p>\n","protected":false},"author":3,"featured_media":0,"parent":0,"menu_order":0,"comment_status":"closed","ping_status":"closed","template":"","meta":{"_exactmetrics_skip_tracking":false,"_exactmetrics_sitenote_active":false,"_exactmetrics_sitenote_note":"","_exactmetrics_sitenote_category":0,"footnotes":""},"_links":{"self":[{"href":"https:\/\/comitegenero.tecdmx.org.mx\/index.php\/wp-json\/wp\/v2\/pages\/2490"}],"collection":[{"href":"https:\/\/comitegenero.tecdmx.org.mx\/index.php\/wp-json\/wp\/v2\/pages"}],"about":[{"href":"https:\/\/comitegenero.tecdmx.org.mx\/index.php\/wp-json\/wp\/v2\/types\/page"}],"author":[{"embeddable":true,"href":"https:\/\/comitegenero.tecdmx.org.mx\/index.php\/wp-json\/wp\/v2\/users\/3"}],"replies":[{"embeddable":true,"href":"https:\/\/comitegenero.tecdmx.org.mx\/index.php\/wp-json\/wp\/v2\/comments?post=2490"}],"version-history":[{"count":5,"href":"https:\/\/comitegenero.tecdmx.org.mx\/index.php\/wp-json\/wp\/v2\/pages\/2490\/revisions"}],"predecessor-version":[{"id":4738,"href":"https:\/\/comitegenero.tecdmx.org.mx\/index.php\/wp-json\/wp\/v2\/pages\/2490\/revisions\/4738"}],"wp:attachment":[{"href":"https:\/\/comitegenero.tecdmx.org.mx\/index.php\/wp-json\/wp\/v2\/media?parent=2490"}],"curies":[{"name":"wp","href":"https:\/\/api.w.org\/{rel}","templated":true}]}}