{"id":2488,"date":"2018-06-14T18:15:44","date_gmt":"2018-06-14T18:15:44","guid":{"rendered":"http:\/\/sitio.tedf.org.mx\/?page_id=2488"},"modified":"2025-10-09T19:59:12","modified_gmt":"2025-10-09T19:59:12","slug":"antecedentes","status":"publish","type":"page","link":"https:\/\/comitegenero.tecdmx.org.mx\/index.php\/antecedentes\/","title":{"rendered":"Antecedentes"},"content":{"rendered":"\n<p><strong>Misi\u00f3n y Visi\u00f3n del Tribunal Electoral de la Ciudad de M\u00e9xico<\/strong><\/p>\n\n\n\n<p><strong>Misi\u00f3n:<\/strong><\/p>\n\n\n\n<p>Por mandato de la Constituci\u00f3n Pol\u00edtica de la Ciudad de M\u00e9xico, este \u00d3rgano Colegiado tiene como misi\u00f3n dirimir o resolver las controversias en materia electoral y de participaci\u00f3n ciudadana que se suscitan en esta Ciudad Capital y que son sometidas a su competencia.<\/p>\n\n\n\n<p>Por lo que, en todo momento buscar\u00e1 la tutela efectiva de los derechos pol\u00edtico-electorales de la ciudadan\u00eda, con apego a los principios de constitucionales de autonom\u00eda, legalidad, independencia, progresividad, equidad y pro homine o pro persona.<\/p>\n\n\n\n<p><strong>Visi\u00f3n:<\/strong><\/p>\n\n\n\n<p>La visi\u00f3n del Tribunal Electoral de la Ciudad de M\u00e9xico se encuentra encaminada a ser el mejor \u00d3rgano Colegiado en materia electoral a nivel nacional y ser el referente m\u00e1ximo en toda la Rep\u00fablica Mexicana, por lo que, su actuar se sustenta en los principios de eficacia, eficiencia, objetividad, profesionalismo, imparcialidad, integridad, inmediatez, prontitud, legalidad, transparencia, m\u00e1xima publicidad y rendici\u00f3n de cuentas, siendo as\u00ed, una autoridad electoral s\u00f3lida, confiable y ejemplar que responda a las expectativas de habitantes y ciudadan\u00eda de todas las demarcaciones territoriales, fortaleciendo el estado democr\u00e1tico de la Ciudad de M\u00e9xico.<\/p>\n\n\n\n<p>Fuente: Manual de Organizaci\u00f3n y Funcionamiento del Tribunal Electoral de la Ciudad de M\u00e9xico<\/p>\n\n\n<p><strong>Acerca del Comit\u00e9 de G\u00e9nero y Derechos Humanos del TECDMX<\/strong><\/p>\n<p class=\"rtejustify\">Creado mediante Acuerdo del Pleno del TECDMX, de 1 de marzo de 2017, celebr\u00e1ndose su instalaci\u00f3n el 13 de marzo siguiente, el Comit\u00e9 es el \u00f3rgano colegiado que tiene como funci\u00f3n, dise\u00f1ar y establecer mecanismos de formaci\u00f3n, capacitaci\u00f3n, difusi\u00f3n, investigaci\u00f3n y promoci\u00f3n de la cultura democr\u00e1tica y la construcci\u00f3n de ciudadan\u00eda, del personal de la instituci\u00f3n, desde un enfoque transversal, con el objetivo de optimizar las esferas normativa y org\u00e1nica del TECDMX, en materia de derechos pol\u00edtico-electorales, igualdad sustantiva, paridad de g\u00e9nero, acciones afirmativas y protecci\u00f3n a grupos en situaci\u00f3n de vulnerabilidad.<\/p>\n<p class=\"rtejustify\">El TECDMX, como m\u00e1ximo \u00f3rgano jurisdiccional, permanente y especializado en materia pol\u00edtico-electoral y procesos democr\u00e1ticos en la entidad, considera de trascendental importancia adecuar su arquitectura organizacional al enfoque garantista y progresivo expresado en la Constituci\u00f3n local.<\/p>\n<p class=\"rtejustify\">Con el objeto de erradicar conductas o pr\u00e1cticas que fomentan la desigualdad, la discriminaci\u00f3n y el menoscabo de las libertades fundamentales, situaciones que impactan negativamente en la funci\u00f3n institucional y en el v\u00ednculo con la ciudadan\u00eda y, con el fin de potencializar el alcance y posibilidades de las funciones sustantivas del TECDMX, el Comit\u00e9 ha estructurado la operatividad de sus atribuciones en cuatro Ejes Rectores.<\/p>\n<ul>\n<li class=\"rtejustify\"><strong>Derechos Humanos<\/strong>. Los Derechos fundamentales y conexos de la Ciudad de M\u00e9xico son la base de la democracia en la entidad, por lo tanto, el Comit\u00e9 impulsar\u00e1 actividades para optimizar la funci\u00f3n jurisdiccional, fortalecer la cooperaci\u00f3n interinstitucional y procurar espacios de di\u00e1logo enfocados a la construcci\u00f3n de ciudadan\u00eda.<\/li>\n<\/ul>\n<ul>\n<li class=\"rtejustify\"><strong>Igualdad Sustantiva y Perspectiva de G\u00e9nero<\/strong>. En el orden constitucional de esta Ciudad, es un imperativo el compromiso \u00e9tico y jur\u00eddico de mejorar la situaci\u00f3n de facto de las mujeres en todos los \u00e1mbitos de la vida, para lo cual, por lo tanto, el Comit\u00e9 promover\u00e1 estrategias de sensibilizaci\u00f3n, impulsar\u00e1 la perspectiva de g\u00e9nero en la funci\u00f3n jurisdiccional, la paridad y otras acciones afirmativas y, fomentar\u00e1 el di\u00e1logo social en favor de una igualdad sustantiva efectiva, sin menoscabo de la independencia y la imparcialidad judicial.<\/li>\n<\/ul>\n<ul>\n<li class=\"rtejustify\"><strong>Pluralismo y Multiculturalidad.<\/strong>\u00a0La Constituci\u00f3n Local establece el reconocimiento, protecci\u00f3n y respeto por los sistemas normativos internos de los pueblos y barrios originarios y comunidades ind\u00edgenas residentes en la Ciudad de M\u00e9xico, por lo tanto, el Comit\u00e9 llevar\u00e1 a cabo actividades de sensibilizaci\u00f3n y formaci\u00f3n del personal jurisdiccional en \u00e1reas como la tutela jurisdiccional efectiva en materia de derechos pol\u00edtico electorales, medidas de atenci\u00f3n y debido proceso; asimismo fomentar\u00e1 espacios deliberativos para robustecer la cultura pol\u00edtica en el tema.<\/li>\n<\/ul>\n<ul>\n<li class=\"rtejustify\"><strong>Derechos de las Personas con Discapacidad y otros grupos en situaci\u00f3n de vulnerabilidad<\/strong>. El reconocimiento y protecci\u00f3n de las personas con discapacidad y los diversos grupos en situaci\u00f3n de vulnerabilidad, como individuos de pleno derecho, celebra la diversidad y la dignidad humanas, por tanto, el Comit\u00e9 asume el compromiso de establecer mecanismos de sensibilizaci\u00f3n y formaci\u00f3n del personal jurisdiccional y administrativo, con el fin de garantizar sus derechos pol\u00edticos, y procurar ampliar los espacios de dialogo social y cultura c\u00edvica en el tema.<\/li>\n<\/ul>\n\n\n<hr class=\"wp-block-separator has-alpha-channel-opacity\" \/>\n\n\n\n<p><strong><em><a href=\"https:\/\/comitegenero.tecdmx.org.mx\/index.php\/2025\/09\/22\/historico-cgydh\/\" target=\"_blank\" rel=\"noreferrer noopener\">Documentos Hist\u00f3ricos<\/a><\/em><\/strong><\/p>\n","protected":false},"excerpt":{"rendered":"<p>Misi\u00f3n y Visi\u00f3n del Tribunal Electoral de la Ciudad de M\u00e9xico Misi\u00f3n: Por mandato de la Constituci\u00f3n Pol\u00edtica de la Ciudad de M\u00e9xico, este \u00d3rgano Colegiado tiene como misi\u00f3n dirimir o resolver las controversias en materia electoral y de participaci\u00f3n ciudadana que se suscitan en esta Ciudad Capital y que son sometidas a su competencia. [&hellip;]<\/p>\n","protected":false},"author":3,"featured_media":0,"parent":0,"menu_order":0,"comment_status":"closed","ping_status":"closed","template":"","meta":{"_exactmetrics_skip_tracking":false,"_exactmetrics_sitenote_active":false,"_exactmetrics_sitenote_note":"","_exactmetrics_sitenote_category":0,"footnotes":""},"_links":{"self":[{"href":"https:\/\/comitegenero.tecdmx.org.mx\/index.php\/wp-json\/wp\/v2\/pages\/2488"}],"collection":[{"href":"https:\/\/comitegenero.tecdmx.org.mx\/index.php\/wp-json\/wp\/v2\/pages"}],"about":[{"href":"https:\/\/comitegenero.tecdmx.org.mx\/index.php\/wp-json\/wp\/v2\/types\/page"}],"author":[{"embeddable":true,"href":"https:\/\/comitegenero.tecdmx.org.mx\/index.php\/wp-json\/wp\/v2\/users\/3"}],"replies":[{"embeddable":true,"href":"https:\/\/comitegenero.tecdmx.org.mx\/index.php\/wp-json\/wp\/v2\/comments?post=2488"}],"version-history":[{"count":13,"href":"https:\/\/comitegenero.tecdmx.org.mx\/index.php\/wp-json\/wp\/v2\/pages\/2488\/revisions"}],"predecessor-version":[{"id":6903,"href":"https:\/\/comitegenero.tecdmx.org.mx\/index.php\/wp-json\/wp\/v2\/pages\/2488\/revisions\/6903"}],"wp:attachment":[{"href":"https:\/\/comitegenero.tecdmx.org.mx\/index.php\/wp-json\/wp\/v2\/media?parent=2488"}],"curies":[{"name":"wp","href":"https:\/\/api.w.org\/{rel}","templated":true}]}}